{"id":6192,"date":"2020-11-09T09:32:33","date_gmt":"2020-11-09T08:32:33","guid":{"rendered":"https:\/\/actisfurio.com\/?page_id=6192"},"modified":"2025-06-10T09:12:51","modified_gmt":"2025-06-10T07:12:51","slug":"qualitaet","status":"publish","type":"page","link":"https:\/\/www.actisfurio.com\/de\/das-unternehmen\/qualitaet\/","title":{"rendered":"Qualit\u00e4t"},"content":{"rendered":"\t\t<div data-elementor-type=\"wp-post\" data-elementor-id=\"6192\" class=\"elementor elementor-6192 elementor-2352\" data-elementor-settings=\"[]\">\n\t\t\t\t\t\t<div class=\"elementor-inner\">\n\t\t\t\t\t\t\t<div class=\"elementor-section-wrap\">\n\t\t\t\t\t\t\t<section class=\"elementor-section elementor-top-section elementor-element elementor-element-4eb1d62 elementor-section-boxed elementor-section-height-default elementor-section-height-default\" data-id=\"4eb1d62\" data-element_type=\"section\">\n\t\t\t\t\t\t<div class=\"elementor-container elementor-column-gap-extended\">\n\t\t\t\t\t\t\t<div class=\"elementor-row\">\n\t\t\t\t\t<div class=\"elementor-column elementor-col-50 elementor-top-column elementor-element elementor-element-c7cf5c7\" data-id=\"c7cf5c7\" data-element_type=\"column\">\n\t\t\t<div class=\"elementor-column-wrap elementor-element-populated\">\n\t\t\t\t\t\t\t<div class=\"elementor-widget-wrap\">\n\t\t\t\t\t\t<div class=\"elementor-element elementor-element-4b7b51f elementor-widget elementor-widget-heading\" data-id=\"4b7b51f\" data-element_type=\"widget\" data-widget_type=\"heading.default\">\n\t\t\t\t<div class=\"elementor-widget-container\">\n\t\t\t<h5 class=\"elementor-heading-title elementor-size-default\">Planen, zeichnen, messen bedeutet Gew\u00e4hrleistung von Qualit\u00e4t, Zuverl\u00e4ssigkeit und Vortrefflichkeit<\/h5>\t\t<\/div>\n\t\t\t\t<\/div>\n\t\t\t\t<div class=\"elementor-element elementor-element-e65294f elementor-widget elementor-widget-heading\" data-id=\"e65294f\" data-element_type=\"widget\" data-widget_type=\"heading.default\">\n\t\t\t\t<div class=\"elementor-widget-container\">\n\t\t\t<h3 class=\"elementor-heading-title elementor-size-default\">Leistungsf\u00e4higkeit und kontinuierliche Verbesserung<\/h3>\t\t<\/div>\n\t\t\t\t<\/div>\n\t\t\t\t<div class=\"elementor-element elementor-element-4ea1332 elementor-widget elementor-widget-text-editor\" data-id=\"4ea1332\" data-element_type=\"widget\" data-widget_type=\"text-editor.default\">\n\t\t\t\t<div class=\"elementor-widget-container\">\n\t\t\t\t\t<div class=\"elementor-text-editor elementor-clearfix\"><p>Zentraler Punk der Betriebst\u00e4tigkeit von ACTIS FURIO ist die Qualit\u00e4t. Bereits seit 2004 besteht ein den internationalen Normen entsprechendes <strong>Qualit\u00e4tsmanagementsystem<\/strong>. Dieser Wunsch der st\u00e4ndigen Verbesserung wird von der gesamten Belegschaft geteilt und dank der Beachtung der Details, der konstanten Kontrollen und dem Willen, die am besten entsprechende Option zu finden, umgesetzt. Jegliche Unternehmenst\u00e4tigkeit wird objektiv und anhand spezifischer dokumentierter Ziele und Indikatoren gemessen S\u00e4mtliche Abl\u00e4ufe sind daher geplant und werden umgesetzt und die Fertigung des Produkts wird in jedem Schritt auch durch die \u00dcberwachung der Kontroll- und Messvorrichtungen gew\u00e4hrleistet.<\/p><p>Das Ergebnis hei\u00dft, in einer auf den Erhalt der Zufriedenheit des Kunden, sowie auf ein respektvolles Gleichgewicht aller am Ablauf beteiligten Parteien abzielenden Umgebung zu produzieren und zu verkaufen . Eine ausgepr\u00e4gte Ausrichtung auf Qualit\u00e4t und Preise zielt dar\u00fcber hinaus auf den Erhalt der gr\u00f6\u00dften Wertsch\u00e4tzung und Treue seiner Kunden ab.<\/p><\/div>\n\t\t\t\t<\/div>\n\t\t\t\t<\/div>\n\t\t\t\t<div class=\"elementor-element elementor-element-1c969bc elementor-widget elementor-widget-heading\" data-id=\"1c969bc\" data-element_type=\"widget\" data-widget_type=\"heading.default\">\n\t\t\t\t<div class=\"elementor-widget-container\">\n\t\t\t<h3 class=\"elementor-heading-title elementor-size-default\">Der Weg der Zertifizierung<\/h3>\t\t<\/div>\n\t\t\t\t<\/div>\n\t\t\t\t<div class=\"elementor-element elementor-element-5207b03 elementor-widget elementor-widget-text-editor\" data-id=\"5207b03\" data-element_type=\"widget\" data-widget_type=\"text-editor.default\">\n\t\t\t\t<div class=\"elementor-widget-container\">\n\t\t\t\t\t<div class=\"elementor-text-editor elementor-clearfix\"><p>Seit <strong>2004<\/strong> ist ACTIS FURIO im Besitz der <strong>Qualit\u00e4tszertifizierung des Institutes \u201cCertiquality\u201d<\/strong>, eine auf die Zertifizierung der Unternehmensmanagementsysteme f\u00fcr Qualit\u00e4t, Umwelt und Sicherheit spezialisierte Stelle.<\/p><p><strong>2010<\/strong> hat\u00a0 ACTIS FURIO\u00a0 das <strong>Qualit\u00e4tszertifikat gem\u00e4\u00df der Norm 9001:2008<\/strong> erhalten und beschlossen, weiterhin den Prozess der kontinuierlichen Qualit\u00e4tsverbesserung zu verfolgen.<\/p><p><strong>2018<\/strong> hat es ein <strong>Qualit\u00e4tsmanagementsystem gem\u00e4\u00df der Norm UNI EN ISO 9001:2015<\/strong> umgesetzt und einen qualitativen Ansatz des Risikomanagements implementiert.<\/p><p>Die Verfolgung der Unternehmens-Vision und -Mission ist mithilfe von Qualit\u00e4tsgrunds\u00e4tzen, in die die Generaldirektion fest glaubt, m\u00f6glich und ohne die keine wirksamen Ergebnisse erhalten werden k\u00f6nnen.<\/p><p>Der Einsatz in der Anwendung dieses Systems mittels eines Verfahrens der Bestimmung und der Pr\u00fcfung verfolgt das Ziel, zum p\u00fcnktlichsten, vielseitigsten und zuverl\u00e4ssigsten Zulieferer von Blechen, Metallgeweben und Metallgittern auf dem internationalen Markt zu werden.<\/p><\/div>\n\t\t\t\t<\/div>\n\t\t\t\t<\/div>\n\t\t\t\t<section class=\"elementor-section elementor-inner-section elementor-element elementor-element-5e17a81 elementor-section-boxed elementor-section-height-default elementor-section-height-default\" data-id=\"5e17a81\" data-element_type=\"section\">\n\t\t\t\t\t\t<div class=\"elementor-container elementor-column-gap-default\">\n\t\t\t\t\t\t\t<div class=\"elementor-row\">\n\t\t\t\t\t<div class=\"elementor-column elementor-col-50 elementor-inner-column elementor-element elementor-element-af209e1\" data-id=\"af209e1\" data-element_type=\"column\">\n\t\t\t<div class=\"elementor-column-wrap elementor-element-populated\">\n\t\t\t\t\t\t\t<div class=\"elementor-widget-wrap\">\n\t\t\t\t\t\t<div class=\"elementor-element elementor-element-5ef5bb5 elementor-widget elementor-widget-image\" data-id=\"5ef5bb5\" data-element_type=\"widget\" data-widget_type=\"image.default\">\n\t\t\t\t<div class=\"elementor-widget-container\">\n\t\t\t\t\t<div class=\"elementor-image\">\n\t\t\t\t\t\t\t\t\t\t<img width=\"254\" height=\"300\" src=\"https:\/\/www.actisfurio.com\/wp-content\/uploads\/2025\/06\/IQNET_EN_RGB-254x300.png\" class=\"attachment-medium size-medium\" alt=\"\" loading=\"lazy\" srcset=\"https:\/\/www.actisfurio.com\/wp-content\/uploads\/2025\/06\/IQNET_EN_RGB-254x300.png 254w, https:\/\/www.actisfurio.com\/wp-content\/uploads\/2025\/06\/IQNET_EN_RGB.png 614w\" sizes=\"(max-width: 254px) 100vw, 254px\" \/>\t\t\t\t\t\t\t\t\t\t\t<\/div>\n\t\t\t\t<\/div>\n\t\t\t\t<\/div>\n\t\t\t\t\t\t<\/div>\n\t\t\t\t\t<\/div>\n\t\t<\/div>\n\t\t\t\t<div class=\"elementor-column elementor-col-50 elementor-inner-column elementor-element elementor-element-371c1b8\" data-id=\"371c1b8\" data-element_type=\"column\">\n\t\t\t<div class=\"elementor-column-wrap elementor-element-populated\">\n\t\t\t\t\t\t\t<div class=\"elementor-widget-wrap\">\n\t\t\t\t\t\t<div class=\"elementor-element elementor-element-4e912e4 elementor-widget elementor-widget-image\" data-id=\"4e912e4\" data-element_type=\"widget\" data-widget_type=\"image.default\">\n\t\t\t\t<div class=\"elementor-widget-container\">\n\t\t\t\t\t<div class=\"elementor-image\">\n\t\t\t\t\t\t\t\t\t\t<img width=\"300\" height=\"300\" src=\"https:\/\/www.actisfurio.com\/wp-content\/uploads\/2025\/06\/CQY_9.15_IT_RGB-300x300.png\" class=\"attachment-medium size-medium\" alt=\"\" loading=\"lazy\" srcset=\"https:\/\/www.actisfurio.com\/wp-content\/uploads\/2025\/06\/CQY_9.15_IT_RGB-300x300.png 300w, https:\/\/www.actisfurio.com\/wp-content\/uploads\/2025\/06\/CQY_9.15_IT_RGB-150x150.png 150w, https:\/\/www.actisfurio.com\/wp-content\/uploads\/2025\/06\/CQY_9.15_IT_RGB-66x66.png 66w, https:\/\/www.actisfurio.com\/wp-content\/uploads\/2025\/06\/CQY_9.15_IT_RGB.png 591w\" sizes=\"(max-width: 300px) 100vw, 300px\" \/>\t\t\t\t\t\t\t\t\t\t\t<\/div>\n\t\t\t\t<\/div>\n\t\t\t\t<\/div>\n\t\t\t\t\t\t<\/div>\n\t\t\t\t\t<\/div>\n\t\t<\/div>\n\t\t\t\t\t\t\t\t<\/div>\n\t\t\t\t\t<\/div>\n\t\t<\/section>\n\t\t\t\t\t\t<\/div>\n\t\t\t\t\t<\/div>\n\t\t<\/div>\n\t\t\t\t<div class=\"elementor-column elementor-col-50 elementor-top-column elementor-element elementor-element-2223052\" data-id=\"2223052\" data-element_type=\"column\">\n\t\t\t<div class=\"elementor-column-wrap elementor-element-populated\">\n\t\t\t\t\t\t\t<div class=\"elementor-widget-wrap\">\n\t\t\t\t\t\t<section class=\"elementor-section elementor-inner-section elementor-element elementor-element-c7417ad elementor-section-boxed elementor-section-height-default elementor-section-height-default\" data-id=\"c7417ad\" data-element_type=\"section\" data-settings=\"{&quot;background_background&quot;:&quot;classic&quot;}\">\n\t\t\t\t\t\t<div class=\"elementor-container elementor-column-gap-default\">\n\t\t\t\t\t\t\t<div class=\"elementor-row\">\n\t\t\t\t\t<div class=\"elementor-column elementor-col-100 elementor-inner-column elementor-element elementor-element-c96b679\" data-id=\"c96b679\" data-element_type=\"column\">\n\t\t\t<div class=\"elementor-column-wrap elementor-element-populated\">\n\t\t\t\t\t\t\t<div class=\"elementor-widget-wrap\">\n\t\t\t\t\t\t<div class=\"elementor-element elementor-element-c8435e4 elementor-widget elementor-widget-heading\" data-id=\"c8435e4\" data-element_type=\"widget\" data-widget_type=\"heading.default\">\n\t\t\t\t<div class=\"elementor-widget-container\">\n\t\t\t<h4 class=\"elementor-heading-title elementor-size-default\">Download<\/h4>\t\t<\/div>\n\t\t\t\t<\/div>\n\t\t\t\t<div class=\"elementor-element elementor-element-72d2983 elementor-align-center elementor-widget elementor-widget-ibutton\" data-id=\"72d2983\" data-element_type=\"widget\" data-widget_type=\"ibutton.default\">\n\t\t\t\t<div class=\"elementor-widget-container\">\n\t\t\t\t\t<div class=\"ot-button\">\n\t\t\t<a href=\"https:\/\/www.actisfurio.com\/wp-content\/uploads\/2025\/06\/8173_250527_UN.pdf\" target=\"_blank\" class=\"btn btn-main has-icon\"><span>ZERTIFIKATE<\/span> <i class=\"far fa-file-pdf\"><\/i><\/a>\n\t    <\/div>\n\t    \t\t<\/div>\n\t\t\t\t<\/div>\n\t\t\t\t<div class=\"elementor-element elementor-element-cb9a147 elementor-align-center elementor-widget elementor-widget-ibutton\" data-id=\"cb9a147\" data-element_type=\"widget\" data-widget_type=\"ibutton.default\">\n\t\t\t\t<div class=\"elementor-widget-container\">\n\t\t\t\t\t<div class=\"ot-button\">\n\t\t\t<a href=\"https:\/\/www.actisfurio.com\/wp-content\/uploads\/2025\/04\/Politica-della-qualita.pdf\" target=\"_blank\" class=\"btn btn-main has-icon\"><span>QUALIT\u00c4TSKONZEPT<\/span> <i class=\"far fa-file-pdf\"><\/i><\/a>\n\t    <\/div>\n\t    \t\t<\/div>\n\t\t\t\t<\/div>\n\t\t\t\t\t\t<\/div>\n\t\t\t\t\t<\/div>\n\t\t<\/div>\n\t\t\t\t\t\t\t\t<\/div>\n\t\t\t\t\t<\/div>\n\t\t<\/section>\n\t\t\t\t\t\t<\/div>\n\t\t\t\t\t<\/div>\n\t\t<\/div>\n\t\t\t\t\t\t\t\t<\/div>\n\t\t\t\t\t<\/div>\n\t\t<\/section>\n\t\t\t\t\t\t<\/div>\n\t\t\t\t\t\t<\/div>\n\t\t\t\t\t<\/div>\n\t\t","protected":false},"excerpt":{"rendered":"<p>Planen, zeichnen, messen bedeutet Gew\u00e4hrleistung von Qualit\u00e4t, Zuverl\u00e4ssigkeit und Vortrefflichkeit Leistungsf\u00e4higkeit und kontinuierliche Verbesserung Zentraler Punk der Betriebst\u00e4tigkeit von ACTIS FURIO ist die Qualit\u00e4t. Bereits seit 2004 besteht ein den internationalen Normen entsprechendes Qualit\u00e4tsmanagementsystem. Dieser Wunsch der st\u00e4ndigen Verbesserung wird von der gesamten Belegschaft geteilt und dank der Beachtung der Details, der konstanten Kontrollen und [&hellip;]<\/p>\n","protected":false},"author":1,"featured_media":2302,"parent":6190,"menu_order":0,"comment_status":"closed","ping_status":"closed","template":"","meta":[],"yoast_head":"<!-- This site is optimized with the Yoast SEO plugin v17.6 - https:\/\/yoast.com\/wordpress\/plugins\/seo\/ -->\n<title>Qualit\u00e4t<\/title>\n<meta name=\"robots\" content=\"index, follow, max-snippet:-1, max-image-preview:large, max-video-preview:-1\" \/>\n<link rel=\"canonical\" href=\"https:\/\/www.actisfurio.com\/de\/das-unternehmen\/qualitaet\/\" \/>\n<meta property=\"og:locale\" content=\"de_DE\" \/>\n<meta property=\"og:type\" content=\"article\" \/>\n<meta property=\"og:title\" content=\"Qualit\u00e4t\" \/>\n<meta property=\"og:description\" content=\"Planen, zeichnen, messen bedeutet Gew\u00e4hrleistung von Qualit\u00e4t, Zuverl\u00e4ssigkeit und Vortrefflichkeit Leistungsf\u00e4higkeit und kontinuierliche Verbesserung Zentraler Punk der Betriebst\u00e4tigkeit von ACTIS FURIO ist die Qualit\u00e4t. Bereits seit 2004 besteht ein den internationalen Normen entsprechendes Qualit\u00e4tsmanagementsystem. Dieser Wunsch der st\u00e4ndigen Verbesserung wird von der gesamten Belegschaft geteilt und dank der Beachtung der Details, der konstanten Kontrollen und [&hellip;]\" \/>\n<meta property=\"og:url\" content=\"https:\/\/www.actisfurio.com\/de\/das-unternehmen\/qualitaet\/\" \/>\n<meta property=\"og:site_name\" content=\"Actis Furio\" \/>\n<meta property=\"article:publisher\" content=\"https:\/\/www.facebook.com\/actisfurio\/\" \/>\n<meta property=\"article:modified_time\" content=\"2025-06-10T07:12:51+00:00\" \/>\n<meta property=\"og:image\" content=\"https:\/\/www.actisfurio.com\/wp-content\/uploads\/2020\/05\/about4.jpg\" \/>\n\t<meta property=\"og:image:width\" content=\"1200\" \/>\n\t<meta property=\"og:image:height\" content=\"400\" \/>\n<meta name=\"twitter:card\" content=\"summary_large_image\" \/>\n<meta name=\"twitter:label1\" content=\"Gesch\u00e4tzte Lesezeit\" \/>\n\t<meta name=\"twitter:data1\" content=\"2\u00a0Minuten\" \/>\n<script type=\"application\/ld+json\" class=\"yoast-schema-graph\">{\"@context\":\"https:\/\/schema.org\",\"@graph\":[{\"@type\":\"Organization\",\"@id\":\"https:\/\/www.actisfurio.com\/#organization\",\"name\":\"Actis Furio S.r.l.\",\"url\":\"https:\/\/www.actisfurio.com\/\",\"sameAs\":[\"https:\/\/www.facebook.com\/actisfurio\/\",\"https:\/\/www.youtube.com\/channel\/UCRnAgFJIsFSmzi1HJ9jwQZA\"],\"logo\":{\"@type\":\"ImageObject\",\"@id\":\"https:\/\/www.actisfurio.com\/#logo\",\"inLanguage\":\"de\",\"url\":\"https:\/\/www.actisfurio.com\/wp-content\/uploads\/2020\/04\/logo-Actis-Blu-400x160-1.png\",\"contentUrl\":\"https:\/\/www.actisfurio.com\/wp-content\/uploads\/2020\/04\/logo-Actis-Blu-400x160-1.png\",\"width\":400,\"height\":157,\"caption\":\"Actis Furio S.r.l.\"},\"image\":{\"@id\":\"https:\/\/www.actisfurio.com\/#logo\"}},{\"@type\":\"WebSite\",\"@id\":\"https:\/\/www.actisfurio.com\/#website\",\"url\":\"https:\/\/www.actisfurio.com\/\",\"name\":\"Actis Furio\",\"description\":\"Lamiere forate e reti metalliche\",\"publisher\":{\"@id\":\"https:\/\/www.actisfurio.com\/#organization\"},\"potentialAction\":[{\"@type\":\"SearchAction\",\"target\":{\"@type\":\"EntryPoint\",\"urlTemplate\":\"https:\/\/www.actisfurio.com\/?s={search_term_string}\"},\"query-input\":\"required name=search_term_string\"}],\"inLanguage\":\"de\"},{\"@type\":\"ImageObject\",\"@id\":\"https:\/\/www.actisfurio.com\/de\/das-unternehmen\/qualitaet\/#primaryimage\",\"inLanguage\":\"de\",\"url\":\"https:\/\/www.actisfurio.com\/wp-content\/uploads\/2020\/05\/about4.jpg\",\"contentUrl\":\"https:\/\/www.actisfurio.com\/wp-content\/uploads\/2020\/05\/about4.jpg\",\"width\":1200,\"height\":400},{\"@type\":\"WebPage\",\"@id\":\"https:\/\/www.actisfurio.com\/de\/das-unternehmen\/qualitaet\/#webpage\",\"url\":\"https:\/\/www.actisfurio.com\/de\/das-unternehmen\/qualitaet\/\",\"name\":\"Qualit\\u00e4t\",\"isPartOf\":{\"@id\":\"https:\/\/www.actisfurio.com\/#website\"},\"primaryImageOfPage\":{\"@id\":\"https:\/\/www.actisfurio.com\/de\/das-unternehmen\/qualitaet\/#primaryimage\"},\"datePublished\":\"2020-11-09T08:32:33+00:00\",\"dateModified\":\"2025-06-10T07:12:51+00:00\",\"breadcrumb\":{\"@id\":\"https:\/\/www.actisfurio.com\/de\/das-unternehmen\/qualitaet\/#breadcrumb\"},\"inLanguage\":\"de\",\"potentialAction\":[{\"@type\":\"ReadAction\",\"target\":[\"https:\/\/www.actisfurio.com\/de\/das-unternehmen\/qualitaet\/\"]}]},{\"@type\":\"BreadcrumbList\",\"@id\":\"https:\/\/www.actisfurio.com\/de\/das-unternehmen\/qualitaet\/#breadcrumb\",\"itemListElement\":[{\"@type\":\"ListItem\",\"position\":1,\"name\":\"Home\",\"item\":\"https:\/\/www.actisfurio.com\/de\/home-de\/\"},{\"@type\":\"ListItem\",\"position\":2,\"name\":\"Das Unternehmen\",\"item\":\"https:\/\/www.actisfurio.com\/de\/das-unternehmen\/\"},{\"@type\":\"ListItem\",\"position\":3,\"name\":\"Qualit\\u00e4t\"}]}]}<\/script>\n<!-- \/ Yoast SEO plugin. -->","yoast_head_json":{"title":"Qualit\u00e4t","robots":{"index":"index","follow":"follow","max-snippet":"max-snippet:-1","max-image-preview":"max-image-preview:large","max-video-preview":"max-video-preview:-1"},"canonical":"https:\/\/www.actisfurio.com\/de\/das-unternehmen\/qualitaet\/","og_locale":"de_DE","og_type":"article","og_title":"Qualit\u00e4t","og_description":"Planen, zeichnen, messen bedeutet Gew\u00e4hrleistung von Qualit\u00e4t, Zuverl\u00e4ssigkeit und Vortrefflichkeit Leistungsf\u00e4higkeit und kontinuierliche Verbesserung Zentraler Punk der Betriebst\u00e4tigkeit von ACTIS FURIO ist die Qualit\u00e4t. Bereits seit 2004 besteht ein den internationalen Normen entsprechendes Qualit\u00e4tsmanagementsystem. Dieser Wunsch der st\u00e4ndigen Verbesserung wird von der gesamten Belegschaft geteilt und dank der Beachtung der Details, der konstanten Kontrollen und [&hellip;]","og_url":"https:\/\/www.actisfurio.com\/de\/das-unternehmen\/qualitaet\/","og_site_name":"Actis Furio","article_publisher":"https:\/\/www.facebook.com\/actisfurio\/","article_modified_time":"2025-06-10T07:12:51+00:00","og_image":[{"width":1200,"height":400,"url":"https:\/\/www.actisfurio.com\/wp-content\/uploads\/2020\/05\/about4.jpg","type":"image\/jpeg"}],"twitter_card":"summary_large_image","twitter_misc":{"Gesch\u00e4tzte Lesezeit":"2\u00a0Minuten"},"schema":{"@context":"https:\/\/schema.org","@graph":[{"@type":"Organization","@id":"https:\/\/www.actisfurio.com\/#organization","name":"Actis Furio S.r.l.","url":"https:\/\/www.actisfurio.com\/","sameAs":["https:\/\/www.facebook.com\/actisfurio\/","https:\/\/www.youtube.com\/channel\/UCRnAgFJIsFSmzi1HJ9jwQZA"],"logo":{"@type":"ImageObject","@id":"https:\/\/www.actisfurio.com\/#logo","inLanguage":"de","url":"https:\/\/www.actisfurio.com\/wp-content\/uploads\/2020\/04\/logo-Actis-Blu-400x160-1.png","contentUrl":"https:\/\/www.actisfurio.com\/wp-content\/uploads\/2020\/04\/logo-Actis-Blu-400x160-1.png","width":400,"height":157,"caption":"Actis Furio S.r.l."},"image":{"@id":"https:\/\/www.actisfurio.com\/#logo"}},{"@type":"WebSite","@id":"https:\/\/www.actisfurio.com\/#website","url":"https:\/\/www.actisfurio.com\/","name":"Actis Furio","description":"Lamiere forate e reti metalliche","publisher":{"@id":"https:\/\/www.actisfurio.com\/#organization"},"potentialAction":[{"@type":"SearchAction","target":{"@type":"EntryPoint","urlTemplate":"https:\/\/www.actisfurio.com\/?s={search_term_string}"},"query-input":"required name=search_term_string"}],"inLanguage":"de"},{"@type":"ImageObject","@id":"https:\/\/www.actisfurio.com\/de\/das-unternehmen\/qualitaet\/#primaryimage","inLanguage":"de","url":"https:\/\/www.actisfurio.com\/wp-content\/uploads\/2020\/05\/about4.jpg","contentUrl":"https:\/\/www.actisfurio.com\/wp-content\/uploads\/2020\/05\/about4.jpg","width":1200,"height":400},{"@type":"WebPage","@id":"https:\/\/www.actisfurio.com\/de\/das-unternehmen\/qualitaet\/#webpage","url":"https:\/\/www.actisfurio.com\/de\/das-unternehmen\/qualitaet\/","name":"Qualit\u00e4t","isPartOf":{"@id":"https:\/\/www.actisfurio.com\/#website"},"primaryImageOfPage":{"@id":"https:\/\/www.actisfurio.com\/de\/das-unternehmen\/qualitaet\/#primaryimage"},"datePublished":"2020-11-09T08:32:33+00:00","dateModified":"2025-06-10T07:12:51+00:00","breadcrumb":{"@id":"https:\/\/www.actisfurio.com\/de\/das-unternehmen\/qualitaet\/#breadcrumb"},"inLanguage":"de","potentialAction":[{"@type":"ReadAction","target":["https:\/\/www.actisfurio.com\/de\/das-unternehmen\/qualitaet\/"]}]},{"@type":"BreadcrumbList","@id":"https:\/\/www.actisfurio.com\/de\/das-unternehmen\/qualitaet\/#breadcrumb","itemListElement":[{"@type":"ListItem","position":1,"name":"Home","item":"https:\/\/www.actisfurio.com\/de\/home-de\/"},{"@type":"ListItem","position":2,"name":"Das Unternehmen","item":"https:\/\/www.actisfurio.com\/de\/das-unternehmen\/"},{"@type":"ListItem","position":3,"name":"Qualit\u00e4t"}]}]}},"_links":{"self":[{"href":"https:\/\/www.actisfurio.com\/de\/wp-json\/wp\/v2\/pages\/6192"}],"collection":[{"href":"https:\/\/www.actisfurio.com\/de\/wp-json\/wp\/v2\/pages"}],"about":[{"href":"https:\/\/www.actisfurio.com\/de\/wp-json\/wp\/v2\/types\/page"}],"author":[{"embeddable":true,"href":"https:\/\/www.actisfurio.com\/de\/wp-json\/wp\/v2\/users\/1"}],"replies":[{"embeddable":true,"href":"https:\/\/www.actisfurio.com\/de\/wp-json\/wp\/v2\/comments?post=6192"}],"version-history":[{"count":23,"href":"https:\/\/www.actisfurio.com\/de\/wp-json\/wp\/v2\/pages\/6192\/revisions"}],"predecessor-version":[{"id":8852,"href":"https:\/\/www.actisfurio.com\/de\/wp-json\/wp\/v2\/pages\/6192\/revisions\/8852"}],"up":[{"embeddable":true,"href":"https:\/\/www.actisfurio.com\/de\/wp-json\/wp\/v2\/pages\/6190"}],"wp:featuredmedia":[{"embeddable":true,"href":"https:\/\/www.actisfurio.com\/de\/wp-json\/wp\/v2\/media\/2302"}],"wp:attachment":[{"href":"https:\/\/www.actisfurio.com\/de\/wp-json\/wp\/v2\/media?parent=6192"}],"curies":[{"name":"wp","href":"https:\/\/api.w.org\/{rel}","templated":true}]}}