{"id":6241,"date":"2020-11-09T09:46:39","date_gmt":"2020-11-09T08:46:39","guid":{"rendered":"https:\/\/actisfurio.com\/?page_id=6241"},"modified":"2020-12-02T11:25:26","modified_gmt":"2020-12-02T10:25:26","slug":"gekreuztes-gewebe-mit-fischgraetenmuster","status":"publish","type":"page","link":"https:\/\/www.actisfurio.com\/de\/produkte\/metallgewebe\/gekreuztes-gewebe-mit-fischgraetenmuster\/","title":{"rendered":"Gekreuztes Gewebe mit Fischgr\u00e4tenmuster"},"content":{"rendered":"\t\t<div data-elementor-type=\"wp-post\" data-elementor-id=\"6241\" class=\"elementor elementor-6241 elementor-3199\" data-elementor-settings=\"[]\">\n\t\t\t\t\t\t<div class=\"elementor-inner\">\n\t\t\t\t\t\t\t<div class=\"elementor-section-wrap\">\n\t\t\t\t\t\t\t<section class=\"elementor-section elementor-top-section elementor-element elementor-element-4eb1d62 elementor-section-boxed elementor-section-height-default elementor-section-height-default\" data-id=\"4eb1d62\" data-element_type=\"section\">\n\t\t\t\t\t\t<div class=\"elementor-container elementor-column-gap-extended\">\n\t\t\t\t\t\t\t<div class=\"elementor-row\">\n\t\t\t\t\t<div class=\"elementor-column elementor-col-66 elementor-top-column elementor-element elementor-element-c7cf5c7\" data-id=\"c7cf5c7\" data-element_type=\"column\">\n\t\t\t<div class=\"elementor-column-wrap elementor-element-populated\">\n\t\t\t\t\t\t\t<div class=\"elementor-widget-wrap\">\n\t\t\t\t\t\t<div class=\"elementor-element elementor-element-4ea1332 elementor-widget elementor-widget-text-editor\" data-id=\"4ea1332\" data-element_type=\"widget\" data-widget_type=\"text-editor.default\">\n\t\t\t\t<div class=\"elementor-widget-container\">\n\t\t\t\t\t<div class=\"elementor-text-editor elementor-clearfix\"><p>Die Unregelm\u00e4\u00dfigkeit der Metallgewebe mit gekreuztem Gewebe kann teilweise mit den Geweben mit Fischgr\u00e4tenmustern behoben werden, da diese gefertigt werden, indem in regelm\u00e4\u00dfigen Abst\u00e4nden in der H\u00f6he die Kreuzrichtung der Dr\u00e4hte je nach der H\u00f6he selbst umgekehrt wird. Auf diese Weise wird die Spannung kompensiert und die Verformung des Gewebes ist weniger offensichtlich.<\/p><\/div>\n\t\t\t\t<\/div>\n\t\t\t\t<\/div>\n\t\t\t\t\t\t<\/div>\n\t\t\t\t\t<\/div>\n\t\t<\/div>\n\t\t\t\t<div class=\"elementor-column elementor-col-33 elementor-top-column elementor-element elementor-element-6c0e406\" data-id=\"6c0e406\" data-element_type=\"column\">\n\t\t\t<div class=\"elementor-column-wrap elementor-element-populated\">\n\t\t\t\t\t\t\t<div class=\"elementor-widget-wrap\">\n\t\t\t\t\t\t<div class=\"elementor-element elementor-element-df2760d elementor-widget elementor-widget-image\" data-id=\"df2760d\" data-element_type=\"widget\" data-widget_type=\"image.default\">\n\t\t\t\t<div class=\"elementor-widget-container\">\n\t\t\t\t\t<div class=\"elementor-image\">\n\t\t\t\t\t\t\t\t\t\t<img width=\"518\" height=\"209\" src=\"https:\/\/www.actisfurio.com\/wp-content\/uploads\/2020\/07\/tessuto-crociato-spigato.png\" class=\"attachment-large size-large\" alt=\"\" loading=\"lazy\" srcset=\"https:\/\/www.actisfurio.com\/wp-content\/uploads\/2020\/07\/tessuto-crociato-spigato.png 518w, https:\/\/www.actisfurio.com\/wp-content\/uploads\/2020\/07\/tessuto-crociato-spigato-300x121.png 300w\" sizes=\"(max-width: 518px) 100vw, 518px\" \/>\t\t\t\t\t\t\t\t\t\t\t<\/div>\n\t\t\t\t<\/div>\n\t\t\t\t<\/div>\n\t\t\t\t\t\t<\/div>\n\t\t\t\t\t<\/div>\n\t\t<\/div>\n\t\t\t\t\t\t\t\t<\/div>\n\t\t\t\t\t<\/div>\n\t\t<\/section>\n\t\t\t\t<section class=\"elementor-section elementor-top-section elementor-element elementor-element-1e4683c elementor-section-boxed elementor-section-height-default elementor-section-height-default\" data-id=\"1e4683c\" data-element_type=\"section\" data-settings=\"{&quot;background_background&quot;:&quot;classic&quot;}\">\n\t\t\t\t\t\t<div class=\"elementor-container elementor-column-gap-default\">\n\t\t\t\t\t\t\t<div class=\"elementor-row\">\n\t\t\t\t\t<div class=\"elementor-column elementor-col-100 elementor-top-column elementor-element elementor-element-ab53b8b\" data-id=\"ab53b8b\" data-element_type=\"column\">\n\t\t\t<div class=\"elementor-column-wrap elementor-element-populated\">\n\t\t\t\t\t\t\t<div class=\"elementor-widget-wrap\">\n\t\t\t\t\t\t<div class=\"elementor-element elementor-element-739d201 elementor-widget elementor-widget-template\" data-id=\"739d201\" data-element_type=\"widget\" data-widget_type=\"template.default\">\n\t\t\t\t<div class=\"elementor-widget-container\">\n\t\t\t\t\t<div class=\"elementor-template\">\n\t\t\t\t\t<div data-elementor-type=\"section\" data-elementor-id=\"6301\" class=\"elementor elementor-6301 elementor-2634\" data-elementor-settings=\"[]\">\n\t\t<div class=\"elementor-section-wrap\">\n\t\t\t\t\t<section class=\"elementor-section elementor-top-section elementor-element elementor-element-6da12d90 elementor-section-boxed elementor-section-height-default elementor-section-height-default\" data-id=\"6da12d90\" data-element_type=\"section\" data-settings=\"{&quot;background_background&quot;:&quot;classic&quot;}\">\n\t\t\t\t\t\t<div class=\"elementor-container elementor-column-gap-default\">\n\t\t\t\t\t\t\t<div class=\"elementor-row\">\n\t\t\t\t\t<div class=\"elementor-column elementor-col-100 elementor-top-column elementor-element elementor-element-6b03f212\" data-id=\"6b03f212\" data-element_type=\"column\">\n\t\t\t<div class=\"elementor-column-wrap elementor-element-populated\">\n\t\t\t\t\t\t\t<div class=\"elementor-widget-wrap\">\n\t\t\t\t\t\t<div class=\"elementor-element elementor-element-5f62d164 elementor-widget elementor-widget-iheading\" data-id=\"5f62d164\" data-element_type=\"widget\" data-widget_type=\"iheading.default\">\n\t\t\t\t<div class=\"elementor-widget-container\">\n\t\t\t\t\t<div class=\"section-head\">\n\t        \t            <h6 class=\"text-primary\">FORDERN SIE INFORMATIONEN UND PREISE AN<\/h6>\n\t        \t        <h2 class=\"section-title\">Kontaktieren Sie uns unverz\u00fcglich <span class=\"text-primary\"><\/span><\/h2>\n\t        \t    <\/div>\n\t    \t\t<\/div>\n\t\t\t\t<\/div>\n\t\t\t\t<div class=\"elementor-element elementor-element-236e360 elementor-widget elementor-widget-text-editor\" data-id=\"236e360\" data-element_type=\"widget\" data-widget_type=\"text-editor.default\">\n\t\t\t\t<div class=\"elementor-widget-container\">\n\t\t\t\t\t<div class=\"elementor-text-editor elementor-clearfix\"><p>Nicht an Privatpersonen verkaufen<\/p><\/div>\n\t\t\t\t<\/div>\n\t\t\t\t<\/div>\n\t\t\t\t<div class=\"elementor-element elementor-element-23aa2e6b elementor-button-align-stretch elementor-widget elementor-widget-form\" data-id=\"23aa2e6b\" data-element_type=\"widget\" data-settings=\"{&quot;step_next_label&quot;:&quot;Successivo&quot;,&quot;step_previous_label&quot;:&quot;Precedente&quot;,&quot;button_width&quot;:&quot;100&quot;,&quot;step_type&quot;:&quot;number_text&quot;,&quot;step_icon_shape&quot;:&quot;circle&quot;}\" data-widget_type=\"form.default\">\n\t\t\t\t<div class=\"elementor-widget-container\">\n\t\t\t\t\t<form class=\"elementor-form\" method=\"post\" id=\"form-cat-prod\" name=\"Nuovo modulo\">\n\t\t\t<input type=\"hidden\" name=\"post_id\" value=\"6301\"\/>\n\t\t\t<input type=\"hidden\" name=\"form_id\" value=\"23aa2e6b\"\/>\n\n\t\t\t\n\t\t\t<div class=\"elementor-form-fields-wrapper elementor-labels-above\">\n\t\t\t\t\t\t\t\t<div class=\"elementor-field-type-text elementor-field-group elementor-column elementor-field-group-name elementor-col-25 elementor-field-required elementor-mark-required\">\n\t\t\t\t\t<label for=\"form-field-name\" class=\"elementor-field-label\">Vor- und Nachname<\/label><input size=\"1\" type=\"text\" name=\"form_fields[name]\" id=\"form-field-name\" class=\"elementor-field elementor-size-sm  elementor-field-textual\" required=\"required\" aria-required=\"true\">\t\t\t\t<\/div>\n\t\t\t\t\t\t\t\t<div class=\"elementor-field-type-email elementor-field-group elementor-column elementor-field-group-email elementor-col-25 elementor-field-required elementor-mark-required\">\n\t\t\t\t\t<label for=\"form-field-email\" class=\"elementor-field-label\">E-Mail-Adresse<\/label><input size=\"1\" type=\"email\" name=\"form_fields[email]\" id=\"form-field-email\" class=\"elementor-field elementor-size-sm  elementor-field-textual\" required=\"required\" aria-required=\"true\">\t\t\t\t<\/div>\n\t\t\t\t\t\t\t\t<div class=\"elementor-field-type-text elementor-field-group elementor-column elementor-field-group-telefono elementor-col-25\">\n\t\t\t\t\t<label for=\"form-field-telefono\" class=\"elementor-field-label\">Tel.-Nr.<\/label><input size=\"1\" type=\"text\" name=\"form_fields[telefono]\" id=\"form-field-telefono\" class=\"elementor-field elementor-size-sm  elementor-field-textual\">\t\t\t\t<\/div>\n\t\t\t\t\t\t\t\t<div class=\"elementor-field-type-text elementor-field-group elementor-column elementor-field-group-aziendaprivato elementor-col-25 elementor-field-required elementor-mark-required\">\n\t\t\t\t\t<label for=\"form-field-aziendaprivato\" class=\"elementor-field-label\">Unternehmen<\/label><input size=\"1\" type=\"text\" name=\"form_fields[aziendaprivato]\" id=\"form-field-aziendaprivato\" class=\"elementor-field elementor-size-sm  elementor-field-textual\" required=\"required\" aria-required=\"true\">\t\t\t\t<\/div>\n\t\t\t\t\t\t\t\t<div class=\"elementor-field-type-textarea elementor-field-group elementor-column elementor-field-group-message elementor-col-100\">\n\t\t\t\t\t<label for=\"form-field-message\" class=\"elementor-field-label\">Anfrage<\/label><textarea class=\"elementor-field-textual elementor-field  elementor-size-sm\" name=\"form_fields[message]\" id=\"form-field-message\" rows=\"2\"><\/textarea>\t\t\t\t<\/div>\n\t\t\t\t\t\t\t\t<div class=\"elementor-field-type-acceptance elementor-field-group elementor-column elementor-field-group-privacy elementor-col-100 elementor-field-required elementor-mark-required\">\n\t\t\t\t\t<div class=\"elementor-field-subgroup\"><span class=\"elementor-field-option\"><input type=\"checkbox\" name=\"form_fields[privacy]\" id=\"form-field-privacy\" class=\"elementor-field elementor-size-sm  elementor-acceptance-field\" required=\"required\" aria-required=\"true\"> <label for=\"form-field-privacy\">* <small>Ich stimme der Behandlung meiner personenbezogenen Daten gem\u00e4\u00df Ihrer <a href=\"https:\/\/www.actisfurio.com\/de\/privacy-cookie-policy\/\" target=\"_blank\">Privacy Policy<\/a><\/small><\/label><\/span><\/div>\t\t\t\t<\/div>\n\t\t\t\t\t\t\t\t<div class=\"elementor-field-type-text\">\n\t\t\t\t\t<input size=\"1\" type=\"text\" name=\"form_fields[field_82d8620]\" id=\"form-field-field_82d8620\" class=\"elementor-field elementor-size-sm \" style=\"display:none !important;\">\t\t\t\t<\/div>\n\t\t\t\t\t\t\t\t<div class=\"elementor-field-type-hidden elementor-field-group elementor-column elementor-field-group-idcontatto elementor-col-100\">\n\t\t\t\t\t<input size=\"1\" type=\"hidden\" name=\"form_fields[idcontatto]\" id=\"form-field-idcontatto\" class=\"elementor-field elementor-size-sm  elementor-field-textual\">\t\t\t\t<\/div>\n\t\t\t\t\t\t\t\t<div class=\"elementor-field-group elementor-column elementor-field-type-submit elementor-col-100 e-form__buttons\">\n\t\t\t\t\t<button type=\"submit\" class=\"elementor-button elementor-size-md\">\n\t\t\t\t\t\t<span >\n\t\t\t\t\t\t\t\t\t\t\t\t\t\t\t<span class=\" elementor-button-icon\">\n\t\t\t\t\t\t\t\t\t\t\t\t\t\t\t\t\t\t\t\t\t\t\t\t\t\t<\/span>\n\t\t\t\t\t\t\t\t\t\t\t\t\t\t\t\t\t\t\t\t\t\t<span class=\"elementor-button-text\">Senden<\/span>\n\t\t\t\t\t\t\t\t\t\t\t\t\t<\/span>\n\t\t\t\t\t<\/button>\n\t\t\t\t<\/div>\n\t\t\t<\/div>\n\t\t<\/form>\n\t\t\t\t<\/div>\n\t\t\t\t<\/div>\n\t\t\t\t\t\t<\/div>\n\t\t\t\t\t<\/div>\n\t\t<\/div>\n\t\t\t\t\t\t\t\t<\/div>\n\t\t\t\t\t<\/div>\n\t\t<\/section>\n\t\t\t\t<\/div>\n\t\t<\/div>\n\t\t\t\t<\/div>\n\t\t\t\t<\/div>\n\t\t\t\t<\/div>\n\t\t\t\t\t\t<\/div>\n\t\t\t\t\t<\/div>\n\t\t<\/div>\n\t\t\t\t\t\t\t\t<\/div>\n\t\t\t\t\t<\/div>\n\t\t<\/section>\n\t\t\t\t\t\t<\/div>\n\t\t\t\t\t\t<\/div>\n\t\t\t\t\t<\/div>\n\t\t","protected":false},"excerpt":{"rendered":"<p>Die Unregelm\u00e4\u00dfigkeit der Metallgewebe mit gekreuztem Gewebe kann teilweise mit den Geweben mit Fischgr\u00e4tenmustern behoben werden, da diese gefertigt werden, indem in regelm\u00e4\u00dfigen Abst\u00e4nden in der H\u00f6he die Kreuzrichtung der Dr\u00e4hte je nach der H\u00f6he selbst umgekehrt wird. Auf diese Weise wird die Spannung kompensiert und die Verformung des Gewebes ist weniger offensichtlich.<\/p>\n","protected":false},"author":1,"featured_media":3179,"parent":6237,"menu_order":0,"comment_status":"closed","ping_status":"closed","template":"","meta":[],"yoast_head":"<!-- This site is optimized with the Yoast SEO plugin v17.6 - https:\/\/yoast.com\/wordpress\/plugins\/seo\/ -->\n<title>Metallgewebe mit Fischgr\u00e4tenmuster<\/title>\n<meta name=\"description\" content=\"Metallgewebe mit Fischgr\u00e4tenmuster entsteht durch die Richtungs\u00e4nderung der Kreuzung in regelm\u00e4\u00dfigen Abst\u00e4nden. Auf diese Weise wird die Straffheit kompensiert, und eine Verformung des Gewebes wird somit vermieden.\" \/>\n<meta name=\"robots\" content=\"index, follow, max-snippet:-1, max-image-preview:large, max-video-preview:-1\" \/>\n<link rel=\"canonical\" href=\"https:\/\/www.actisfurio.com\/de\/produkte\/metallgewebe\/gekreuztes-gewebe-mit-fischgraetenmuster\/\" \/>\n<meta property=\"og:locale\" content=\"de_DE\" \/>\n<meta property=\"og:type\" content=\"article\" \/>\n<meta property=\"og:title\" content=\"Metallgewebe mit Fischgr\u00e4tenmuster\" \/>\n<meta property=\"og:description\" content=\"Metallgewebe mit Fischgr\u00e4tenmuster entsteht durch die Richtungs\u00e4nderung der Kreuzung in regelm\u00e4\u00dfigen Abst\u00e4nden. Auf diese Weise wird die Straffheit kompensiert, und eine Verformung des Gewebes wird somit vermieden.\" \/>\n<meta property=\"og:url\" content=\"https:\/\/www.actisfurio.com\/de\/produkte\/metallgewebe\/gekreuztes-gewebe-mit-fischgraetenmuster\/\" \/>\n<meta property=\"og:site_name\" content=\"Actis Furio\" \/>\n<meta property=\"article:publisher\" content=\"https:\/\/www.facebook.com\/actisfurio\/\" \/>\n<meta property=\"article:modified_time\" content=\"2020-12-02T10:25:26+00:00\" \/>\n<meta property=\"og:image\" content=\"https:\/\/www.actisfurio.com\/wp-content\/uploads\/2020\/06\/tele-metalliche.jpg\" \/>\n\t<meta property=\"og:image:width\" content=\"1200\" \/>\n\t<meta property=\"og:image:height\" content=\"800\" \/>\n<meta name=\"twitter:card\" content=\"summary_large_image\" \/>\n<script type=\"application\/ld+json\" class=\"yoast-schema-graph\">{\"@context\":\"https:\/\/schema.org\",\"@graph\":[{\"@type\":\"Organization\",\"@id\":\"https:\/\/www.actisfurio.com\/#organization\",\"name\":\"Actis Furio S.r.l.\",\"url\":\"https:\/\/www.actisfurio.com\/\",\"sameAs\":[\"https:\/\/www.facebook.com\/actisfurio\/\",\"https:\/\/www.youtube.com\/channel\/UCRnAgFJIsFSmzi1HJ9jwQZA\"],\"logo\":{\"@type\":\"ImageObject\",\"@id\":\"https:\/\/www.actisfurio.com\/#logo\",\"inLanguage\":\"de\",\"url\":\"https:\/\/www.actisfurio.com\/wp-content\/uploads\/2020\/04\/logo-Actis-Blu-400x160-1.png\",\"contentUrl\":\"https:\/\/www.actisfurio.com\/wp-content\/uploads\/2020\/04\/logo-Actis-Blu-400x160-1.png\",\"width\":400,\"height\":157,\"caption\":\"Actis Furio S.r.l.\"},\"image\":{\"@id\":\"https:\/\/www.actisfurio.com\/#logo\"}},{\"@type\":\"WebSite\",\"@id\":\"https:\/\/www.actisfurio.com\/#website\",\"url\":\"https:\/\/www.actisfurio.com\/\",\"name\":\"Actis Furio\",\"description\":\"Lamiere forate e reti metalliche\",\"publisher\":{\"@id\":\"https:\/\/www.actisfurio.com\/#organization\"},\"potentialAction\":[{\"@type\":\"SearchAction\",\"target\":{\"@type\":\"EntryPoint\",\"urlTemplate\":\"https:\/\/www.actisfurio.com\/?s={search_term_string}\"},\"query-input\":\"required name=search_term_string\"}],\"inLanguage\":\"de\"},{\"@type\":\"ImageObject\",\"@id\":\"https:\/\/www.actisfurio.com\/de\/produkte\/metallgewebe\/gekreuztes-gewebe-mit-fischgraetenmuster\/#primaryimage\",\"inLanguage\":\"de\",\"url\":\"https:\/\/www.actisfurio.com\/wp-content\/uploads\/2020\/06\/tele-metalliche.jpg\",\"contentUrl\":\"https:\/\/www.actisfurio.com\/wp-content\/uploads\/2020\/06\/tele-metalliche.jpg\",\"width\":1200,\"height\":800},{\"@type\":\"WebPage\",\"@id\":\"https:\/\/www.actisfurio.com\/de\/produkte\/metallgewebe\/gekreuztes-gewebe-mit-fischgraetenmuster\/#webpage\",\"url\":\"https:\/\/www.actisfurio.com\/de\/produkte\/metallgewebe\/gekreuztes-gewebe-mit-fischgraetenmuster\/\",\"name\":\"Metallgewebe mit Fischgr\\u00e4tenmuster\",\"isPartOf\":{\"@id\":\"https:\/\/www.actisfurio.com\/#website\"},\"primaryImageOfPage\":{\"@id\":\"https:\/\/www.actisfurio.com\/de\/produkte\/metallgewebe\/gekreuztes-gewebe-mit-fischgraetenmuster\/#primaryimage\"},\"datePublished\":\"2020-11-09T08:46:39+00:00\",\"dateModified\":\"2020-12-02T10:25:26+00:00\",\"description\":\"Metallgewebe mit Fischgr\\u00e4tenmuster entsteht durch die Richtungs\\u00e4nderung der Kreuzung in regelm\\u00e4\\u00dfigen Abst\\u00e4nden. Auf diese Weise wird die Straffheit kompensiert, und eine Verformung des Gewebes wird somit vermieden.\",\"breadcrumb\":{\"@id\":\"https:\/\/www.actisfurio.com\/de\/produkte\/metallgewebe\/gekreuztes-gewebe-mit-fischgraetenmuster\/#breadcrumb\"},\"inLanguage\":\"de\",\"potentialAction\":[{\"@type\":\"ReadAction\",\"target\":[\"https:\/\/www.actisfurio.com\/de\/produkte\/metallgewebe\/gekreuztes-gewebe-mit-fischgraetenmuster\/\"]}]},{\"@type\":\"BreadcrumbList\",\"@id\":\"https:\/\/www.actisfurio.com\/de\/produkte\/metallgewebe\/gekreuztes-gewebe-mit-fischgraetenmuster\/#breadcrumb\",\"itemListElement\":[{\"@type\":\"ListItem\",\"position\":1,\"name\":\"Home\",\"item\":\"https:\/\/www.actisfurio.com\/de\/home-de\/\"},{\"@type\":\"ListItem\",\"position\":2,\"name\":\"Produkte\",\"item\":\"https:\/\/www.actisfurio.com\/de\/produkte\/\"},{\"@type\":\"ListItem\",\"position\":3,\"name\":\"Metallgewebe\",\"item\":\"https:\/\/www.actisfurio.com\/de\/produkte\/metallgewebe\/\"},{\"@type\":\"ListItem\",\"position\":4,\"name\":\"Gekreuztes Gewebe mit Fischgr\\u00e4tenmuster\"}]}]}<\/script>\n<!-- \/ Yoast SEO plugin. -->","yoast_head_json":{"title":"Metallgewebe mit Fischgr\u00e4tenmuster","description":"Metallgewebe mit Fischgr\u00e4tenmuster entsteht durch die Richtungs\u00e4nderung der Kreuzung in regelm\u00e4\u00dfigen Abst\u00e4nden. Auf diese Weise wird die Straffheit kompensiert, und eine Verformung des Gewebes wird somit vermieden.","robots":{"index":"index","follow":"follow","max-snippet":"max-snippet:-1","max-image-preview":"max-image-preview:large","max-video-preview":"max-video-preview:-1"},"canonical":"https:\/\/www.actisfurio.com\/de\/produkte\/metallgewebe\/gekreuztes-gewebe-mit-fischgraetenmuster\/","og_locale":"de_DE","og_type":"article","og_title":"Metallgewebe mit Fischgr\u00e4tenmuster","og_description":"Metallgewebe mit Fischgr\u00e4tenmuster entsteht durch die Richtungs\u00e4nderung der Kreuzung in regelm\u00e4\u00dfigen Abst\u00e4nden. Auf diese Weise wird die Straffheit kompensiert, und eine Verformung des Gewebes wird somit vermieden.","og_url":"https:\/\/www.actisfurio.com\/de\/produkte\/metallgewebe\/gekreuztes-gewebe-mit-fischgraetenmuster\/","og_site_name":"Actis Furio","article_publisher":"https:\/\/www.facebook.com\/actisfurio\/","article_modified_time":"2020-12-02T10:25:26+00:00","og_image":[{"width":1200,"height":800,"url":"https:\/\/www.actisfurio.com\/wp-content\/uploads\/2020\/06\/tele-metalliche.jpg","type":"image\/jpeg"}],"twitter_card":"summary_large_image","schema":{"@context":"https:\/\/schema.org","@graph":[{"@type":"Organization","@id":"https:\/\/www.actisfurio.com\/#organization","name":"Actis Furio S.r.l.","url":"https:\/\/www.actisfurio.com\/","sameAs":["https:\/\/www.facebook.com\/actisfurio\/","https:\/\/www.youtube.com\/channel\/UCRnAgFJIsFSmzi1HJ9jwQZA"],"logo":{"@type":"ImageObject","@id":"https:\/\/www.actisfurio.com\/#logo","inLanguage":"de","url":"https:\/\/www.actisfurio.com\/wp-content\/uploads\/2020\/04\/logo-Actis-Blu-400x160-1.png","contentUrl":"https:\/\/www.actisfurio.com\/wp-content\/uploads\/2020\/04\/logo-Actis-Blu-400x160-1.png","width":400,"height":157,"caption":"Actis Furio S.r.l."},"image":{"@id":"https:\/\/www.actisfurio.com\/#logo"}},{"@type":"WebSite","@id":"https:\/\/www.actisfurio.com\/#website","url":"https:\/\/www.actisfurio.com\/","name":"Actis Furio","description":"Lamiere forate e reti metalliche","publisher":{"@id":"https:\/\/www.actisfurio.com\/#organization"},"potentialAction":[{"@type":"SearchAction","target":{"@type":"EntryPoint","urlTemplate":"https:\/\/www.actisfurio.com\/?s={search_term_string}"},"query-input":"required name=search_term_string"}],"inLanguage":"de"},{"@type":"ImageObject","@id":"https:\/\/www.actisfurio.com\/de\/produkte\/metallgewebe\/gekreuztes-gewebe-mit-fischgraetenmuster\/#primaryimage","inLanguage":"de","url":"https:\/\/www.actisfurio.com\/wp-content\/uploads\/2020\/06\/tele-metalliche.jpg","contentUrl":"https:\/\/www.actisfurio.com\/wp-content\/uploads\/2020\/06\/tele-metalliche.jpg","width":1200,"height":800},{"@type":"WebPage","@id":"https:\/\/www.actisfurio.com\/de\/produkte\/metallgewebe\/gekreuztes-gewebe-mit-fischgraetenmuster\/#webpage","url":"https:\/\/www.actisfurio.com\/de\/produkte\/metallgewebe\/gekreuztes-gewebe-mit-fischgraetenmuster\/","name":"Metallgewebe mit Fischgr\u00e4tenmuster","isPartOf":{"@id":"https:\/\/www.actisfurio.com\/#website"},"primaryImageOfPage":{"@id":"https:\/\/www.actisfurio.com\/de\/produkte\/metallgewebe\/gekreuztes-gewebe-mit-fischgraetenmuster\/#primaryimage"},"datePublished":"2020-11-09T08:46:39+00:00","dateModified":"2020-12-02T10:25:26+00:00","description":"Metallgewebe mit Fischgr\u00e4tenmuster entsteht durch die Richtungs\u00e4nderung der Kreuzung in regelm\u00e4\u00dfigen Abst\u00e4nden. Auf diese Weise wird die Straffheit kompensiert, und eine Verformung des Gewebes wird somit vermieden.","breadcrumb":{"@id":"https:\/\/www.actisfurio.com\/de\/produkte\/metallgewebe\/gekreuztes-gewebe-mit-fischgraetenmuster\/#breadcrumb"},"inLanguage":"de","potentialAction":[{"@type":"ReadAction","target":["https:\/\/www.actisfurio.com\/de\/produkte\/metallgewebe\/gekreuztes-gewebe-mit-fischgraetenmuster\/"]}]},{"@type":"BreadcrumbList","@id":"https:\/\/www.actisfurio.com\/de\/produkte\/metallgewebe\/gekreuztes-gewebe-mit-fischgraetenmuster\/#breadcrumb","itemListElement":[{"@type":"ListItem","position":1,"name":"Home","item":"https:\/\/www.actisfurio.com\/de\/home-de\/"},{"@type":"ListItem","position":2,"name":"Produkte","item":"https:\/\/www.actisfurio.com\/de\/produkte\/"},{"@type":"ListItem","position":3,"name":"Metallgewebe","item":"https:\/\/www.actisfurio.com\/de\/produkte\/metallgewebe\/"},{"@type":"ListItem","position":4,"name":"Gekreuztes Gewebe mit Fischgr\u00e4tenmuster"}]}]}},"_links":{"self":[{"href":"https:\/\/www.actisfurio.com\/de\/wp-json\/wp\/v2\/pages\/6241"}],"collection":[{"href":"https:\/\/www.actisfurio.com\/de\/wp-json\/wp\/v2\/pages"}],"about":[{"href":"https:\/\/www.actisfurio.com\/de\/wp-json\/wp\/v2\/types\/page"}],"author":[{"embeddable":true,"href":"https:\/\/www.actisfurio.com\/de\/wp-json\/wp\/v2\/users\/1"}],"replies":[{"embeddable":true,"href":"https:\/\/www.actisfurio.com\/de\/wp-json\/wp\/v2\/comments?post=6241"}],"version-history":[{"count":5,"href":"https:\/\/www.actisfurio.com\/de\/wp-json\/wp\/v2\/pages\/6241\/revisions"}],"predecessor-version":[{"id":6729,"href":"https:\/\/www.actisfurio.com\/de\/wp-json\/wp\/v2\/pages\/6241\/revisions\/6729"}],"up":[{"embeddable":true,"href":"https:\/\/www.actisfurio.com\/de\/wp-json\/wp\/v2\/pages\/6237"}],"wp:featuredmedia":[{"embeddable":true,"href":"https:\/\/www.actisfurio.com\/de\/wp-json\/wp\/v2\/media\/3179"}],"wp:attachment":[{"href":"https:\/\/www.actisfurio.com\/de\/wp-json\/wp\/v2\/media?parent=6241"}],"curies":[{"name":"wp","href":"https:\/\/api.w.org\/{rel}","templated":true}]}}