{"id":5729,"date":"2020-10-28T15:02:34","date_gmt":"2020-10-28T14:02:34","guid":{"rendered":"https:\/\/actisfurio.com\/?page_id=5729"},"modified":"2025-06-10T09:13:30","modified_gmt":"2025-06-10T07:13:30","slug":"calidad","status":"publish","type":"page","link":"https:\/\/www.actisfurio.com\/es\/empresa\/calidad\/","title":{"rendered":"Calidad"},"content":{"rendered":"\t\t<div data-elementor-type=\"wp-post\" data-elementor-id=\"5729\" class=\"elementor elementor-5729 elementor-2352\" data-elementor-settings=\"[]\">\n\t\t\t\t\t\t<div class=\"elementor-inner\">\n\t\t\t\t\t\t\t<div class=\"elementor-section-wrap\">\n\t\t\t\t\t\t\t<section class=\"elementor-section elementor-top-section elementor-element elementor-element-4eb1d62 elementor-section-boxed elementor-section-height-default elementor-section-height-default\" data-id=\"4eb1d62\" data-element_type=\"section\">\n\t\t\t\t\t\t<div class=\"elementor-container elementor-column-gap-extended\">\n\t\t\t\t\t\t\t<div class=\"elementor-row\">\n\t\t\t\t\t<div class=\"elementor-column elementor-col-50 elementor-top-column elementor-element elementor-element-c7cf5c7\" data-id=\"c7cf5c7\" data-element_type=\"column\">\n\t\t\t<div class=\"elementor-column-wrap elementor-element-populated\">\n\t\t\t\t\t\t\t<div class=\"elementor-widget-wrap\">\n\t\t\t\t\t\t<div class=\"elementor-element elementor-element-4b7b51f elementor-widget elementor-widget-heading\" data-id=\"4b7b51f\" data-element_type=\"widget\" data-widget_type=\"heading.default\">\n\t\t\t\t<div class=\"elementor-widget-container\">\n\t\t\t<h5 class=\"elementor-heading-title elementor-size-default\">Planificar, rastrear, medir, son garant\u00eda de calidad, fiabilidad y excelencia<\/h5>\t\t<\/div>\n\t\t\t\t<\/div>\n\t\t\t\t<div class=\"elementor-element elementor-element-e65294f elementor-widget elementor-widget-heading\" data-id=\"e65294f\" data-element_type=\"widget\" data-widget_type=\"heading.default\">\n\t\t\t\t<div class=\"elementor-widget-container\">\n\t\t\t<h3 class=\"elementor-heading-title elementor-size-default\">Eficiencia y mejora continua<\/h3>\t\t<\/div>\n\t\t\t\t<\/div>\n\t\t\t\t<div class=\"elementor-element elementor-element-4ea1332 elementor-widget elementor-widget-text-editor\" data-id=\"4ea1332\" data-element_type=\"widget\" data-widget_type=\"text-editor.default\">\n\t\t\t\t<div class=\"elementor-widget-container\">\n\t\t\t\t\t<div class=\"elementor-text-editor elementor-clearfix\"><p>La calidad es el punto central de la operatividad de ACTIS FURIO. Desde 2004, la empresa cuenta con un <strong>Sistema de Gesti\u00f3n de la Calidad<\/strong> que cumple con los est\u00e1ndares internacionales. Este af\u00e1n de mejora continua es compartido por toda la organizaci\u00f3n y se consigue gracias a la atenci\u00f3n al detalle, los controles constantes y el deseo de encontrar la opci\u00f3n m\u00e1s adecuada. Cada actividad de la empresa se mide de forma objetiva y mediante objetivos e indicadores espec\u00edficos documentados. Todos los procesos, por tanto, son planificados e implementados y la realizaci\u00f3n del producto est\u00e1 garantizada en cada paso tambi\u00e9n manteniendo bajo control los dispositivos de monitorizaci\u00f3n y medici\u00f3n.<\/p><p>El resultado es producir y vender en un contexto orientado a lograr la satisfacci\u00f3n del cliente, as\u00ed como un equilibrio respetuoso con todas las partes involucradas en el proceso. Una atenci\u00f3n marcada a la calidad y los precios tambi\u00e9n tiene como objetivo obtener la m\u00e1xima estima y fidelidad de sus clientes.<\/p><\/div>\n\t\t\t\t<\/div>\n\t\t\t\t<\/div>\n\t\t\t\t<div class=\"elementor-element elementor-element-1c969bc elementor-widget elementor-widget-heading\" data-id=\"1c969bc\" data-element_type=\"widget\" data-widget_type=\"heading.default\">\n\t\t\t\t<div class=\"elementor-widget-container\">\n\t\t\t<h3 class=\"elementor-heading-title elementor-size-default\">El camino de la Certificaci\u00f3n<\/h3>\t\t<\/div>\n\t\t\t\t<\/div>\n\t\t\t\t<div class=\"elementor-element elementor-element-5207b03 elementor-widget elementor-widget-text-editor\" data-id=\"5207b03\" data-element_type=\"widget\" data-widget_type=\"text-editor.default\">\n\t\t\t\t<div class=\"elementor-widget-container\">\n\t\t\t\t\t<div class=\"elementor-text-editor elementor-clearfix\"><p>Desde <strong>2004<\/strong> ACTIS FURIO est\u00e1 en posesi\u00f3n del <strong>certificado emitido por Certiquality<\/strong>, Organismo de Certificaci\u00f3n al servicio de las empresas y especializado en la Certificaci\u00f3n de Sistemas de Gesti\u00f3n Empresarial de Calidad, Medio Ambiente y Seguridad.<\/p><p>En <strong>2010<\/strong> ACTIS FURIO obtuvo el <strong>certificado correspondiente a la nueva norma 9001: 2008<\/strong> decidiendo continuar en su proceso de mejora de la calidad.<\/p><p>En <strong>2018<\/strong> implement\u00f3 &#8211; y mantiene &#8211; un <strong>sistema de gesti\u00f3n de la calidad que cumple con la norma UNI EN ISO 9001: 2015<\/strong>, adoptando un enfoque cualitativo de gesti\u00f3n de riesgos.<\/p><p>La realizaci\u00f3n de su Visi\u00f3n y Misi\u00f3n se hace posible a trav\u00e9s de principios de calidad en los que la Direcci\u00f3n General cree firmemente y sin los cuales no se pueden obtener resultados efectivos.<\/p><p>Nuestro compromiso, en la aplicaci\u00f3n de este sistema a trav\u00e9s de un proceso de definici\u00f3n e inspecci\u00f3n, apunta a \u00abser los proveedores m\u00e1s oportunos, vers\u00e1tiles y confiables de chapa y mallas\/telas met\u00e1licas en el contexto internacional\u00bb.<\/p><\/div>\n\t\t\t\t<\/div>\n\t\t\t\t<\/div>\n\t\t\t\t<section class=\"elementor-section elementor-inner-section elementor-element elementor-element-5c1b781 elementor-section-boxed elementor-section-height-default elementor-section-height-default\" data-id=\"5c1b781\" data-element_type=\"section\">\n\t\t\t\t\t\t<div class=\"elementor-container elementor-column-gap-default\">\n\t\t\t\t\t\t\t<div class=\"elementor-row\">\n\t\t\t\t\t<div class=\"elementor-column elementor-col-50 elementor-inner-column elementor-element elementor-element-854a532\" data-id=\"854a532\" data-element_type=\"column\">\n\t\t\t<div class=\"elementor-column-wrap elementor-element-populated\">\n\t\t\t\t\t\t\t<div class=\"elementor-widget-wrap\">\n\t\t\t\t\t\t<div class=\"elementor-element elementor-element-a4fcc6f elementor-widget elementor-widget-image\" data-id=\"a4fcc6f\" data-element_type=\"widget\" data-widget_type=\"image.default\">\n\t\t\t\t<div class=\"elementor-widget-container\">\n\t\t\t\t\t<div class=\"elementor-image\">\n\t\t\t\t\t\t\t\t\t\t<img width=\"254\" height=\"300\" src=\"https:\/\/www.actisfurio.com\/wp-content\/uploads\/2025\/06\/IQNET_EN_RGB-254x300.png\" class=\"attachment-medium size-medium\" alt=\"\" loading=\"lazy\" srcset=\"https:\/\/www.actisfurio.com\/wp-content\/uploads\/2025\/06\/IQNET_EN_RGB-254x300.png 254w, https:\/\/www.actisfurio.com\/wp-content\/uploads\/2025\/06\/IQNET_EN_RGB.png 614w\" sizes=\"(max-width: 254px) 100vw, 254px\" \/>\t\t\t\t\t\t\t\t\t\t\t<\/div>\n\t\t\t\t<\/div>\n\t\t\t\t<\/div>\n\t\t\t\t\t\t<\/div>\n\t\t\t\t\t<\/div>\n\t\t<\/div>\n\t\t\t\t<div class=\"elementor-column elementor-col-50 elementor-inner-column elementor-element elementor-element-cd648bd\" data-id=\"cd648bd\" data-element_type=\"column\">\n\t\t\t<div class=\"elementor-column-wrap elementor-element-populated\">\n\t\t\t\t\t\t\t<div class=\"elementor-widget-wrap\">\n\t\t\t\t\t\t<div class=\"elementor-element elementor-element-55b1d07 elementor-widget elementor-widget-image\" data-id=\"55b1d07\" data-element_type=\"widget\" data-widget_type=\"image.default\">\n\t\t\t\t<div class=\"elementor-widget-container\">\n\t\t\t\t\t<div class=\"elementor-image\">\n\t\t\t\t\t\t\t\t\t\t<img width=\"300\" height=\"300\" src=\"https:\/\/www.actisfurio.com\/wp-content\/uploads\/2025\/06\/CQY_9.15_IT_RGB-300x300.png\" class=\"attachment-medium size-medium\" alt=\"\" loading=\"lazy\" srcset=\"https:\/\/www.actisfurio.com\/wp-content\/uploads\/2025\/06\/CQY_9.15_IT_RGB-300x300.png 300w, https:\/\/www.actisfurio.com\/wp-content\/uploads\/2025\/06\/CQY_9.15_IT_RGB-150x150.png 150w, https:\/\/www.actisfurio.com\/wp-content\/uploads\/2025\/06\/CQY_9.15_IT_RGB-66x66.png 66w, https:\/\/www.actisfurio.com\/wp-content\/uploads\/2025\/06\/CQY_9.15_IT_RGB.png 591w\" sizes=\"(max-width: 300px) 100vw, 300px\" \/>\t\t\t\t\t\t\t\t\t\t\t<\/div>\n\t\t\t\t<\/div>\n\t\t\t\t<\/div>\n\t\t\t\t\t\t<\/div>\n\t\t\t\t\t<\/div>\n\t\t<\/div>\n\t\t\t\t\t\t\t\t<\/div>\n\t\t\t\t\t<\/div>\n\t\t<\/section>\n\t\t\t\t\t\t<\/div>\n\t\t\t\t\t<\/div>\n\t\t<\/div>\n\t\t\t\t<div class=\"elementor-column elementor-col-50 elementor-top-column elementor-element elementor-element-2223052\" data-id=\"2223052\" data-element_type=\"column\">\n\t\t\t<div class=\"elementor-column-wrap elementor-element-populated\">\n\t\t\t\t\t\t\t<div class=\"elementor-widget-wrap\">\n\t\t\t\t\t\t<section class=\"elementor-section elementor-inner-section elementor-element elementor-element-c7417ad elementor-section-boxed elementor-section-height-default elementor-section-height-default\" data-id=\"c7417ad\" data-element_type=\"section\" data-settings=\"{&quot;background_background&quot;:&quot;classic&quot;}\">\n\t\t\t\t\t\t<div class=\"elementor-container elementor-column-gap-default\">\n\t\t\t\t\t\t\t<div class=\"elementor-row\">\n\t\t\t\t\t<div class=\"elementor-column elementor-col-100 elementor-inner-column elementor-element elementor-element-c96b679\" data-id=\"c96b679\" data-element_type=\"column\">\n\t\t\t<div class=\"elementor-column-wrap elementor-element-populated\">\n\t\t\t\t\t\t\t<div class=\"elementor-widget-wrap\">\n\t\t\t\t\t\t<div class=\"elementor-element elementor-element-c8435e4 elementor-widget elementor-widget-heading\" data-id=\"c8435e4\" data-element_type=\"widget\" data-widget_type=\"heading.default\">\n\t\t\t\t<div class=\"elementor-widget-container\">\n\t\t\t<h4 class=\"elementor-heading-title elementor-size-default\">Descarga<\/h4>\t\t<\/div>\n\t\t\t\t<\/div>\n\t\t\t\t<div class=\"elementor-element elementor-element-72d2983 elementor-align-center elementor-widget elementor-widget-ibutton\" data-id=\"72d2983\" data-element_type=\"widget\" data-widget_type=\"ibutton.default\">\n\t\t\t\t<div class=\"elementor-widget-container\">\n\t\t\t\t\t<div class=\"ot-button\">\n\t\t\t<a href=\"https:\/\/www.actisfurio.com\/wp-content\/uploads\/2025\/06\/8173_250527_UN.pdf\" target=\"_blank\" class=\"btn btn-main has-icon\"><span>CERTIFICADOS<\/span> <i class=\"far fa-file-pdf\"><\/i><\/a>\n\t    <\/div>\n\t    \t\t<\/div>\n\t\t\t\t<\/div>\n\t\t\t\t<div class=\"elementor-element elementor-element-cb9a147 elementor-align-center elementor-widget elementor-widget-ibutton\" data-id=\"cb9a147\" data-element_type=\"widget\" data-widget_type=\"ibutton.default\">\n\t\t\t\t<div class=\"elementor-widget-container\">\n\t\t\t\t\t<div class=\"ot-button\">\n\t\t\t<a href=\"https:\/\/www.actisfurio.com\/wp-content\/uploads\/2025\/04\/Politica-della-qualita.pdf\" target=\"_blank\" class=\"btn btn-main has-icon\"><span>POL\u00cdTICA DE LA CALIDAD<\/span> <i class=\"far fa-file-pdf\"><\/i><\/a>\n\t    <\/div>\n\t    \t\t<\/div>\n\t\t\t\t<\/div>\n\t\t\t\t\t\t<\/div>\n\t\t\t\t\t<\/div>\n\t\t<\/div>\n\t\t\t\t\t\t\t\t<\/div>\n\t\t\t\t\t<\/div>\n\t\t<\/section>\n\t\t\t\t\t\t<\/div>\n\t\t\t\t\t<\/div>\n\t\t<\/div>\n\t\t\t\t\t\t\t\t<\/div>\n\t\t\t\t\t<\/div>\n\t\t<\/section>\n\t\t\t\t\t\t<\/div>\n\t\t\t\t\t\t<\/div>\n\t\t\t\t\t<\/div>\n\t\t","protected":false},"excerpt":{"rendered":"<p>Planificar, rastrear, medir, son garant\u00eda de calidad, fiabilidad y excelencia Eficiencia y mejora continua La calidad es el punto central de la operatividad de ACTIS FURIO. Desde 2004, la empresa cuenta con un Sistema de Gesti\u00f3n de la Calidad que cumple con los est\u00e1ndares internacionales. Este af\u00e1n de mejora continua es compartido por toda la [&hellip;]<\/p>\n","protected":false},"author":1,"featured_media":2682,"parent":5727,"menu_order":0,"comment_status":"closed","ping_status":"closed","template":"","meta":[],"yoast_head":"<!-- This site is optimized with the Yoast SEO plugin v17.6 - https:\/\/yoast.com\/wordpress\/plugins\/seo\/ -->\n<title>Calidad - Actis Furio<\/title>\n<meta name=\"robots\" content=\"index, follow, max-snippet:-1, max-image-preview:large, max-video-preview:-1\" \/>\n<link rel=\"canonical\" href=\"https:\/\/www.actisfurio.com\/es\/empresa\/calidad\/\" \/>\n<meta property=\"og:locale\" content=\"es_ES\" \/>\n<meta property=\"og:type\" content=\"article\" \/>\n<meta property=\"og:title\" content=\"Calidad - Actis Furio\" \/>\n<meta property=\"og:description\" content=\"Planificar, rastrear, medir, son garant\u00eda de calidad, fiabilidad y excelencia Eficiencia y mejora continua La calidad es el punto central de la operatividad de ACTIS FURIO. Desde 2004, la empresa cuenta con un Sistema de Gesti\u00f3n de la Calidad que cumple con los est\u00e1ndares internacionales. Este af\u00e1n de mejora continua es compartido por toda la [&hellip;]\" \/>\n<meta property=\"og:url\" content=\"https:\/\/www.actisfurio.com\/es\/empresa\/calidad\/\" \/>\n<meta property=\"og:site_name\" content=\"Actis Furio\" \/>\n<meta property=\"article:publisher\" content=\"https:\/\/www.facebook.com\/actisfurio\/\" \/>\n<meta property=\"article:modified_time\" content=\"2025-06-10T07:13:30+00:00\" \/>\n<meta property=\"og:image\" content=\"https:\/\/www.actisfurio.com\/wp-content\/uploads\/2020\/06\/azienda-con-insegna.jpg\" \/>\n\t<meta property=\"og:image:width\" content=\"1200\" \/>\n\t<meta property=\"og:image:height\" content=\"900\" \/>\n<meta name=\"twitter:card\" content=\"summary_large_image\" \/>\n<meta name=\"twitter:label1\" content=\"Tiempo de lectura\" \/>\n\t<meta name=\"twitter:data1\" content=\"2 minutos\" \/>\n<script type=\"application\/ld+json\" class=\"yoast-schema-graph\">{\"@context\":\"https:\/\/schema.org\",\"@graph\":[{\"@type\":\"Organization\",\"@id\":\"https:\/\/www.actisfurio.com\/#organization\",\"name\":\"Actis Furio S.r.l.\",\"url\":\"https:\/\/www.actisfurio.com\/\",\"sameAs\":[\"https:\/\/www.facebook.com\/actisfurio\/\",\"https:\/\/www.youtube.com\/channel\/UCRnAgFJIsFSmzi1HJ9jwQZA\"],\"logo\":{\"@type\":\"ImageObject\",\"@id\":\"https:\/\/www.actisfurio.com\/#logo\",\"inLanguage\":\"es\",\"url\":\"https:\/\/www.actisfurio.com\/wp-content\/uploads\/2020\/04\/logo-Actis-Blu-400x160-1.png\",\"contentUrl\":\"https:\/\/www.actisfurio.com\/wp-content\/uploads\/2020\/04\/logo-Actis-Blu-400x160-1.png\",\"width\":400,\"height\":157,\"caption\":\"Actis Furio S.r.l.\"},\"image\":{\"@id\":\"https:\/\/www.actisfurio.com\/#logo\"}},{\"@type\":\"WebSite\",\"@id\":\"https:\/\/www.actisfurio.com\/#website\",\"url\":\"https:\/\/www.actisfurio.com\/\",\"name\":\"Actis Furio\",\"description\":\"Lamiere forate e reti metalliche\",\"publisher\":{\"@id\":\"https:\/\/www.actisfurio.com\/#organization\"},\"potentialAction\":[{\"@type\":\"SearchAction\",\"target\":{\"@type\":\"EntryPoint\",\"urlTemplate\":\"https:\/\/www.actisfurio.com\/?s={search_term_string}\"},\"query-input\":\"required name=search_term_string\"}],\"inLanguage\":\"es\"},{\"@type\":\"ImageObject\",\"@id\":\"https:\/\/www.actisfurio.com\/es\/empresa\/calidad\/#primaryimage\",\"inLanguage\":\"es\",\"url\":\"https:\/\/www.actisfurio.com\/wp-content\/uploads\/2020\/06\/azienda-con-insegna.jpg\",\"contentUrl\":\"https:\/\/www.actisfurio.com\/wp-content\/uploads\/2020\/06\/azienda-con-insegna.jpg\",\"width\":1200,\"height\":900},{\"@type\":\"WebPage\",\"@id\":\"https:\/\/www.actisfurio.com\/es\/empresa\/calidad\/#webpage\",\"url\":\"https:\/\/www.actisfurio.com\/es\/empresa\/calidad\/\",\"name\":\"Calidad - Actis Furio\",\"isPartOf\":{\"@id\":\"https:\/\/www.actisfurio.com\/#website\"},\"primaryImageOfPage\":{\"@id\":\"https:\/\/www.actisfurio.com\/es\/empresa\/calidad\/#primaryimage\"},\"datePublished\":\"2020-10-28T14:02:34+00:00\",\"dateModified\":\"2025-06-10T07:13:30+00:00\",\"breadcrumb\":{\"@id\":\"https:\/\/www.actisfurio.com\/es\/empresa\/calidad\/#breadcrumb\"},\"inLanguage\":\"es\",\"potentialAction\":[{\"@type\":\"ReadAction\",\"target\":[\"https:\/\/www.actisfurio.com\/es\/empresa\/calidad\/\"]}]},{\"@type\":\"BreadcrumbList\",\"@id\":\"https:\/\/www.actisfurio.com\/es\/empresa\/calidad\/#breadcrumb\",\"itemListElement\":[{\"@type\":\"ListItem\",\"position\":1,\"name\":\"Home\",\"item\":\"https:\/\/www.actisfurio.com\/es\/\"},{\"@type\":\"ListItem\",\"position\":2,\"name\":\"La Empresa\",\"item\":\"https:\/\/www.actisfurio.com\/es\/empresa\/\"},{\"@type\":\"ListItem\",\"position\":3,\"name\":\"Calidad\"}]}]}<\/script>\n<!-- \/ Yoast SEO plugin. -->","yoast_head_json":{"title":"Calidad - Actis Furio","robots":{"index":"index","follow":"follow","max-snippet":"max-snippet:-1","max-image-preview":"max-image-preview:large","max-video-preview":"max-video-preview:-1"},"canonical":"https:\/\/www.actisfurio.com\/es\/empresa\/calidad\/","og_locale":"es_ES","og_type":"article","og_title":"Calidad - Actis Furio","og_description":"Planificar, rastrear, medir, son garant\u00eda de calidad, fiabilidad y excelencia Eficiencia y mejora continua La calidad es el punto central de la operatividad de ACTIS FURIO. Desde 2004, la empresa cuenta con un Sistema de Gesti\u00f3n de la Calidad que cumple con los est\u00e1ndares internacionales. Este af\u00e1n de mejora continua es compartido por toda la [&hellip;]","og_url":"https:\/\/www.actisfurio.com\/es\/empresa\/calidad\/","og_site_name":"Actis Furio","article_publisher":"https:\/\/www.facebook.com\/actisfurio\/","article_modified_time":"2025-06-10T07:13:30+00:00","og_image":[{"width":1200,"height":900,"url":"https:\/\/www.actisfurio.com\/wp-content\/uploads\/2020\/06\/azienda-con-insegna.jpg","type":"image\/jpeg"}],"twitter_card":"summary_large_image","twitter_misc":{"Tiempo de lectura":"2 minutos"},"schema":{"@context":"https:\/\/schema.org","@graph":[{"@type":"Organization","@id":"https:\/\/www.actisfurio.com\/#organization","name":"Actis Furio S.r.l.","url":"https:\/\/www.actisfurio.com\/","sameAs":["https:\/\/www.facebook.com\/actisfurio\/","https:\/\/www.youtube.com\/channel\/UCRnAgFJIsFSmzi1HJ9jwQZA"],"logo":{"@type":"ImageObject","@id":"https:\/\/www.actisfurio.com\/#logo","inLanguage":"es","url":"https:\/\/www.actisfurio.com\/wp-content\/uploads\/2020\/04\/logo-Actis-Blu-400x160-1.png","contentUrl":"https:\/\/www.actisfurio.com\/wp-content\/uploads\/2020\/04\/logo-Actis-Blu-400x160-1.png","width":400,"height":157,"caption":"Actis Furio S.r.l."},"image":{"@id":"https:\/\/www.actisfurio.com\/#logo"}},{"@type":"WebSite","@id":"https:\/\/www.actisfurio.com\/#website","url":"https:\/\/www.actisfurio.com\/","name":"Actis Furio","description":"Lamiere forate e reti metalliche","publisher":{"@id":"https:\/\/www.actisfurio.com\/#organization"},"potentialAction":[{"@type":"SearchAction","target":{"@type":"EntryPoint","urlTemplate":"https:\/\/www.actisfurio.com\/?s={search_term_string}"},"query-input":"required name=search_term_string"}],"inLanguage":"es"},{"@type":"ImageObject","@id":"https:\/\/www.actisfurio.com\/es\/empresa\/calidad\/#primaryimage","inLanguage":"es","url":"https:\/\/www.actisfurio.com\/wp-content\/uploads\/2020\/06\/azienda-con-insegna.jpg","contentUrl":"https:\/\/www.actisfurio.com\/wp-content\/uploads\/2020\/06\/azienda-con-insegna.jpg","width":1200,"height":900},{"@type":"WebPage","@id":"https:\/\/www.actisfurio.com\/es\/empresa\/calidad\/#webpage","url":"https:\/\/www.actisfurio.com\/es\/empresa\/calidad\/","name":"Calidad - Actis Furio","isPartOf":{"@id":"https:\/\/www.actisfurio.com\/#website"},"primaryImageOfPage":{"@id":"https:\/\/www.actisfurio.com\/es\/empresa\/calidad\/#primaryimage"},"datePublished":"2020-10-28T14:02:34+00:00","dateModified":"2025-06-10T07:13:30+00:00","breadcrumb":{"@id":"https:\/\/www.actisfurio.com\/es\/empresa\/calidad\/#breadcrumb"},"inLanguage":"es","potentialAction":[{"@type":"ReadAction","target":["https:\/\/www.actisfurio.com\/es\/empresa\/calidad\/"]}]},{"@type":"BreadcrumbList","@id":"https:\/\/www.actisfurio.com\/es\/empresa\/calidad\/#breadcrumb","itemListElement":[{"@type":"ListItem","position":1,"name":"Home","item":"https:\/\/www.actisfurio.com\/es\/"},{"@type":"ListItem","position":2,"name":"La Empresa","item":"https:\/\/www.actisfurio.com\/es\/empresa\/"},{"@type":"ListItem","position":3,"name":"Calidad"}]}]}},"_links":{"self":[{"href":"https:\/\/www.actisfurio.com\/es\/wp-json\/wp\/v2\/pages\/5729"}],"collection":[{"href":"https:\/\/www.actisfurio.com\/es\/wp-json\/wp\/v2\/pages"}],"about":[{"href":"https:\/\/www.actisfurio.com\/es\/wp-json\/wp\/v2\/types\/page"}],"author":[{"embeddable":true,"href":"https:\/\/www.actisfurio.com\/es\/wp-json\/wp\/v2\/users\/1"}],"replies":[{"embeddable":true,"href":"https:\/\/www.actisfurio.com\/es\/wp-json\/wp\/v2\/comments?post=5729"}],"version-history":[{"count":20,"href":"https:\/\/www.actisfurio.com\/es\/wp-json\/wp\/v2\/pages\/5729\/revisions"}],"predecessor-version":[{"id":8855,"href":"https:\/\/www.actisfurio.com\/es\/wp-json\/wp\/v2\/pages\/5729\/revisions\/8855"}],"up":[{"embeddable":true,"href":"https:\/\/www.actisfurio.com\/es\/wp-json\/wp\/v2\/pages\/5727"}],"wp:featuredmedia":[{"embeddable":true,"href":"https:\/\/www.actisfurio.com\/es\/wp-json\/wp\/v2\/media\/2682"}],"wp:attachment":[{"href":"https:\/\/www.actisfurio.com\/es\/wp-json\/wp\/v2\/media?parent=5729"}],"curies":[{"name":"wp","href":"https:\/\/api.w.org\/{rel}","templated":true}]}}