{"id":5733,"date":"2020-10-28T15:04:06","date_gmt":"2020-10-28T14:04:06","guid":{"rendered":"https:\/\/actisfurio.com\/?page_id=5733"},"modified":"2020-11-03T11:23:50","modified_gmt":"2020-11-03T10:23:50","slug":"la-perforacion-calculo-de-vacio-sobre-lleno","status":"publish","type":"page","link":"https:\/\/www.actisfurio.com\/es\/la-perforacion-calculo-de-vacio-sobre-lleno\/","title":{"rendered":"La Perforaci\u00f3n: C\u00e1lculo de Vac\u00edo Sobre Lleno"},"content":{"rendered":"\t\t<div data-elementor-type=\"wp-page\" data-elementor-id=\"5733\" class=\"elementor elementor-5733 elementor-1858\" data-elementor-settings=\"[]\">\n\t\t\t\t\t\t<div class=\"elementor-inner\">\n\t\t\t\t\t\t\t<div class=\"elementor-section-wrap\">\n\t\t\t\t\t\t\t<section class=\"elementor-section elementor-top-section elementor-element elementor-element-26711e85 elementor-section-boxed elementor-section-height-default elementor-section-height-default\" data-id=\"26711e85\" data-element_type=\"section\">\n\t\t\t\t\t\t<div class=\"elementor-container elementor-column-gap-default\">\n\t\t\t\t\t\t\t<div class=\"elementor-row\">\n\t\t\t\t\t<div class=\"elementor-column elementor-col-100 elementor-top-column elementor-element elementor-element-2da9293\" data-id=\"2da9293\" data-element_type=\"column\">\n\t\t\t<div class=\"elementor-column-wrap\">\n\t\t\t\t\t\t\t<div class=\"elementor-widget-wrap\">\n\t\t\t\t\t\t\t\t<\/div>\n\t\t\t\t\t<\/div>\n\t\t<\/div>\n\t\t\t\t\t\t\t\t<\/div>\n\t\t\t\t\t<\/div>\n\t\t<\/section>\n\t\t\t\t\t\t<\/div>\n\t\t\t\t\t\t<\/div>\n\t\t\t\t\t<\/div>\n\t\t","protected":false},"excerpt":{"rendered":"","protected":false},"author":1,"featured_media":2528,"parent":0,"menu_order":0,"comment_status":"closed","ping_status":"closed","template":"page-vspform.php","meta":[],"yoast_head":"<!-- This site is optimized with the Yoast SEO plugin v17.6 - https:\/\/yoast.com\/wordpress\/plugins\/seo\/ -->\n<title>La Perforaci\u00f3n: C\u00e1lculo de Vac\u00edo Sobre Lleno - Actis Furio<\/title>\n<meta name=\"robots\" content=\"index, follow, max-snippet:-1, max-image-preview:large, max-video-preview:-1\" \/>\n<link rel=\"canonical\" href=\"https:\/\/www.actisfurio.com\/es\/la-perforacion-calculo-de-vacio-sobre-lleno\/\" \/>\n<meta property=\"og:locale\" content=\"es_ES\" \/>\n<meta property=\"og:type\" content=\"article\" \/>\n<meta property=\"og:title\" content=\"La Perforaci\u00f3n: C\u00e1lculo de Vac\u00edo Sobre Lleno - Actis Furio\" \/>\n<meta property=\"og:url\" content=\"https:\/\/www.actisfurio.com\/es\/la-perforacion-calculo-de-vacio-sobre-lleno\/\" \/>\n<meta property=\"og:site_name\" content=\"Actis Furio\" \/>\n<meta property=\"article:publisher\" content=\"https:\/\/www.facebook.com\/actisfurio\/\" \/>\n<meta property=\"article:modified_time\" content=\"2020-11-03T10:23:50+00:00\" \/>\n<meta property=\"og:image\" content=\"https:\/\/www.actisfurio.com\/wp-content\/uploads\/2020\/05\/IMG_3050-LAMIERE-FORO-TONDO-1.jpg\" \/>\n\t<meta property=\"og:image:width\" content=\"1200\" \/>\n\t<meta property=\"og:image:height\" content=\"799\" \/>\n<meta name=\"twitter:card\" content=\"summary_large_image\" \/>\n<script type=\"application\/ld+json\" class=\"yoast-schema-graph\">{\"@context\":\"https:\/\/schema.org\",\"@graph\":[{\"@type\":\"Organization\",\"@id\":\"https:\/\/www.actisfurio.com\/#organization\",\"name\":\"Actis Furio S.r.l.\",\"url\":\"https:\/\/www.actisfurio.com\/\",\"sameAs\":[\"https:\/\/www.facebook.com\/actisfurio\/\",\"https:\/\/www.youtube.com\/channel\/UCRnAgFJIsFSmzi1HJ9jwQZA\"],\"logo\":{\"@type\":\"ImageObject\",\"@id\":\"https:\/\/www.actisfurio.com\/#logo\",\"inLanguage\":\"es\",\"url\":\"https:\/\/www.actisfurio.com\/wp-content\/uploads\/2020\/04\/logo-Actis-Blu-400x160-1.png\",\"contentUrl\":\"https:\/\/www.actisfurio.com\/wp-content\/uploads\/2020\/04\/logo-Actis-Blu-400x160-1.png\",\"width\":400,\"height\":157,\"caption\":\"Actis Furio S.r.l.\"},\"image\":{\"@id\":\"https:\/\/www.actisfurio.com\/#logo\"}},{\"@type\":\"WebSite\",\"@id\":\"https:\/\/www.actisfurio.com\/#website\",\"url\":\"https:\/\/www.actisfurio.com\/\",\"name\":\"Actis Furio\",\"description\":\"Lamiere forate e reti metalliche\",\"publisher\":{\"@id\":\"https:\/\/www.actisfurio.com\/#organization\"},\"potentialAction\":[{\"@type\":\"SearchAction\",\"target\":{\"@type\":\"EntryPoint\",\"urlTemplate\":\"https:\/\/www.actisfurio.com\/?s={search_term_string}\"},\"query-input\":\"required name=search_term_string\"}],\"inLanguage\":\"es\"},{\"@type\":\"ImageObject\",\"@id\":\"https:\/\/www.actisfurio.com\/es\/la-perforacion-calculo-de-vacio-sobre-lleno\/#primaryimage\",\"inLanguage\":\"es\",\"url\":\"https:\/\/www.actisfurio.com\/wp-content\/uploads\/2020\/05\/IMG_3050-LAMIERE-FORO-TONDO-1.jpg\",\"contentUrl\":\"https:\/\/www.actisfurio.com\/wp-content\/uploads\/2020\/05\/IMG_3050-LAMIERE-FORO-TONDO-1.jpg\",\"width\":1200,\"height\":799},{\"@type\":\"WebPage\",\"@id\":\"https:\/\/www.actisfurio.com\/es\/la-perforacion-calculo-de-vacio-sobre-lleno\/#webpage\",\"url\":\"https:\/\/www.actisfurio.com\/es\/la-perforacion-calculo-de-vacio-sobre-lleno\/\",\"name\":\"La Perforaci\\u00f3n: C\\u00e1lculo de Vac\\u00edo Sobre Lleno - Actis Furio\",\"isPartOf\":{\"@id\":\"https:\/\/www.actisfurio.com\/#website\"},\"primaryImageOfPage\":{\"@id\":\"https:\/\/www.actisfurio.com\/es\/la-perforacion-calculo-de-vacio-sobre-lleno\/#primaryimage\"},\"datePublished\":\"2020-10-28T14:04:06+00:00\",\"dateModified\":\"2020-11-03T10:23:50+00:00\",\"breadcrumb\":{\"@id\":\"https:\/\/www.actisfurio.com\/es\/la-perforacion-calculo-de-vacio-sobre-lleno\/#breadcrumb\"},\"inLanguage\":\"es\",\"potentialAction\":[{\"@type\":\"ReadAction\",\"target\":[\"https:\/\/www.actisfurio.com\/es\/la-perforacion-calculo-de-vacio-sobre-lleno\/\"]}]},{\"@type\":\"BreadcrumbList\",\"@id\":\"https:\/\/www.actisfurio.com\/es\/la-perforacion-calculo-de-vacio-sobre-lleno\/#breadcrumb\",\"itemListElement\":[{\"@type\":\"ListItem\",\"position\":1,\"name\":\"Home\",\"item\":\"https:\/\/www.actisfurio.com\/es\/\"},{\"@type\":\"ListItem\",\"position\":2,\"name\":\"La Perforaci\\u00f3n: C\\u00e1lculo de Vac\\u00edo Sobre Lleno\"}]}]}<\/script>\n<!-- \/ Yoast SEO plugin. -->","yoast_head_json":{"title":"La Perforaci\u00f3n: C\u00e1lculo de Vac\u00edo Sobre Lleno - Actis Furio","robots":{"index":"index","follow":"follow","max-snippet":"max-snippet:-1","max-image-preview":"max-image-preview:large","max-video-preview":"max-video-preview:-1"},"canonical":"https:\/\/www.actisfurio.com\/es\/la-perforacion-calculo-de-vacio-sobre-lleno\/","og_locale":"es_ES","og_type":"article","og_title":"La Perforaci\u00f3n: C\u00e1lculo de Vac\u00edo Sobre Lleno - Actis Furio","og_url":"https:\/\/www.actisfurio.com\/es\/la-perforacion-calculo-de-vacio-sobre-lleno\/","og_site_name":"Actis Furio","article_publisher":"https:\/\/www.facebook.com\/actisfurio\/","article_modified_time":"2020-11-03T10:23:50+00:00","og_image":[{"width":1200,"height":799,"url":"https:\/\/www.actisfurio.com\/wp-content\/uploads\/2020\/05\/IMG_3050-LAMIERE-FORO-TONDO-1.jpg","type":"image\/jpeg"}],"twitter_card":"summary_large_image","schema":{"@context":"https:\/\/schema.org","@graph":[{"@type":"Organization","@id":"https:\/\/www.actisfurio.com\/#organization","name":"Actis Furio S.r.l.","url":"https:\/\/www.actisfurio.com\/","sameAs":["https:\/\/www.facebook.com\/actisfurio\/","https:\/\/www.youtube.com\/channel\/UCRnAgFJIsFSmzi1HJ9jwQZA"],"logo":{"@type":"ImageObject","@id":"https:\/\/www.actisfurio.com\/#logo","inLanguage":"es","url":"https:\/\/www.actisfurio.com\/wp-content\/uploads\/2020\/04\/logo-Actis-Blu-400x160-1.png","contentUrl":"https:\/\/www.actisfurio.com\/wp-content\/uploads\/2020\/04\/logo-Actis-Blu-400x160-1.png","width":400,"height":157,"caption":"Actis Furio S.r.l."},"image":{"@id":"https:\/\/www.actisfurio.com\/#logo"}},{"@type":"WebSite","@id":"https:\/\/www.actisfurio.com\/#website","url":"https:\/\/www.actisfurio.com\/","name":"Actis Furio","description":"Lamiere forate e reti metalliche","publisher":{"@id":"https:\/\/www.actisfurio.com\/#organization"},"potentialAction":[{"@type":"SearchAction","target":{"@type":"EntryPoint","urlTemplate":"https:\/\/www.actisfurio.com\/?s={search_term_string}"},"query-input":"required name=search_term_string"}],"inLanguage":"es"},{"@type":"ImageObject","@id":"https:\/\/www.actisfurio.com\/es\/la-perforacion-calculo-de-vacio-sobre-lleno\/#primaryimage","inLanguage":"es","url":"https:\/\/www.actisfurio.com\/wp-content\/uploads\/2020\/05\/IMG_3050-LAMIERE-FORO-TONDO-1.jpg","contentUrl":"https:\/\/www.actisfurio.com\/wp-content\/uploads\/2020\/05\/IMG_3050-LAMIERE-FORO-TONDO-1.jpg","width":1200,"height":799},{"@type":"WebPage","@id":"https:\/\/www.actisfurio.com\/es\/la-perforacion-calculo-de-vacio-sobre-lleno\/#webpage","url":"https:\/\/www.actisfurio.com\/es\/la-perforacion-calculo-de-vacio-sobre-lleno\/","name":"La Perforaci\u00f3n: C\u00e1lculo de Vac\u00edo Sobre Lleno - Actis Furio","isPartOf":{"@id":"https:\/\/www.actisfurio.com\/#website"},"primaryImageOfPage":{"@id":"https:\/\/www.actisfurio.com\/es\/la-perforacion-calculo-de-vacio-sobre-lleno\/#primaryimage"},"datePublished":"2020-10-28T14:04:06+00:00","dateModified":"2020-11-03T10:23:50+00:00","breadcrumb":{"@id":"https:\/\/www.actisfurio.com\/es\/la-perforacion-calculo-de-vacio-sobre-lleno\/#breadcrumb"},"inLanguage":"es","potentialAction":[{"@type":"ReadAction","target":["https:\/\/www.actisfurio.com\/es\/la-perforacion-calculo-de-vacio-sobre-lleno\/"]}]},{"@type":"BreadcrumbList","@id":"https:\/\/www.actisfurio.com\/es\/la-perforacion-calculo-de-vacio-sobre-lleno\/#breadcrumb","itemListElement":[{"@type":"ListItem","position":1,"name":"Home","item":"https:\/\/www.actisfurio.com\/es\/"},{"@type":"ListItem","position":2,"name":"La Perforaci\u00f3n: C\u00e1lculo de Vac\u00edo Sobre Lleno"}]}]}},"_links":{"self":[{"href":"https:\/\/www.actisfurio.com\/es\/wp-json\/wp\/v2\/pages\/5733"}],"collection":[{"href":"https:\/\/www.actisfurio.com\/es\/wp-json\/wp\/v2\/pages"}],"about":[{"href":"https:\/\/www.actisfurio.com\/es\/wp-json\/wp\/v2\/types\/page"}],"author":[{"embeddable":true,"href":"https:\/\/www.actisfurio.com\/es\/wp-json\/wp\/v2\/users\/1"}],"replies":[{"embeddable":true,"href":"https:\/\/www.actisfurio.com\/es\/wp-json\/wp\/v2\/comments?post=5733"}],"version-history":[{"count":1,"href":"https:\/\/www.actisfurio.com\/es\/wp-json\/wp\/v2\/pages\/5733\/revisions"}],"predecessor-version":[{"id":5734,"href":"https:\/\/www.actisfurio.com\/es\/wp-json\/wp\/v2\/pages\/5733\/revisions\/5734"}],"wp:featuredmedia":[{"embeddable":true,"href":"https:\/\/www.actisfurio.com\/es\/wp-json\/wp\/v2\/media\/2528"}],"wp:attachment":[{"href":"https:\/\/www.actisfurio.com\/es\/wp-json\/wp\/v2\/media?parent=5733"}],"curies":[{"name":"wp","href":"https:\/\/api.w.org\/{rel}","templated":true}]}}