{"id":5736,"date":"2020-10-28T15:06:19","date_gmt":"2020-10-28T14:06:19","guid":{"rendered":"https:\/\/actisfurio.com\/?page_id=5736"},"modified":"2024-03-25T10:41:49","modified_gmt":"2024-03-25T09:41:49","slug":"ficha-de-datos-vacio-sobre-lleno","status":"publish","type":"page","link":"https:\/\/www.actisfurio.com\/es\/la-perforacion-calculo-de-vacio-sobre-lleno\/ficha-de-datos-vacio-sobre-lleno\/","title":{"rendered":"Ficha de Datos &#8211; Vac\u00edo Sobre Lleno"},"content":{"rendered":"\t\t<div data-elementor-type=\"wp-page\" data-elementor-id=\"5736\" class=\"elementor elementor-5736 elementor-1875\" data-elementor-settings=\"[]\">\n\t\t\t\t\t\t<div class=\"elementor-inner\">\n\t\t\t\t\t\t\t<div class=\"elementor-section-wrap\">\n\t\t\t\t\t\t\t<section class=\"elementor-section elementor-top-section elementor-element elementor-element-650197a7 elementor-section-boxed elementor-section-height-default elementor-section-height-default\" data-id=\"650197a7\" data-element_type=\"section\" data-settings=\"{&quot;background_background&quot;:&quot;classic&quot;}\">\n\t\t\t\t\t\t<div class=\"elementor-container elementor-column-gap-default\">\n\t\t\t\t\t\t\t<div class=\"elementor-row\">\n\t\t\t\t\t<div class=\"elementor-column elementor-col-100 elementor-top-column elementor-element elementor-element-7db3e703\" data-id=\"7db3e703\" data-element_type=\"column\">\n\t\t\t<div class=\"elementor-column-wrap elementor-element-populated\">\n\t\t\t\t\t\t\t<div class=\"elementor-widget-wrap\">\n\t\t\t\t\t\t<div class=\"elementor-element elementor-element-6a8904f2 elementor-widget elementor-widget-iheading\" data-id=\"6a8904f2\" data-element_type=\"widget\" data-widget_type=\"iheading.default\">\n\t\t\t\t<div class=\"elementor-widget-container\">\n\t\t\t\t\t<div class=\"section-head\">\n\t        \t            <h6 class=\"text-primary\">\u00bfEST\u00c1 INTERESADO EN COMPRAR ESTA CHAPA PERFORADA?<\/h6>\n\t        \t        <h2 class=\"section-title\">Solicitar Estimar <span class=\"text-primary\"><\/span><\/h2>\n\t        \t    <\/div>\n\t    \t\t<\/div>\n\t\t\t\t<\/div>\n\t\t\t\t<div class=\"elementor-element elementor-element-80a71df elementor-widget elementor-widget-text-editor\" data-id=\"80a71df\" data-element_type=\"widget\" data-widget_type=\"text-editor.default\">\n\t\t\t\t<div class=\"elementor-widget-container\">\n\t\t\t\t\t<div class=\"elementor-text-editor elementor-clearfix\"><p>No vendemos a particulares<\/p><\/div>\n\t\t\t\t<\/div>\n\t\t\t\t<\/div>\n\t\t\t\t<div class=\"elementor-element elementor-element-7f1694a6 elementor-button-align-stretch elementor-widget elementor-widget-form\" data-id=\"7f1694a6\" data-element_type=\"widget\" data-settings=\"{&quot;step_next_label&quot;:&quot;Successivo&quot;,&quot;step_previous_label&quot;:&quot;Precedente&quot;,&quot;button_width&quot;:&quot;100&quot;,&quot;step_type&quot;:&quot;number_text&quot;,&quot;step_icon_shape&quot;:&quot;circle&quot;}\" data-widget_type=\"form.default\">\n\t\t\t\t<div class=\"elementor-widget-container\">\n\t\t\t\t\t<form class=\"elementor-form\" method=\"post\" id=\"form-vsp\" name=\"Preventivo da VSP\">\n\t\t\t<input type=\"hidden\" name=\"post_id\" value=\"5736\"\/>\n\t\t\t<input type=\"hidden\" name=\"form_id\" value=\"7f1694a6\"\/>\n\n\t\t\t\n\t\t\t<div class=\"elementor-form-fields-wrapper elementor-labels-above\">\n\t\t\t\t\t\t\t\t<div class=\"elementor-field-type-text elementor-field-group elementor-column elementor-field-group-name elementor-col-33 elementor-field-required elementor-mark-required\">\n\t\t\t\t\t<label for=\"form-field-name\" class=\"elementor-field-label\">Nombre y Apellido<\/label><input size=\"1\" type=\"text\" name=\"form_fields[name]\" id=\"form-field-name\" class=\"elementor-field elementor-size-sm  elementor-field-textual\" required=\"required\" aria-required=\"true\">\t\t\t\t<\/div>\n\t\t\t\t\t\t\t\t<div class=\"elementor-field-type-email elementor-field-group elementor-column elementor-field-group-email elementor-col-33 elementor-field-required elementor-mark-required\">\n\t\t\t\t\t<label for=\"form-field-email\" class=\"elementor-field-label\">Correo Electr\u00f3nico<\/label><input size=\"1\" type=\"email\" name=\"form_fields[email]\" id=\"form-field-email\" class=\"elementor-field elementor-size-sm  elementor-field-textual\" required=\"required\" aria-required=\"true\">\t\t\t\t<\/div>\n\t\t\t\t\t\t\t\t<div class=\"elementor-field-type-text elementor-field-group elementor-column elementor-field-group-telefono elementor-col-33\">\n\t\t\t\t\t<label for=\"form-field-telefono\" class=\"elementor-field-label\">Tel\u00e9fono<\/label><input size=\"1\" type=\"text\" name=\"form_fields[telefono]\" id=\"form-field-telefono\" class=\"elementor-field elementor-size-sm  elementor-field-textual\">\t\t\t\t<\/div>\n\t\t\t\t\t\t\t\t<div class=\"elementor-field-type-text elementor-field-group elementor-column elementor-field-group-field_e541d7e elementor-col-33 elementor-field-required elementor-mark-required\">\n\t\t\t\t\t<label for=\"form-field-field_e541d7e\" class=\"elementor-field-label\">Empresa<\/label><input size=\"1\" type=\"text\" name=\"form_fields[field_e541d7e]\" id=\"form-field-field_e541d7e\" class=\"elementor-field elementor-size-sm  elementor-field-textual\" required=\"required\" aria-required=\"true\">\t\t\t\t<\/div>\n\t\t\t\t\t\t\t\t<div class=\"elementor-field-type-number elementor-field-group elementor-column elementor-field-group-field_6792a37 elementor-col-33\">\n\t\t\t\t\t<label for=\"form-field-field_6792a37\" class=\"elementor-field-label\">N\u00famero de Chapas<\/label><input type=\"number\" name=\"form_fields[field_6792a37]\" id=\"form-field-field_6792a37\" class=\"elementor-field elementor-size-sm  elementor-field-textual\" min=\"\" max=\"\">\t\t\t\t<\/div>\n\t\t\t\t\t\t\t\t<div class=\"elementor-field-type-acceptance elementor-field-group elementor-column elementor-field-group-privacy elementor-col-100 elementor-field-required elementor-mark-required\">\n\t\t\t\t\t<div class=\"elementor-field-subgroup\"><span class=\"elementor-field-option\"><input type=\"checkbox\" name=\"form_fields[privacy]\" id=\"form-field-privacy\" class=\"elementor-field elementor-size-sm  elementor-acceptance-field\" required=\"required\" aria-required=\"true\"> <label for=\"form-field-privacy\">* <small>Autorizo el tratamiento de mis datos personales de acuerdo con la  <a href=\"https:\/\/www.actisfurio.com\/es\/politica-de-confidencialidad-y-cookies\/\" target=\"_blank\">pol\u00edtica de privacidad<\/a><\/small><\/label><\/span><\/div>\t\t\t\t<\/div>\n\t\t\t\t\t\t\t\t<div class=\"elementor-field-type-hidden elementor-field-group elementor-column elementor-field-group-tipologiaforo elementor-col-100\">\n\t\t\t\t\t<input size=\"1\" type=\"hidden\" name=\"form_fields[tipologiaforo]\" id=\"form-field-tipologiaforo\" class=\"elementor-field elementor-size-sm  elementor-field-textual\">\t\t\t\t<\/div>\n\t\t\t\t\t\t\t\t<div class=\"elementor-field-type-hidden elementor-field-group elementor-column elementor-field-group-diametro elementor-col-100\">\n\t\t\t\t\t<input size=\"1\" type=\"hidden\" name=\"form_fields[diametro]\" id=\"form-field-diametro\" class=\"elementor-field elementor-size-sm  elementor-field-textual\">\t\t\t\t<\/div>\n\t\t\t\t\t\t\t\t<div class=\"elementor-field-type-hidden elementor-field-group elementor-column elementor-field-group-lato elementor-col-100\">\n\t\t\t\t\t<input size=\"1\" type=\"hidden\" name=\"form_fields[lato]\" id=\"form-field-lato\" class=\"elementor-field elementor-size-sm  elementor-field-textual\">\t\t\t\t<\/div>\n\t\t\t\t\t\t\t\t<div class=\"elementor-field-type-hidden elementor-field-group elementor-column elementor-field-group-passo elementor-col-100\">\n\t\t\t\t\t<input size=\"1\" type=\"hidden\" name=\"form_fields[passo]\" id=\"form-field-passo\" class=\"elementor-field elementor-size-sm  elementor-field-textual\">\t\t\t\t<\/div>\n\t\t\t\t\t\t\t\t<div class=\"elementor-field-type-hidden elementor-field-group elementor-column elementor-field-group-larghezza elementor-col-100\">\n\t\t\t\t\t<input size=\"1\" type=\"hidden\" name=\"form_fields[larghezza]\" id=\"form-field-larghezza\" class=\"elementor-field elementor-size-sm  elementor-field-textual\">\t\t\t\t<\/div>\n\t\t\t\t\t\t\t\t<div class=\"elementor-field-type-hidden elementor-field-group elementor-column elementor-field-group-altezza elementor-col-100\">\n\t\t\t\t\t<input size=\"1\" type=\"hidden\" name=\"form_fields[altezza]\" id=\"form-field-altezza\" class=\"elementor-field elementor-size-sm  elementor-field-textual\">\t\t\t\t<\/div>\n\t\t\t\t\t\t\t\t<div class=\"elementor-field-type-hidden elementor-field-group elementor-column elementor-field-group-passooriz elementor-col-100\">\n\t\t\t\t\t<input size=\"1\" type=\"hidden\" name=\"form_fields[passooriz]\" id=\"form-field-passooriz\" class=\"elementor-field elementor-size-sm  elementor-field-textual\">\t\t\t\t<\/div>\n\t\t\t\t\t\t\t\t<div class=\"elementor-field-type-hidden elementor-field-group elementor-column elementor-field-group-passovert elementor-col-100\">\n\t\t\t\t\t<input size=\"1\" type=\"hidden\" name=\"form_fields[passovert]\" id=\"form-field-passovert\" class=\"elementor-field elementor-size-sm  elementor-field-textual\">\t\t\t\t<\/div>\n\t\t\t\t\t\t\t\t<div class=\"elementor-field-type-hidden elementor-field-group elementor-column elementor-field-group-spessore elementor-col-100\">\n\t\t\t\t\t<input size=\"1\" type=\"hidden\" name=\"form_fields[spessore]\" id=\"form-field-spessore\" class=\"elementor-field elementor-size-sm  elementor-field-textual\">\t\t\t\t<\/div>\n\t\t\t\t\t\t\t\t<div class=\"elementor-field-type-hidden elementor-field-group elementor-column elementor-field-group-materiale elementor-col-100\">\n\t\t\t\t\t<input size=\"1\" type=\"hidden\" name=\"form_fields[materiale]\" id=\"form-field-materiale\" class=\"elementor-field elementor-size-sm  elementor-field-textual\">\t\t\t\t<\/div>\n\t\t\t\t\t\t\t\t<div class=\"elementor-field-type-hidden elementor-field-group elementor-column elementor-field-group-altezzalamiera elementor-col-100\">\n\t\t\t\t\t<input size=\"1\" type=\"hidden\" name=\"form_fields[altezzalamiera]\" id=\"form-field-altezzalamiera\" class=\"elementor-field elementor-size-sm  elementor-field-textual\">\t\t\t\t<\/div>\n\t\t\t\t\t\t\t\t<div class=\"elementor-field-type-hidden elementor-field-group elementor-column elementor-field-group-larghezzalamiera elementor-col-100\">\n\t\t\t\t\t<input size=\"1\" type=\"hidden\" name=\"form_fields[larghezzalamiera]\" id=\"form-field-larghezzalamiera\" class=\"elementor-field elementor-size-sm  elementor-field-textual\">\t\t\t\t<\/div>\n\t\t\t\t\t\t\t\t<div class=\"elementor-field-type-text\">\n\t\t\t\t\t<input size=\"1\" type=\"text\" name=\"form_fields[hp]\" id=\"form-field-hp\" class=\"elementor-field elementor-size-sm \" style=\"display:none !important;\">\t\t\t\t<\/div>\n\t\t\t\t\t\t\t\t<div class=\"elementor-field-type-hidden elementor-field-group elementor-column elementor-field-group-idcontatto elementor-col-100\">\n\t\t\t\t\t<input size=\"1\" type=\"hidden\" name=\"form_fields[idcontatto]\" id=\"form-field-idcontatto\" class=\"elementor-field elementor-size-sm  elementor-field-textual\">\t\t\t\t<\/div>\n\t\t\t\t\t\t\t\t<div class=\"elementor-field-group elementor-column elementor-field-type-submit elementor-col-100 e-form__buttons\">\n\t\t\t\t\t<button type=\"submit\" class=\"elementor-button elementor-size-md\">\n\t\t\t\t\t\t<span >\n\t\t\t\t\t\t\t\t\t\t\t\t\t\t\t<span class=\" elementor-button-icon\">\n\t\t\t\t\t\t\t\t\t\t\t\t\t\t\t\t\t\t\t\t\t\t\t\t\t\t<\/span>\n\t\t\t\t\t\t\t\t\t\t\t\t\t\t\t\t\t\t\t\t\t\t<span class=\"elementor-button-text\">Enviar<\/span>\n\t\t\t\t\t\t\t\t\t\t\t\t\t<\/span>\n\t\t\t\t\t<\/button>\n\t\t\t\t<\/div>\n\t\t\t<\/div>\n\t\t<\/form>\n\t\t\t\t<\/div>\n\t\t\t\t<\/div>\n\t\t\t\t\t\t<\/div>\n\t\t\t\t\t<\/div>\n\t\t<\/div>\n\t\t\t\t\t\t\t\t<\/div>\n\t\t\t\t\t<\/div>\n\t\t<\/section>\n\t\t\t\t\t\t<\/div>\n\t\t\t\t\t\t<\/div>\n\t\t\t\t\t<\/div>\n\t\t","protected":false},"excerpt":{"rendered":"<p>\u00bfEST\u00c1 INTERESADO EN COMPRAR ESTA CHAPA PERFORADA? Solicitar Estimar No vendemos a particulares<\/p>\n","protected":false},"author":1,"featured_media":2528,"parent":5733,"menu_order":0,"comment_status":"closed","ping_status":"closed","template":"page-vspresult.php","meta":[],"yoast_head":"<!-- This site is optimized with the Yoast SEO plugin v17.6 - https:\/\/yoast.com\/wordpress\/plugins\/seo\/ -->\n<title>Ficha de Datos - Vac\u00edo Sobre Lleno - Actis Furio<\/title>\n<meta name=\"robots\" content=\"index, follow, max-snippet:-1, max-image-preview:large, max-video-preview:-1\" \/>\n<link rel=\"canonical\" href=\"https:\/\/www.actisfurio.com\/es\/la-perforacion-calculo-de-vacio-sobre-lleno\/ficha-de-datos-vacio-sobre-lleno\/\" \/>\n<meta property=\"og:locale\" content=\"es_ES\" \/>\n<meta property=\"og:type\" content=\"article\" \/>\n<meta property=\"og:title\" content=\"Ficha de Datos - Vac\u00edo Sobre Lleno - Actis Furio\" \/>\n<meta property=\"og:description\" content=\"\u00bfEST\u00c1 INTERESADO EN COMPRAR ESTA CHAPA PERFORADA? Solicitar Estimar No vendemos a particulares\" \/>\n<meta property=\"og:url\" content=\"https:\/\/www.actisfurio.com\/es\/la-perforacion-calculo-de-vacio-sobre-lleno\/ficha-de-datos-vacio-sobre-lleno\/\" \/>\n<meta property=\"og:site_name\" content=\"Actis Furio\" \/>\n<meta property=\"article:publisher\" content=\"https:\/\/www.facebook.com\/actisfurio\/\" \/>\n<meta property=\"article:modified_time\" content=\"2024-03-25T09:41:49+00:00\" \/>\n<meta property=\"og:image\" content=\"https:\/\/www.actisfurio.com\/wp-content\/uploads\/2020\/05\/IMG_3050-LAMIERE-FORO-TONDO-1.jpg\" \/>\n\t<meta property=\"og:image:width\" content=\"1200\" \/>\n\t<meta property=\"og:image:height\" content=\"799\" \/>\n<meta name=\"twitter:card\" content=\"summary_large_image\" \/>\n<meta name=\"twitter:label1\" content=\"Tiempo de lectura\" \/>\n\t<meta name=\"twitter:data1\" content=\"1 minuto\" \/>\n<script type=\"application\/ld+json\" class=\"yoast-schema-graph\">{\"@context\":\"https:\/\/schema.org\",\"@graph\":[{\"@type\":\"Organization\",\"@id\":\"https:\/\/www.actisfurio.com\/#organization\",\"name\":\"Actis Furio S.r.l.\",\"url\":\"https:\/\/www.actisfurio.com\/\",\"sameAs\":[\"https:\/\/www.facebook.com\/actisfurio\/\",\"https:\/\/www.youtube.com\/channel\/UCRnAgFJIsFSmzi1HJ9jwQZA\"],\"logo\":{\"@type\":\"ImageObject\",\"@id\":\"https:\/\/www.actisfurio.com\/#logo\",\"inLanguage\":\"es\",\"url\":\"https:\/\/www.actisfurio.com\/wp-content\/uploads\/2020\/04\/logo-Actis-Blu-400x160-1.png\",\"contentUrl\":\"https:\/\/www.actisfurio.com\/wp-content\/uploads\/2020\/04\/logo-Actis-Blu-400x160-1.png\",\"width\":400,\"height\":157,\"caption\":\"Actis Furio S.r.l.\"},\"image\":{\"@id\":\"https:\/\/www.actisfurio.com\/#logo\"}},{\"@type\":\"WebSite\",\"@id\":\"https:\/\/www.actisfurio.com\/#website\",\"url\":\"https:\/\/www.actisfurio.com\/\",\"name\":\"Actis Furio\",\"description\":\"Lamiere forate e reti metalliche\",\"publisher\":{\"@id\":\"https:\/\/www.actisfurio.com\/#organization\"},\"potentialAction\":[{\"@type\":\"SearchAction\",\"target\":{\"@type\":\"EntryPoint\",\"urlTemplate\":\"https:\/\/www.actisfurio.com\/?s={search_term_string}\"},\"query-input\":\"required name=search_term_string\"}],\"inLanguage\":\"es\"},{\"@type\":\"ImageObject\",\"@id\":\"https:\/\/www.actisfurio.com\/es\/la-perforacion-calculo-de-vacio-sobre-lleno\/ficha-de-datos-vacio-sobre-lleno\/#primaryimage\",\"inLanguage\":\"es\",\"url\":\"https:\/\/www.actisfurio.com\/wp-content\/uploads\/2020\/05\/IMG_3050-LAMIERE-FORO-TONDO-1.jpg\",\"contentUrl\":\"https:\/\/www.actisfurio.com\/wp-content\/uploads\/2020\/05\/IMG_3050-LAMIERE-FORO-TONDO-1.jpg\",\"width\":1200,\"height\":799},{\"@type\":\"WebPage\",\"@id\":\"https:\/\/www.actisfurio.com\/es\/la-perforacion-calculo-de-vacio-sobre-lleno\/ficha-de-datos-vacio-sobre-lleno\/#webpage\",\"url\":\"https:\/\/www.actisfurio.com\/es\/la-perforacion-calculo-de-vacio-sobre-lleno\/ficha-de-datos-vacio-sobre-lleno\/\",\"name\":\"Ficha de Datos - Vac\\u00edo Sobre Lleno - Actis Furio\",\"isPartOf\":{\"@id\":\"https:\/\/www.actisfurio.com\/#website\"},\"primaryImageOfPage\":{\"@id\":\"https:\/\/www.actisfurio.com\/es\/la-perforacion-calculo-de-vacio-sobre-lleno\/ficha-de-datos-vacio-sobre-lleno\/#primaryimage\"},\"datePublished\":\"2020-10-28T14:06:19+00:00\",\"dateModified\":\"2024-03-25T09:41:49+00:00\",\"breadcrumb\":{\"@id\":\"https:\/\/www.actisfurio.com\/es\/la-perforacion-calculo-de-vacio-sobre-lleno\/ficha-de-datos-vacio-sobre-lleno\/#breadcrumb\"},\"inLanguage\":\"es\",\"potentialAction\":[{\"@type\":\"ReadAction\",\"target\":[\"https:\/\/www.actisfurio.com\/es\/la-perforacion-calculo-de-vacio-sobre-lleno\/ficha-de-datos-vacio-sobre-lleno\/\"]}]},{\"@type\":\"BreadcrumbList\",\"@id\":\"https:\/\/www.actisfurio.com\/es\/la-perforacion-calculo-de-vacio-sobre-lleno\/ficha-de-datos-vacio-sobre-lleno\/#breadcrumb\",\"itemListElement\":[{\"@type\":\"ListItem\",\"position\":1,\"name\":\"Home\",\"item\":\"https:\/\/www.actisfurio.com\/es\/\"},{\"@type\":\"ListItem\",\"position\":2,\"name\":\"La Perforaci\\u00f3n: C\\u00e1lculo de Vac\\u00edo Sobre Lleno\",\"item\":\"https:\/\/www.actisfurio.com\/es\/la-perforacion-calculo-de-vacio-sobre-lleno\/\"},{\"@type\":\"ListItem\",\"position\":3,\"name\":\"Ficha de Datos &#8211; Vac\\u00edo Sobre Lleno\"}]}]}<\/script>\n<!-- \/ Yoast SEO plugin. -->","yoast_head_json":{"title":"Ficha de Datos - Vac\u00edo Sobre Lleno - Actis Furio","robots":{"index":"index","follow":"follow","max-snippet":"max-snippet:-1","max-image-preview":"max-image-preview:large","max-video-preview":"max-video-preview:-1"},"canonical":"https:\/\/www.actisfurio.com\/es\/la-perforacion-calculo-de-vacio-sobre-lleno\/ficha-de-datos-vacio-sobre-lleno\/","og_locale":"es_ES","og_type":"article","og_title":"Ficha de Datos - Vac\u00edo Sobre Lleno - Actis Furio","og_description":"\u00bfEST\u00c1 INTERESADO EN COMPRAR ESTA CHAPA PERFORADA? Solicitar Estimar No vendemos a particulares","og_url":"https:\/\/www.actisfurio.com\/es\/la-perforacion-calculo-de-vacio-sobre-lleno\/ficha-de-datos-vacio-sobre-lleno\/","og_site_name":"Actis Furio","article_publisher":"https:\/\/www.facebook.com\/actisfurio\/","article_modified_time":"2024-03-25T09:41:49+00:00","og_image":[{"width":1200,"height":799,"url":"https:\/\/www.actisfurio.com\/wp-content\/uploads\/2020\/05\/IMG_3050-LAMIERE-FORO-TONDO-1.jpg","type":"image\/jpeg"}],"twitter_card":"summary_large_image","twitter_misc":{"Tiempo de lectura":"1 minuto"},"schema":{"@context":"https:\/\/schema.org","@graph":[{"@type":"Organization","@id":"https:\/\/www.actisfurio.com\/#organization","name":"Actis Furio S.r.l.","url":"https:\/\/www.actisfurio.com\/","sameAs":["https:\/\/www.facebook.com\/actisfurio\/","https:\/\/www.youtube.com\/channel\/UCRnAgFJIsFSmzi1HJ9jwQZA"],"logo":{"@type":"ImageObject","@id":"https:\/\/www.actisfurio.com\/#logo","inLanguage":"es","url":"https:\/\/www.actisfurio.com\/wp-content\/uploads\/2020\/04\/logo-Actis-Blu-400x160-1.png","contentUrl":"https:\/\/www.actisfurio.com\/wp-content\/uploads\/2020\/04\/logo-Actis-Blu-400x160-1.png","width":400,"height":157,"caption":"Actis Furio S.r.l."},"image":{"@id":"https:\/\/www.actisfurio.com\/#logo"}},{"@type":"WebSite","@id":"https:\/\/www.actisfurio.com\/#website","url":"https:\/\/www.actisfurio.com\/","name":"Actis Furio","description":"Lamiere forate e reti metalliche","publisher":{"@id":"https:\/\/www.actisfurio.com\/#organization"},"potentialAction":[{"@type":"SearchAction","target":{"@type":"EntryPoint","urlTemplate":"https:\/\/www.actisfurio.com\/?s={search_term_string}"},"query-input":"required name=search_term_string"}],"inLanguage":"es"},{"@type":"ImageObject","@id":"https:\/\/www.actisfurio.com\/es\/la-perforacion-calculo-de-vacio-sobre-lleno\/ficha-de-datos-vacio-sobre-lleno\/#primaryimage","inLanguage":"es","url":"https:\/\/www.actisfurio.com\/wp-content\/uploads\/2020\/05\/IMG_3050-LAMIERE-FORO-TONDO-1.jpg","contentUrl":"https:\/\/www.actisfurio.com\/wp-content\/uploads\/2020\/05\/IMG_3050-LAMIERE-FORO-TONDO-1.jpg","width":1200,"height":799},{"@type":"WebPage","@id":"https:\/\/www.actisfurio.com\/es\/la-perforacion-calculo-de-vacio-sobre-lleno\/ficha-de-datos-vacio-sobre-lleno\/#webpage","url":"https:\/\/www.actisfurio.com\/es\/la-perforacion-calculo-de-vacio-sobre-lleno\/ficha-de-datos-vacio-sobre-lleno\/","name":"Ficha de Datos - Vac\u00edo Sobre Lleno - Actis Furio","isPartOf":{"@id":"https:\/\/www.actisfurio.com\/#website"},"primaryImageOfPage":{"@id":"https:\/\/www.actisfurio.com\/es\/la-perforacion-calculo-de-vacio-sobre-lleno\/ficha-de-datos-vacio-sobre-lleno\/#primaryimage"},"datePublished":"2020-10-28T14:06:19+00:00","dateModified":"2024-03-25T09:41:49+00:00","breadcrumb":{"@id":"https:\/\/www.actisfurio.com\/es\/la-perforacion-calculo-de-vacio-sobre-lleno\/ficha-de-datos-vacio-sobre-lleno\/#breadcrumb"},"inLanguage":"es","potentialAction":[{"@type":"ReadAction","target":["https:\/\/www.actisfurio.com\/es\/la-perforacion-calculo-de-vacio-sobre-lleno\/ficha-de-datos-vacio-sobre-lleno\/"]}]},{"@type":"BreadcrumbList","@id":"https:\/\/www.actisfurio.com\/es\/la-perforacion-calculo-de-vacio-sobre-lleno\/ficha-de-datos-vacio-sobre-lleno\/#breadcrumb","itemListElement":[{"@type":"ListItem","position":1,"name":"Home","item":"https:\/\/www.actisfurio.com\/es\/"},{"@type":"ListItem","position":2,"name":"La Perforaci\u00f3n: C\u00e1lculo de Vac\u00edo Sobre Lleno","item":"https:\/\/www.actisfurio.com\/es\/la-perforacion-calculo-de-vacio-sobre-lleno\/"},{"@type":"ListItem","position":3,"name":"Ficha de Datos &#8211; Vac\u00edo Sobre Lleno"}]}]}},"_links":{"self":[{"href":"https:\/\/www.actisfurio.com\/es\/wp-json\/wp\/v2\/pages\/5736"}],"collection":[{"href":"https:\/\/www.actisfurio.com\/es\/wp-json\/wp\/v2\/pages"}],"about":[{"href":"https:\/\/www.actisfurio.com\/es\/wp-json\/wp\/v2\/types\/page"}],"author":[{"embeddable":true,"href":"https:\/\/www.actisfurio.com\/es\/wp-json\/wp\/v2\/users\/1"}],"replies":[{"embeddable":true,"href":"https:\/\/www.actisfurio.com\/es\/wp-json\/wp\/v2\/comments?post=5736"}],"version-history":[{"count":58,"href":"https:\/\/www.actisfurio.com\/es\/wp-json\/wp\/v2\/pages\/5736\/revisions"}],"predecessor-version":[{"id":8395,"href":"https:\/\/www.actisfurio.com\/es\/wp-json\/wp\/v2\/pages\/5736\/revisions\/8395"}],"up":[{"embeddable":true,"href":"https:\/\/www.actisfurio.com\/es\/wp-json\/wp\/v2\/pages\/5733"}],"wp:featuredmedia":[{"embeddable":true,"href":"https:\/\/www.actisfurio.com\/es\/wp-json\/wp\/v2\/media\/2528"}],"wp:attachment":[{"href":"https:\/\/www.actisfurio.com\/es\/wp-json\/wp\/v2\/media?parent=5736"}],"curies":[{"name":"wp","href":"https:\/\/api.w.org\/{rel}","templated":true}]}}