{"id":5776,"date":"2020-10-28T15:19:01","date_gmt":"2020-10-28T14:19:01","guid":{"rendered":"https:\/\/actisfurio.com\/?page_id=5776"},"modified":"2020-11-04T15:18:36","modified_gmt":"2020-11-04T14:18:36","slug":"tejido-cruzado","status":"publish","type":"page","link":"https:\/\/www.actisfurio.com\/es\/productos\/telas-metalicas\/tejido-cruzado\/","title":{"rendered":"Tejido Cruzado"},"content":{"rendered":"\t\t<div data-elementor-type=\"wp-post\" data-elementor-id=\"5776\" class=\"elementor elementor-5776 elementor-3191\" data-elementor-settings=\"[]\">\n\t\t\t\t\t\t<div class=\"elementor-inner\">\n\t\t\t\t\t\t\t<div class=\"elementor-section-wrap\">\n\t\t\t\t\t\t\t<section class=\"elementor-section elementor-top-section elementor-element elementor-element-4eb1d62 elementor-section-boxed elementor-section-height-default elementor-section-height-default\" data-id=\"4eb1d62\" data-element_type=\"section\">\n\t\t\t\t\t\t<div class=\"elementor-container elementor-column-gap-extended\">\n\t\t\t\t\t\t\t<div class=\"elementor-row\">\n\t\t\t\t\t<div class=\"elementor-column elementor-col-66 elementor-top-column elementor-element elementor-element-c7cf5c7\" data-id=\"c7cf5c7\" data-element_type=\"column\">\n\t\t\t<div class=\"elementor-column-wrap elementor-element-populated\">\n\t\t\t\t\t\t\t<div class=\"elementor-widget-wrap\">\n\t\t\t\t\t\t<div class=\"elementor-element elementor-element-bf2f458 elementor-widget elementor-widget-heading\" data-id=\"bf2f458\" data-element_type=\"widget\" data-widget_type=\"heading.default\">\n\t\t\t\t<div class=\"elementor-widget-container\">\n\t\t\t<h5 class=\"elementor-heading-title elementor-size-default\">Telas met\u00e1licas para filtros, coladores, escenarios, sector qu\u00edmico...<\/h5>\t\t<\/div>\n\t\t\t\t<\/div>\n\t\t\t\t<div class=\"elementor-element elementor-element-4ea1332 elementor-widget elementor-widget-text-editor\" data-id=\"4ea1332\" data-element_type=\"widget\" data-widget_type=\"text-editor.default\">\n\t\t\t\t<div class=\"elementor-widget-container\">\n\t\t\t\t\t<div class=\"elementor-text-editor elementor-clearfix\"><p>Los hilos de urdimbre y trama de las <strong>telas met\u00e1licas de tejido cruzado<\/strong> se entrelazan alternativamente dos abajo y dos arriba. En este tejido, los hilos forman \u00e1ngulos diferentes de 90 \u00b0 debido al efecto de tensiones no compensadas.<\/p><p>Generalmente se realiza para tejidos muy finos, por encima del n\u00b0 220, o cuando es necesario utilizar hilos de gran di\u00e1metro respecto al hueco de la malla.<\/p><\/div>\n\t\t\t\t<\/div>\n\t\t\t\t<\/div>\n\t\t\t\t\t\t<\/div>\n\t\t\t\t\t<\/div>\n\t\t<\/div>\n\t\t\t\t<div class=\"elementor-column elementor-col-33 elementor-top-column elementor-element elementor-element-6c0e406\" data-id=\"6c0e406\" data-element_type=\"column\">\n\t\t\t<div class=\"elementor-column-wrap elementor-element-populated\">\n\t\t\t\t\t\t\t<div class=\"elementor-widget-wrap\">\n\t\t\t\t\t\t<div class=\"elementor-element elementor-element-df2760d elementor-widget elementor-widget-image\" data-id=\"df2760d\" data-element_type=\"widget\" data-widget_type=\"image.default\">\n\t\t\t\t<div class=\"elementor-widget-container\">\n\t\t\t\t\t<div class=\"elementor-image\">\n\t\t\t\t\t\t\t\t\t\t<img width=\"517\" height=\"211\" src=\"https:\/\/www.actisfurio.com\/wp-content\/uploads\/2020\/07\/tessuto-crociato.png\" class=\"attachment-large size-large\" alt=\"\" loading=\"lazy\" srcset=\"https:\/\/www.actisfurio.com\/wp-content\/uploads\/2020\/07\/tessuto-crociato.png 517w, https:\/\/www.actisfurio.com\/wp-content\/uploads\/2020\/07\/tessuto-crociato-300x122.png 300w\" sizes=\"(max-width: 517px) 100vw, 517px\" \/>\t\t\t\t\t\t\t\t\t\t\t<\/div>\n\t\t\t\t<\/div>\n\t\t\t\t<\/div>\n\t\t\t\t\t\t<\/div>\n\t\t\t\t\t<\/div>\n\t\t<\/div>\n\t\t\t\t\t\t\t\t<\/div>\n\t\t\t\t\t<\/div>\n\t\t<\/section>\n\t\t\t\t<section class=\"elementor-section elementor-top-section elementor-element elementor-element-5e7e907 elementor-section-boxed elementor-section-height-default elementor-section-height-default\" data-id=\"5e7e907\" data-element_type=\"section\" data-settings=\"{&quot;background_background&quot;:&quot;classic&quot;}\">\n\t\t\t\t\t\t<div class=\"elementor-container elementor-column-gap-default\">\n\t\t\t\t\t\t\t<div class=\"elementor-row\">\n\t\t\t\t\t<div class=\"elementor-column elementor-col-100 elementor-top-column elementor-element elementor-element-de2163d\" data-id=\"de2163d\" data-element_type=\"column\">\n\t\t\t<div class=\"elementor-column-wrap elementor-element-populated\">\n\t\t\t\t\t\t\t<div class=\"elementor-widget-wrap\">\n\t\t\t\t\t\t<div class=\"elementor-element elementor-element-896034d elementor-widget elementor-widget-template\" data-id=\"896034d\" data-element_type=\"widget\" data-widget_type=\"template.default\">\n\t\t\t\t<div class=\"elementor-widget-container\">\n\t\t\t\t\t<div class=\"elementor-template\">\n\t\t\t\t\t<div data-elementor-type=\"section\" data-elementor-id=\"5864\" class=\"elementor elementor-5864 elementor-2634\" data-elementor-settings=\"[]\">\n\t\t<div class=\"elementor-section-wrap\">\n\t\t\t\t\t<section class=\"elementor-section elementor-top-section elementor-element elementor-element-6da12d90 elementor-section-boxed elementor-section-height-default elementor-section-height-default\" data-id=\"6da12d90\" data-element_type=\"section\" data-settings=\"{&quot;background_background&quot;:&quot;classic&quot;}\">\n\t\t\t\t\t\t<div class=\"elementor-container elementor-column-gap-default\">\n\t\t\t\t\t\t\t<div class=\"elementor-row\">\n\t\t\t\t\t<div class=\"elementor-column elementor-col-100 elementor-top-column elementor-element elementor-element-6b03f212\" data-id=\"6b03f212\" data-element_type=\"column\">\n\t\t\t<div class=\"elementor-column-wrap elementor-element-populated\">\n\t\t\t\t\t\t\t<div class=\"elementor-widget-wrap\">\n\t\t\t\t\t\t<div class=\"elementor-element elementor-element-5f62d164 elementor-widget elementor-widget-iheading\" data-id=\"5f62d164\" data-element_type=\"widget\" data-widget_type=\"iheading.default\">\n\t\t\t\t<div class=\"elementor-widget-container\">\n\t\t\t\t\t<div class=\"section-head\">\n\t        \t            <h6 class=\"text-primary\">SOLICITAR INFORMACIONES Y PRECIOS<\/h6>\n\t        \t        <h2 class=\"section-title\">Contacte ya con nosotros <span class=\"text-primary\"><\/span><\/h2>\n\t        \t    <\/div>\n\t    \t\t<\/div>\n\t\t\t\t<\/div>\n\t\t\t\t<div class=\"elementor-element elementor-element-40bf192 elementor-widget elementor-widget-text-editor\" data-id=\"40bf192\" data-element_type=\"widget\" data-widget_type=\"text-editor.default\">\n\t\t\t\t<div class=\"elementor-widget-container\">\n\t\t\t\t\t<div class=\"elementor-text-editor elementor-clearfix\"><p>No vendemos a particulares<\/p><\/div>\n\t\t\t\t<\/div>\n\t\t\t\t<\/div>\n\t\t\t\t<div class=\"elementor-element elementor-element-23aa2e6b elementor-button-align-stretch elementor-widget elementor-widget-form\" data-id=\"23aa2e6b\" data-element_type=\"widget\" data-settings=\"{&quot;step_next_label&quot;:&quot;Successivo&quot;,&quot;step_previous_label&quot;:&quot;Precedente&quot;,&quot;button_width&quot;:&quot;100&quot;,&quot;step_type&quot;:&quot;number_text&quot;,&quot;step_icon_shape&quot;:&quot;circle&quot;}\" data-widget_type=\"form.default\">\n\t\t\t\t<div class=\"elementor-widget-container\">\n\t\t\t\t\t<form class=\"elementor-form\" method=\"post\" id=\"form-cat-prod\" name=\"Nuovo modulo\">\n\t\t\t<input type=\"hidden\" name=\"post_id\" value=\"5864\"\/>\n\t\t\t<input type=\"hidden\" name=\"form_id\" value=\"23aa2e6b\"\/>\n\n\t\t\t\n\t\t\t<div class=\"elementor-form-fields-wrapper elementor-labels-above\">\n\t\t\t\t\t\t\t\t<div class=\"elementor-field-type-text elementor-field-group elementor-column elementor-field-group-name elementor-col-25 elementor-field-required elementor-mark-required\">\n\t\t\t\t\t<label for=\"form-field-name\" class=\"elementor-field-label\">Nombre y Apellido<\/label><input size=\"1\" type=\"text\" name=\"form_fields[name]\" id=\"form-field-name\" class=\"elementor-field elementor-size-sm  elementor-field-textual\" required=\"required\" aria-required=\"true\">\t\t\t\t<\/div>\n\t\t\t\t\t\t\t\t<div class=\"elementor-field-type-email elementor-field-group elementor-column elementor-field-group-email elementor-col-25 elementor-field-required elementor-mark-required\">\n\t\t\t\t\t<label for=\"form-field-email\" class=\"elementor-field-label\">Correo Electr\u00f3nico<\/label><input size=\"1\" type=\"email\" name=\"form_fields[email]\" id=\"form-field-email\" class=\"elementor-field elementor-size-sm  elementor-field-textual\" required=\"required\" aria-required=\"true\">\t\t\t\t<\/div>\n\t\t\t\t\t\t\t\t<div class=\"elementor-field-type-text elementor-field-group elementor-column elementor-field-group-telefono elementor-col-25\">\n\t\t\t\t\t<label for=\"form-field-telefono\" class=\"elementor-field-label\">Tel\u00e9fono<\/label><input size=\"1\" type=\"text\" name=\"form_fields[telefono]\" id=\"form-field-telefono\" class=\"elementor-field elementor-size-sm  elementor-field-textual\">\t\t\t\t<\/div>\n\t\t\t\t\t\t\t\t<div class=\"elementor-field-type-text elementor-field-group elementor-column elementor-field-group-aziendaprivato elementor-col-25 elementor-field-required elementor-mark-required\">\n\t\t\t\t\t<label for=\"form-field-aziendaprivato\" class=\"elementor-field-label\">Empresa<\/label><input size=\"1\" type=\"text\" name=\"form_fields[aziendaprivato]\" id=\"form-field-aziendaprivato\" class=\"elementor-field elementor-size-sm  elementor-field-textual\" required=\"required\" aria-required=\"true\">\t\t\t\t<\/div>\n\t\t\t\t\t\t\t\t<div class=\"elementor-field-type-textarea elementor-field-group elementor-column elementor-field-group-message elementor-col-100\">\n\t\t\t\t\t<label for=\"form-field-message\" class=\"elementor-field-label\">Mensaje<\/label><textarea class=\"elementor-field-textual elementor-field  elementor-size-sm\" name=\"form_fields[message]\" id=\"form-field-message\" rows=\"2\"><\/textarea>\t\t\t\t<\/div>\n\t\t\t\t\t\t\t\t<div class=\"elementor-field-type-acceptance elementor-field-group elementor-column elementor-field-group-privacy elementor-col-100 elementor-field-required elementor-mark-required\">\n\t\t\t\t\t<div class=\"elementor-field-subgroup\"><span class=\"elementor-field-option\"><input type=\"checkbox\" name=\"form_fields[privacy]\" id=\"form-field-privacy\" class=\"elementor-field elementor-size-sm  elementor-acceptance-field\" required=\"required\" aria-required=\"true\"> <label for=\"form-field-privacy\">* <small>Autorizo el tratamiento de mis datos personales de acuerdo con la <a href=\"https:\/\/www.actisfurio.com\/es\/politica-de-confidencialidad-y-cookies\/\" target=\"_blank\">pol\u00edtica de privacidad<\/a><\/small><\/label><\/span><\/div>\t\t\t\t<\/div>\n\t\t\t\t\t\t\t\t<div class=\"elementor-field-type-text\">\n\t\t\t\t\t<input size=\"1\" type=\"text\" name=\"form_fields[field_56467c9]\" id=\"form-field-field_56467c9\" class=\"elementor-field elementor-size-sm \" style=\"display:none !important;\">\t\t\t\t<\/div>\n\t\t\t\t\t\t\t\t<div class=\"elementor-field-type-hidden elementor-field-group elementor-column elementor-field-group-idcontatto elementor-col-100\">\n\t\t\t\t\t<input size=\"1\" type=\"hidden\" name=\"form_fields[idcontatto]\" id=\"form-field-idcontatto\" class=\"elementor-field elementor-size-sm  elementor-field-textual\">\t\t\t\t<\/div>\n\t\t\t\t\t\t\t\t<div class=\"elementor-field-group elementor-column elementor-field-type-submit elementor-col-100 e-form__buttons\">\n\t\t\t\t\t<button type=\"submit\" class=\"elementor-button elementor-size-md\">\n\t\t\t\t\t\t<span >\n\t\t\t\t\t\t\t\t\t\t\t\t\t\t\t<span class=\" elementor-button-icon\">\n\t\t\t\t\t\t\t\t\t\t\t\t\t\t\t\t\t\t\t\t\t\t\t\t\t\t<\/span>\n\t\t\t\t\t\t\t\t\t\t\t\t\t\t\t\t\t\t\t\t\t\t<span class=\"elementor-button-text\">Enviar<\/span>\n\t\t\t\t\t\t\t\t\t\t\t\t\t<\/span>\n\t\t\t\t\t<\/button>\n\t\t\t\t<\/div>\n\t\t\t<\/div>\n\t\t<\/form>\n\t\t\t\t<\/div>\n\t\t\t\t<\/div>\n\t\t\t\t\t\t<\/div>\n\t\t\t\t\t<\/div>\n\t\t<\/div>\n\t\t\t\t\t\t\t\t<\/div>\n\t\t\t\t\t<\/div>\n\t\t<\/section>\n\t\t\t\t<\/div>\n\t\t<\/div>\n\t\t\t\t<\/div>\n\t\t\t\t<\/div>\n\t\t\t\t<\/div>\n\t\t\t\t\t\t<\/div>\n\t\t\t\t\t<\/div>\n\t\t<\/div>\n\t\t\t\t\t\t\t\t<\/div>\n\t\t\t\t\t<\/div>\n\t\t<\/section>\n\t\t\t\t\t\t<\/div>\n\t\t\t\t\t\t<\/div>\n\t\t\t\t\t<\/div>\n\t\t","protected":false},"excerpt":{"rendered":"<p>Telas met\u00e1licas para filtros, coladores, escenarios, sector qu\u00edmico&#8230; Los hilos de urdimbre y trama de las telas met\u00e1licas de tejido cruzado se entrelazan alternativamente dos abajo y dos arriba. En este tejido, los hilos forman \u00e1ngulos diferentes de 90 \u00b0 debido al efecto de tensiones no compensadas. Generalmente se realiza para tejidos muy finos, por [&hellip;]<\/p>\n","protected":false},"author":1,"featured_media":3180,"parent":5774,"menu_order":0,"comment_status":"closed","ping_status":"closed","template":"","meta":[],"yoast_head":"<!-- This site is optimized with the Yoast SEO plugin v17.6 - https:\/\/yoast.com\/wordpress\/plugins\/seo\/ -->\n<title>Tejido Cruzado - Actis Furio<\/title>\n<meta name=\"robots\" content=\"index, follow, max-snippet:-1, max-image-preview:large, max-video-preview:-1\" \/>\n<link rel=\"canonical\" href=\"https:\/\/www.actisfurio.com\/es\/productos\/telas-metalicas\/tejido-cruzado\/\" \/>\n<meta property=\"og:locale\" content=\"es_ES\" \/>\n<meta property=\"og:type\" content=\"article\" \/>\n<meta property=\"og:title\" content=\"Tejido Cruzado - Actis Furio\" \/>\n<meta property=\"og:description\" content=\"Telas met\u00e1licas para filtros, coladores, escenarios, sector qu\u00edmico&#8230; Los hilos de urdimbre y trama de las telas met\u00e1licas de tejido cruzado se entrelazan alternativamente dos abajo y dos arriba. En este tejido, los hilos forman \u00e1ngulos diferentes de 90 \u00b0 debido al efecto de tensiones no compensadas. Generalmente se realiza para tejidos muy finos, por [&hellip;]\" \/>\n<meta property=\"og:url\" content=\"https:\/\/www.actisfurio.com\/es\/productos\/telas-metalicas\/tejido-cruzado\/\" \/>\n<meta property=\"og:site_name\" content=\"Actis Furio\" \/>\n<meta property=\"article:publisher\" content=\"https:\/\/www.facebook.com\/actisfurio\/\" \/>\n<meta property=\"article:modified_time\" content=\"2020-11-04T14:18:36+00:00\" \/>\n<meta property=\"og:image\" content=\"https:\/\/www.actisfurio.com\/wp-content\/uploads\/2020\/06\/tele-metalliche.jpg\" \/>\n\t<meta property=\"og:image:width\" content=\"1200\" \/>\n\t<meta property=\"og:image:height\" content=\"800\" \/>\n<meta name=\"twitter:card\" content=\"summary_large_image\" \/>\n<script type=\"application\/ld+json\" class=\"yoast-schema-graph\">{\"@context\":\"https:\/\/schema.org\",\"@graph\":[{\"@type\":\"Organization\",\"@id\":\"https:\/\/www.actisfurio.com\/#organization\",\"name\":\"Actis Furio S.r.l.\",\"url\":\"https:\/\/www.actisfurio.com\/\",\"sameAs\":[\"https:\/\/www.facebook.com\/actisfurio\/\",\"https:\/\/www.youtube.com\/channel\/UCRnAgFJIsFSmzi1HJ9jwQZA\"],\"logo\":{\"@type\":\"ImageObject\",\"@id\":\"https:\/\/www.actisfurio.com\/#logo\",\"inLanguage\":\"es\",\"url\":\"https:\/\/www.actisfurio.com\/wp-content\/uploads\/2020\/04\/logo-Actis-Blu-400x160-1.png\",\"contentUrl\":\"https:\/\/www.actisfurio.com\/wp-content\/uploads\/2020\/04\/logo-Actis-Blu-400x160-1.png\",\"width\":400,\"height\":157,\"caption\":\"Actis Furio S.r.l.\"},\"image\":{\"@id\":\"https:\/\/www.actisfurio.com\/#logo\"}},{\"@type\":\"WebSite\",\"@id\":\"https:\/\/www.actisfurio.com\/#website\",\"url\":\"https:\/\/www.actisfurio.com\/\",\"name\":\"Actis Furio\",\"description\":\"Lamiere forate e reti metalliche\",\"publisher\":{\"@id\":\"https:\/\/www.actisfurio.com\/#organization\"},\"potentialAction\":[{\"@type\":\"SearchAction\",\"target\":{\"@type\":\"EntryPoint\",\"urlTemplate\":\"https:\/\/www.actisfurio.com\/?s={search_term_string}\"},\"query-input\":\"required name=search_term_string\"}],\"inLanguage\":\"es\"},{\"@type\":\"ImageObject\",\"@id\":\"https:\/\/www.actisfurio.com\/es\/productos\/telas-metalicas\/tejido-cruzado\/#primaryimage\",\"inLanguage\":\"es\",\"url\":\"https:\/\/www.actisfurio.com\/wp-content\/uploads\/2020\/06\/tele-metalliche.jpg\",\"contentUrl\":\"https:\/\/www.actisfurio.com\/wp-content\/uploads\/2020\/06\/tele-metalliche.jpg\",\"width\":1200,\"height\":800},{\"@type\":\"WebPage\",\"@id\":\"https:\/\/www.actisfurio.com\/es\/productos\/telas-metalicas\/tejido-cruzado\/#webpage\",\"url\":\"https:\/\/www.actisfurio.com\/es\/productos\/telas-metalicas\/tejido-cruzado\/\",\"name\":\"Tejido Cruzado - Actis Furio\",\"isPartOf\":{\"@id\":\"https:\/\/www.actisfurio.com\/#website\"},\"primaryImageOfPage\":{\"@id\":\"https:\/\/www.actisfurio.com\/es\/productos\/telas-metalicas\/tejido-cruzado\/#primaryimage\"},\"datePublished\":\"2020-10-28T14:19:01+00:00\",\"dateModified\":\"2020-11-04T14:18:36+00:00\",\"breadcrumb\":{\"@id\":\"https:\/\/www.actisfurio.com\/es\/productos\/telas-metalicas\/tejido-cruzado\/#breadcrumb\"},\"inLanguage\":\"es\",\"potentialAction\":[{\"@type\":\"ReadAction\",\"target\":[\"https:\/\/www.actisfurio.com\/es\/productos\/telas-metalicas\/tejido-cruzado\/\"]}]},{\"@type\":\"BreadcrumbList\",\"@id\":\"https:\/\/www.actisfurio.com\/es\/productos\/telas-metalicas\/tejido-cruzado\/#breadcrumb\",\"itemListElement\":[{\"@type\":\"ListItem\",\"position\":1,\"name\":\"Home\",\"item\":\"https:\/\/www.actisfurio.com\/es\/home-es\/\"},{\"@type\":\"ListItem\",\"position\":2,\"name\":\"Productos\",\"item\":\"https:\/\/www.actisfurio.com\/es\/productos\/\"},{\"@type\":\"ListItem\",\"position\":3,\"name\":\"Telas Met\\u00e1licas\",\"item\":\"https:\/\/www.actisfurio.com\/es\/productos\/telas-metalicas\/\"},{\"@type\":\"ListItem\",\"position\":4,\"name\":\"Tejido Cruzado\"}]}]}<\/script>\n<!-- \/ Yoast SEO plugin. -->","yoast_head_json":{"title":"Tejido Cruzado - Actis Furio","robots":{"index":"index","follow":"follow","max-snippet":"max-snippet:-1","max-image-preview":"max-image-preview:large","max-video-preview":"max-video-preview:-1"},"canonical":"https:\/\/www.actisfurio.com\/es\/productos\/telas-metalicas\/tejido-cruzado\/","og_locale":"es_ES","og_type":"article","og_title":"Tejido Cruzado - Actis Furio","og_description":"Telas met\u00e1licas para filtros, coladores, escenarios, sector qu\u00edmico&#8230; Los hilos de urdimbre y trama de las telas met\u00e1licas de tejido cruzado se entrelazan alternativamente dos abajo y dos arriba. En este tejido, los hilos forman \u00e1ngulos diferentes de 90 \u00b0 debido al efecto de tensiones no compensadas. Generalmente se realiza para tejidos muy finos, por [&hellip;]","og_url":"https:\/\/www.actisfurio.com\/es\/productos\/telas-metalicas\/tejido-cruzado\/","og_site_name":"Actis Furio","article_publisher":"https:\/\/www.facebook.com\/actisfurio\/","article_modified_time":"2020-11-04T14:18:36+00:00","og_image":[{"width":1200,"height":800,"url":"https:\/\/www.actisfurio.com\/wp-content\/uploads\/2020\/06\/tele-metalliche.jpg","type":"image\/jpeg"}],"twitter_card":"summary_large_image","schema":{"@context":"https:\/\/schema.org","@graph":[{"@type":"Organization","@id":"https:\/\/www.actisfurio.com\/#organization","name":"Actis Furio S.r.l.","url":"https:\/\/www.actisfurio.com\/","sameAs":["https:\/\/www.facebook.com\/actisfurio\/","https:\/\/www.youtube.com\/channel\/UCRnAgFJIsFSmzi1HJ9jwQZA"],"logo":{"@type":"ImageObject","@id":"https:\/\/www.actisfurio.com\/#logo","inLanguage":"es","url":"https:\/\/www.actisfurio.com\/wp-content\/uploads\/2020\/04\/logo-Actis-Blu-400x160-1.png","contentUrl":"https:\/\/www.actisfurio.com\/wp-content\/uploads\/2020\/04\/logo-Actis-Blu-400x160-1.png","width":400,"height":157,"caption":"Actis Furio S.r.l."},"image":{"@id":"https:\/\/www.actisfurio.com\/#logo"}},{"@type":"WebSite","@id":"https:\/\/www.actisfurio.com\/#website","url":"https:\/\/www.actisfurio.com\/","name":"Actis Furio","description":"Lamiere forate e reti metalliche","publisher":{"@id":"https:\/\/www.actisfurio.com\/#organization"},"potentialAction":[{"@type":"SearchAction","target":{"@type":"EntryPoint","urlTemplate":"https:\/\/www.actisfurio.com\/?s={search_term_string}"},"query-input":"required name=search_term_string"}],"inLanguage":"es"},{"@type":"ImageObject","@id":"https:\/\/www.actisfurio.com\/es\/productos\/telas-metalicas\/tejido-cruzado\/#primaryimage","inLanguage":"es","url":"https:\/\/www.actisfurio.com\/wp-content\/uploads\/2020\/06\/tele-metalliche.jpg","contentUrl":"https:\/\/www.actisfurio.com\/wp-content\/uploads\/2020\/06\/tele-metalliche.jpg","width":1200,"height":800},{"@type":"WebPage","@id":"https:\/\/www.actisfurio.com\/es\/productos\/telas-metalicas\/tejido-cruzado\/#webpage","url":"https:\/\/www.actisfurio.com\/es\/productos\/telas-metalicas\/tejido-cruzado\/","name":"Tejido Cruzado - Actis Furio","isPartOf":{"@id":"https:\/\/www.actisfurio.com\/#website"},"primaryImageOfPage":{"@id":"https:\/\/www.actisfurio.com\/es\/productos\/telas-metalicas\/tejido-cruzado\/#primaryimage"},"datePublished":"2020-10-28T14:19:01+00:00","dateModified":"2020-11-04T14:18:36+00:00","breadcrumb":{"@id":"https:\/\/www.actisfurio.com\/es\/productos\/telas-metalicas\/tejido-cruzado\/#breadcrumb"},"inLanguage":"es","potentialAction":[{"@type":"ReadAction","target":["https:\/\/www.actisfurio.com\/es\/productos\/telas-metalicas\/tejido-cruzado\/"]}]},{"@type":"BreadcrumbList","@id":"https:\/\/www.actisfurio.com\/es\/productos\/telas-metalicas\/tejido-cruzado\/#breadcrumb","itemListElement":[{"@type":"ListItem","position":1,"name":"Home","item":"https:\/\/www.actisfurio.com\/es\/home-es\/"},{"@type":"ListItem","position":2,"name":"Productos","item":"https:\/\/www.actisfurio.com\/es\/productos\/"},{"@type":"ListItem","position":3,"name":"Telas Met\u00e1licas","item":"https:\/\/www.actisfurio.com\/es\/productos\/telas-metalicas\/"},{"@type":"ListItem","position":4,"name":"Tejido Cruzado"}]}]}},"_links":{"self":[{"href":"https:\/\/www.actisfurio.com\/es\/wp-json\/wp\/v2\/pages\/5776"}],"collection":[{"href":"https:\/\/www.actisfurio.com\/es\/wp-json\/wp\/v2\/pages"}],"about":[{"href":"https:\/\/www.actisfurio.com\/es\/wp-json\/wp\/v2\/types\/page"}],"author":[{"embeddable":true,"href":"https:\/\/www.actisfurio.com\/es\/wp-json\/wp\/v2\/users\/1"}],"replies":[{"embeddable":true,"href":"https:\/\/www.actisfurio.com\/es\/wp-json\/wp\/v2\/comments?post=5776"}],"version-history":[{"count":2,"href":"https:\/\/www.actisfurio.com\/es\/wp-json\/wp\/v2\/pages\/5776\/revisions"}],"predecessor-version":[{"id":5915,"href":"https:\/\/www.actisfurio.com\/es\/wp-json\/wp\/v2\/pages\/5776\/revisions\/5915"}],"up":[{"embeddable":true,"href":"https:\/\/www.actisfurio.com\/es\/wp-json\/wp\/v2\/pages\/5774"}],"wp:featuredmedia":[{"embeddable":true,"href":"https:\/\/www.actisfurio.com\/es\/wp-json\/wp\/v2\/media\/3180"}],"wp:attachment":[{"href":"https:\/\/www.actisfurio.com\/es\/wp-json\/wp\/v2\/media?parent=5776"}],"curies":[{"name":"wp","href":"https:\/\/api.w.org\/{rel}","templated":true}]}}