{"id":5930,"date":"2020-11-05T11:20:25","date_gmt":"2020-11-05T10:20:25","guid":{"rendered":"https:\/\/actisfurio.com\/?page_id=5930"},"modified":"2020-11-05T15:29:35","modified_gmt":"2020-11-05T14:29:35","slug":"domaines-dapplication","status":"publish","type":"page","link":"https:\/\/www.actisfurio.com\/fr\/domaines-dapplication\/","title":{"rendered":"Domaines d&rsquo;Application"},"content":{"rendered":"\t\t<div data-elementor-type=\"wp-post\" data-elementor-id=\"5930\" class=\"elementor elementor-5930 elementor-758\" data-elementor-settings=\"[]\">\n\t\t\t\t\t\t<div class=\"elementor-inner\">\n\t\t\t\t\t\t\t<div class=\"elementor-section-wrap\">\n\t\t\t\t\t\t\t<section class=\"elementor-section elementor-top-section elementor-element elementor-element-31c36ef elementor-section-boxed elementor-section-height-default elementor-section-height-default\" data-id=\"31c36ef\" data-element_type=\"section\">\n\t\t\t\t\t\t<div class=\"elementor-container elementor-column-gap-extended\">\n\t\t\t\t\t\t\t<div class=\"elementor-row\">\n\t\t\t\t\t<div class=\"elementor-column elementor-col-100 elementor-top-column elementor-element elementor-element-b564fe2\" data-id=\"b564fe2\" data-element_type=\"column\">\n\t\t\t<div class=\"elementor-column-wrap elementor-element-populated\">\n\t\t\t\t\t\t\t<div class=\"elementor-widget-wrap\">\n\t\t\t\t\t\t<div class=\"elementor-element elementor-element-6f84bd6 elementor-hidden-desktop elementor-hidden-tablet elementor-hidden-phone elementor-widget elementor-widget-text-editor\" data-id=\"6f84bd6\" data-element_type=\"widget\" data-widget_type=\"text-editor.default\">\n\t\t\t\t<div class=\"elementor-widget-container\">\n\t\t\t\t\t<div class=\"elementor-text-editor elementor-clearfix\"><ul class=\"filtroapplicazioni\"><li><a class=\"linkfiltro attiva\" id=\"linkfiltroall\" onclick=\"mostraapp('all')\">Tutti<\/a><\/li><li><a class=\"linkfiltro\" id=\"linkfiltrobatiment\" onclick=\"mostraapp('batiment')\">B\u00e2timent<\/a><\/li><li><a class=\"linkfiltro\" id=\"linkfiltroarchitecture-fr\" onclick=\"mostraapp('architecture-fr')\">T\u00f4les m\u00e9talliques pour l&rsquo;architecture<\/a><\/li><li><a class=\"linkfiltro\" id=\"linkfiltroindustrie\" onclick=\"mostraapp('industrie')\">T\u00f4les m\u00e9talliques pour l&rsquo;industrie<\/a><\/li><\/ul><\/div>\n\t\t\t\t<\/div>\n\t\t\t\t<\/div>\n\t\t\t\t<div class=\"elementor-element elementor-element-d9bbaaf elementor-grid-3 elementor-grid-tablet-2 elementor-grid-mobile-1 elementor-posts--thumbnail-top elementor-card-shadow-yes elementor-posts__hover-gradient elementor-widget elementor-widget-posts\" data-id=\"d9bbaaf\" data-element_type=\"widget\" data-settings=\"{&quot;cards_columns&quot;:&quot;3&quot;,&quot;cards_columns_tablet&quot;:&quot;2&quot;,&quot;cards_columns_mobile&quot;:&quot;1&quot;,&quot;cards_row_gap&quot;:{&quot;unit&quot;:&quot;px&quot;,&quot;size&quot;:35,&quot;sizes&quot;:[]}}\" data-widget_type=\"posts.cards\">\n\t\t\t\t<div class=\"elementor-widget-container\">\n\t\t\t\t\t<div class=\"elementor-posts-container elementor-posts elementor-posts--skin-cards elementor-grid\">\n\t\t\t\t<article class=\"elementor-post elementor-grid-item post-8783 ot_portfolio type-ot_portfolio status-publish format-standard has-post-thumbnail hentry portfolio_cat-industrie\">\n\t\t\t<div class=\"elementor-post__card\">\n\t\t\t\t<a class=\"elementor-post__thumbnail__link\" href=\"https:\/\/www.actisfurio.com\/fr\/applications\/toles-pour-systemes-de-manutention\/\" >\n\t\t\t<div class=\"elementor-post__thumbnail\"><img width=\"290\" height=\"300\" src=\"https:\/\/www.actisfurio.com\/wp-content\/uploads\/2025\/03\/lamiera-forata-foro-quadro-290x300.jpg\" class=\"attachment-medium size-medium\" alt=\"\" loading=\"lazy\" srcset=\"https:\/\/www.actisfurio.com\/wp-content\/uploads\/2025\/03\/lamiera-forata-foro-quadro-290x300.jpg 290w, https:\/\/www.actisfurio.com\/wp-content\/uploads\/2025\/03\/lamiera-forata-foro-quadro-989x1024.jpg 989w, https:\/\/www.actisfurio.com\/wp-content\/uploads\/2025\/03\/lamiera-forata-foro-quadro-768x795.jpg 768w, https:\/\/www.actisfurio.com\/wp-content\/uploads\/2025\/03\/lamiera-forata-foro-quadro.jpg 1200w\" sizes=\"(max-width: 290px) 100vw, 290px\" \/><\/div>\n\t\t<\/a>\n\t\t\t\t<div class=\"elementor-post__text\">\n\t\t\t\t<h3 class=\"elementor-post__title\">\n\t\t\t<a href=\"https:\/\/www.actisfurio.com\/fr\/applications\/toles-pour-systemes-de-manutention\/\" >\n\t\t\t\tT\u00f4les pour syst\u00e8mes de manutention\t\t\t<\/a>\n\t\t<\/h3>\n\t\t\t\t<\/div>\n\t\t\t\t\t<\/div>\n\t\t<\/article>\n\t\t\t\t<article class=\"elementor-post elementor-grid-item post-8742 ot_portfolio type-ot_portfolio status-publish format-standard has-post-thumbnail hentry portfolio_cat-architecture-fr\">\n\t\t\t<div class=\"elementor-post__card\">\n\t\t\t\t<a class=\"elementor-post__thumbnail__link\" href=\"https:\/\/www.actisfurio.com\/fr\/applications\/toles-en-fer-et-en-acier-inoxydable-pour-stands-dexposition\/\" >\n\t\t\t<div class=\"elementor-post__thumbnail\"><img width=\"300\" height=\"225\" src=\"https:\/\/www.actisfurio.com\/wp-content\/uploads\/2023\/04\/lamiere-forate-calandrate-per-stand-02-300x225.jpg\" class=\"attachment-medium size-medium\" alt=\"lamiere forate calandrate per stand fieristici\" loading=\"lazy\" srcset=\"https:\/\/www.actisfurio.com\/wp-content\/uploads\/2023\/04\/lamiere-forate-calandrate-per-stand-02-300x225.jpg 300w, https:\/\/www.actisfurio.com\/wp-content\/uploads\/2023\/04\/lamiere-forate-calandrate-per-stand-02-1024x768.jpg 1024w, https:\/\/www.actisfurio.com\/wp-content\/uploads\/2023\/04\/lamiere-forate-calandrate-per-stand-02-768x576.jpg 768w, https:\/\/www.actisfurio.com\/wp-content\/uploads\/2023\/04\/lamiere-forate-calandrate-per-stand-02.jpg 1200w\" sizes=\"(max-width: 300px) 100vw, 300px\" \/><\/div>\n\t\t<\/a>\n\t\t\t\t<div class=\"elementor-post__text\">\n\t\t\t\t<h3 class=\"elementor-post__title\">\n\t\t\t<a href=\"https:\/\/www.actisfurio.com\/fr\/applications\/toles-en-fer-et-en-acier-inoxydable-pour-stands-dexposition\/\" >\n\t\t\t\tT\u00f4les en fer et en acier inoxydable pour stands d&rsquo;exposition\t\t\t<\/a>\n\t\t<\/h3>\n\t\t\t\t<\/div>\n\t\t\t\t\t<\/div>\n\t\t<\/article>\n\t\t\t\t<article class=\"elementor-post elementor-grid-item post-6510 ot_portfolio type-ot_portfolio status-publish format-standard has-post-thumbnail hentry portfolio_cat-batiment portfolio_cat-architecture-fr\">\n\t\t\t<div class=\"elementor-post__card\">\n\t\t\t\t<a class=\"elementor-post__thumbnail__link\" href=\"https:\/\/www.actisfurio.com\/fr\/applications\/marches\/\" >\n\t\t\t<div class=\"elementor-post__thumbnail\"><img width=\"300\" height=\"200\" src=\"https:\/\/www.actisfurio.com\/wp-content\/uploads\/2020\/06\/tit_gradini-300x200.jpg\" class=\"attachment-medium size-medium\" alt=\"\" loading=\"lazy\" srcset=\"https:\/\/www.actisfurio.com\/wp-content\/uploads\/2020\/06\/tit_gradini-300x200.jpg 300w, https:\/\/www.actisfurio.com\/wp-content\/uploads\/2020\/06\/tit_gradini-1024x682.jpg 1024w, https:\/\/www.actisfurio.com\/wp-content\/uploads\/2020\/06\/tit_gradini-768x512.jpg 768w, https:\/\/www.actisfurio.com\/wp-content\/uploads\/2020\/06\/tit_gradini-1536x1023.jpg 1536w, https:\/\/www.actisfurio.com\/wp-content\/uploads\/2020\/06\/tit_gradini.jpg 1600w\" sizes=\"(max-width: 300px) 100vw, 300px\" \/><\/div>\n\t\t<\/a>\n\t\t\t\t<div class=\"elementor-post__text\">\n\t\t\t\t<h3 class=\"elementor-post__title\">\n\t\t\t<a href=\"https:\/\/www.actisfurio.com\/fr\/applications\/marches\/\" >\n\t\t\t\tT\u00f4les m\u00e9talliques antid\u00e9rapantes pour marches et escaliers\t\t\t<\/a>\n\t\t<\/h3>\n\t\t\t\t<\/div>\n\t\t\t\t\t<\/div>\n\t\t<\/article>\n\t\t\t\t<article class=\"elementor-post elementor-grid-item post-5999 ot_portfolio type-ot_portfolio status-publish format-standard has-post-thumbnail hentry portfolio_cat-industrie\">\n\t\t\t<div class=\"elementor-post__card\">\n\t\t\t\t<a class=\"elementor-post__thumbnail__link\" href=\"https:\/\/www.actisfurio.com\/fr\/applications\/toles-de-criblage\/\" >\n\t\t\t<div class=\"elementor-post__thumbnail\"><img width=\"300\" height=\"200\" src=\"https:\/\/www.actisfurio.com\/wp-content\/uploads\/2019\/08\/IMG_33441FERRO-sp3x2-300x200.jpg\" class=\"attachment-medium size-medium\" alt=\"\" loading=\"lazy\" srcset=\"https:\/\/www.actisfurio.com\/wp-content\/uploads\/2019\/08\/IMG_33441FERRO-sp3x2-300x200.jpg 300w, https:\/\/www.actisfurio.com\/wp-content\/uploads\/2019\/08\/IMG_33441FERRO-sp3x2-768x512.jpg 768w, https:\/\/www.actisfurio.com\/wp-content\/uploads\/2019\/08\/IMG_33441FERRO-sp3x2.jpg 800w\" sizes=\"(max-width: 300px) 100vw, 300px\" \/><\/div>\n\t\t<\/a>\n\t\t\t\t<div class=\"elementor-post__text\">\n\t\t\t\t<h3 class=\"elementor-post__title\">\n\t\t\t<a href=\"https:\/\/www.actisfurio.com\/fr\/applications\/toles-de-criblage\/\" >\n\t\t\t\tT\u00f4les de Criblage\t\t\t<\/a>\n\t\t<\/h3>\n\t\t\t\t<\/div>\n\t\t\t\t\t<\/div>\n\t\t<\/article>\n\t\t\t\t<article class=\"elementor-post elementor-grid-item post-5997 ot_portfolio type-ot_portfolio status-publish format-standard has-post-thumbnail hentry portfolio_cat-industrie\">\n\t\t\t<div class=\"elementor-post__card\">\n\t\t\t\t<a class=\"elementor-post__thumbnail__link\" href=\"https:\/\/www.actisfurio.com\/fr\/applications\/toles-de-recyclage\/\" >\n\t\t\t<div class=\"elementor-post__thumbnail\"><img width=\"300\" height=\"200\" src=\"https:\/\/www.actisfurio.com\/wp-content\/uploads\/2020\/07\/IMG_3126-lamiere-calandrate-fe5103x2-300x200.jpg\" class=\"attachment-medium size-medium\" alt=\"\" loading=\"lazy\" srcset=\"https:\/\/www.actisfurio.com\/wp-content\/uploads\/2020\/07\/IMG_3126-lamiere-calandrate-fe5103x2-300x200.jpg 300w, https:\/\/www.actisfurio.com\/wp-content\/uploads\/2020\/07\/IMG_3126-lamiere-calandrate-fe5103x2-768x512.jpg 768w, https:\/\/www.actisfurio.com\/wp-content\/uploads\/2020\/07\/IMG_3126-lamiere-calandrate-fe5103x2.jpg 800w\" sizes=\"(max-width: 300px) 100vw, 300px\" \/><\/div>\n\t\t<\/a>\n\t\t\t\t<div class=\"elementor-post__text\">\n\t\t\t\t<h3 class=\"elementor-post__title\">\n\t\t\t<a href=\"https:\/\/www.actisfurio.com\/fr\/applications\/toles-de-recyclage\/\" >\n\t\t\t\tT\u00f4les de Recyclage\t\t\t<\/a>\n\t\t<\/h3>\n\t\t\t\t<\/div>\n\t\t\t\t\t<\/div>\n\t\t<\/article>\n\t\t\t\t<\/div>\n\t\t\t\t<\/div>\n\t\t\t\t<\/div>\n\t\t\t\t<div class=\"elementor-element elementor-element-9dc275e elementor-widget elementor-widget-html\" data-id=\"9dc275e\" data-element_type=\"widget\" data-widget_type=\"html.default\">\n\t\t\t\t<div class=\"elementor-widget-container\">\n\t\t\t<script>\nfunction mostraapp($slug) {\n    jQuery(\".linkfiltro\").removeClass(\"attiva\");\n    if ($slug==\"all\"){\n        jQuery(\".ot_portfolio\").show(300);\n        jQuery(\"#linkfiltroall\").addClass(\"attiva\");\n    } else {\n    \n        jQuery(\".ot_portfolio\").hide(300);\n        jQuery(\".portfolio_cat-\"+$slug).show(300);\n        jQuery(\"#linkfiltro\"+$slug).addClass(\"attiva\");\n    }\n}\n    \n<\/script>\t\t<\/div>\n\t\t\t\t<\/div>\n\t\t\t\t\t\t<\/div>\n\t\t\t\t\t<\/div>\n\t\t<\/div>\n\t\t\t\t\t\t\t\t<\/div>\n\t\t\t\t\t<\/div>\n\t\t<\/section>\n\t\t\t\t\t\t<\/div>\n\t\t\t\t\t\t<\/div>\n\t\t\t\t\t<\/div>\n\t\t","protected":false},"excerpt":{"rendered":"","protected":false},"author":1,"featured_media":3682,"parent":0,"menu_order":0,"comment_status":"closed","ping_status":"closed","template":"","meta":[],"yoast_head":"<!-- This site is optimized with the Yoast SEO plugin v17.6 - https:\/\/yoast.com\/wordpress\/plugins\/seo\/ -->\n<title>Domaines d&#039;Application - Actis Furio<\/title>\n<meta name=\"robots\" content=\"index, follow, max-snippet:-1, max-image-preview:large, max-video-preview:-1\" \/>\n<link rel=\"canonical\" href=\"https:\/\/www.actisfurio.com\/fr\/domaines-dapplication\/\" \/>\n<meta property=\"og:locale\" content=\"fr_FR\" \/>\n<meta property=\"og:type\" content=\"article\" \/>\n<meta property=\"og:title\" content=\"Domaines d&#039;Application - Actis Furio\" \/>\n<meta property=\"og:url\" content=\"https:\/\/www.actisfurio.com\/fr\/domaines-dapplication\/\" \/>\n<meta property=\"og:site_name\" content=\"Actis Furio\" \/>\n<meta property=\"article:publisher\" content=\"https:\/\/www.facebook.com\/actisfurio\/\" \/>\n<meta property=\"article:modified_time\" content=\"2020-11-05T14:29:35+00:00\" \/>\n<meta property=\"og:image\" content=\"https:\/\/www.actisfurio.com\/wp-content\/uploads\/2020\/06\/bg_titolo_neutro.jpg\" \/>\n\t<meta property=\"og:image:width\" content=\"1600\" \/>\n\t<meta property=\"og:image:height\" content=\"962\" \/>\n<meta name=\"twitter:card\" content=\"summary_large_image\" \/>\n<script type=\"application\/ld+json\" class=\"yoast-schema-graph\">{\"@context\":\"https:\/\/schema.org\",\"@graph\":[{\"@type\":\"Organization\",\"@id\":\"https:\/\/www.actisfurio.com\/#organization\",\"name\":\"Actis Furio S.r.l.\",\"url\":\"https:\/\/www.actisfurio.com\/\",\"sameAs\":[\"https:\/\/www.facebook.com\/actisfurio\/\",\"https:\/\/www.youtube.com\/channel\/UCRnAgFJIsFSmzi1HJ9jwQZA\"],\"logo\":{\"@type\":\"ImageObject\",\"@id\":\"https:\/\/www.actisfurio.com\/#logo\",\"inLanguage\":\"fr-FR\",\"url\":\"https:\/\/www.actisfurio.com\/wp-content\/uploads\/2020\/04\/logo-Actis-Blu-400x160-1.png\",\"contentUrl\":\"https:\/\/www.actisfurio.com\/wp-content\/uploads\/2020\/04\/logo-Actis-Blu-400x160-1.png\",\"width\":400,\"height\":157,\"caption\":\"Actis Furio S.r.l.\"},\"image\":{\"@id\":\"https:\/\/www.actisfurio.com\/#logo\"}},{\"@type\":\"WebSite\",\"@id\":\"https:\/\/www.actisfurio.com\/#website\",\"url\":\"https:\/\/www.actisfurio.com\/\",\"name\":\"Actis Furio\",\"description\":\"Lamiere forate e reti metalliche\",\"publisher\":{\"@id\":\"https:\/\/www.actisfurio.com\/#organization\"},\"potentialAction\":[{\"@type\":\"SearchAction\",\"target\":{\"@type\":\"EntryPoint\",\"urlTemplate\":\"https:\/\/www.actisfurio.com\/?s={search_term_string}\"},\"query-input\":\"required name=search_term_string\"}],\"inLanguage\":\"fr-FR\"},{\"@type\":\"ImageObject\",\"@id\":\"https:\/\/www.actisfurio.com\/fr\/domaines-dapplication\/#primaryimage\",\"inLanguage\":\"fr-FR\",\"url\":\"https:\/\/www.actisfurio.com\/wp-content\/uploads\/2020\/06\/bg_titolo_neutro.jpg\",\"contentUrl\":\"https:\/\/www.actisfurio.com\/wp-content\/uploads\/2020\/06\/bg_titolo_neutro.jpg\",\"width\":1600,\"height\":962},{\"@type\":\"WebPage\",\"@id\":\"https:\/\/www.actisfurio.com\/fr\/domaines-dapplication\/#webpage\",\"url\":\"https:\/\/www.actisfurio.com\/fr\/domaines-dapplication\/\",\"name\":\"Domaines d'Application - Actis Furio\",\"isPartOf\":{\"@id\":\"https:\/\/www.actisfurio.com\/#website\"},\"primaryImageOfPage\":{\"@id\":\"https:\/\/www.actisfurio.com\/fr\/domaines-dapplication\/#primaryimage\"},\"datePublished\":\"2020-11-05T10:20:25+00:00\",\"dateModified\":\"2020-11-05T14:29:35+00:00\",\"breadcrumb\":{\"@id\":\"https:\/\/www.actisfurio.com\/fr\/domaines-dapplication\/#breadcrumb\"},\"inLanguage\":\"fr-FR\",\"potentialAction\":[{\"@type\":\"ReadAction\",\"target\":[\"https:\/\/www.actisfurio.com\/fr\/domaines-dapplication\/\"]}]},{\"@type\":\"BreadcrumbList\",\"@id\":\"https:\/\/www.actisfurio.com\/fr\/domaines-dapplication\/#breadcrumb\",\"itemListElement\":[{\"@type\":\"ListItem\",\"position\":1,\"name\":\"Home\",\"item\":\"https:\/\/www.actisfurio.com\/fr\/\"},{\"@type\":\"ListItem\",\"position\":2,\"name\":\"Domaines d&rsquo;Application\"}]}]}<\/script>\n<!-- \/ Yoast SEO plugin. -->","yoast_head_json":{"title":"Domaines d'Application - Actis Furio","robots":{"index":"index","follow":"follow","max-snippet":"max-snippet:-1","max-image-preview":"max-image-preview:large","max-video-preview":"max-video-preview:-1"},"canonical":"https:\/\/www.actisfurio.com\/fr\/domaines-dapplication\/","og_locale":"fr_FR","og_type":"article","og_title":"Domaines d'Application - Actis Furio","og_url":"https:\/\/www.actisfurio.com\/fr\/domaines-dapplication\/","og_site_name":"Actis Furio","article_publisher":"https:\/\/www.facebook.com\/actisfurio\/","article_modified_time":"2020-11-05T14:29:35+00:00","og_image":[{"width":1600,"height":962,"url":"https:\/\/www.actisfurio.com\/wp-content\/uploads\/2020\/06\/bg_titolo_neutro.jpg","type":"image\/jpeg"}],"twitter_card":"summary_large_image","schema":{"@context":"https:\/\/schema.org","@graph":[{"@type":"Organization","@id":"https:\/\/www.actisfurio.com\/#organization","name":"Actis Furio S.r.l.","url":"https:\/\/www.actisfurio.com\/","sameAs":["https:\/\/www.facebook.com\/actisfurio\/","https:\/\/www.youtube.com\/channel\/UCRnAgFJIsFSmzi1HJ9jwQZA"],"logo":{"@type":"ImageObject","@id":"https:\/\/www.actisfurio.com\/#logo","inLanguage":"fr-FR","url":"https:\/\/www.actisfurio.com\/wp-content\/uploads\/2020\/04\/logo-Actis-Blu-400x160-1.png","contentUrl":"https:\/\/www.actisfurio.com\/wp-content\/uploads\/2020\/04\/logo-Actis-Blu-400x160-1.png","width":400,"height":157,"caption":"Actis Furio S.r.l."},"image":{"@id":"https:\/\/www.actisfurio.com\/#logo"}},{"@type":"WebSite","@id":"https:\/\/www.actisfurio.com\/#website","url":"https:\/\/www.actisfurio.com\/","name":"Actis Furio","description":"Lamiere forate e reti metalliche","publisher":{"@id":"https:\/\/www.actisfurio.com\/#organization"},"potentialAction":[{"@type":"SearchAction","target":{"@type":"EntryPoint","urlTemplate":"https:\/\/www.actisfurio.com\/?s={search_term_string}"},"query-input":"required name=search_term_string"}],"inLanguage":"fr-FR"},{"@type":"ImageObject","@id":"https:\/\/www.actisfurio.com\/fr\/domaines-dapplication\/#primaryimage","inLanguage":"fr-FR","url":"https:\/\/www.actisfurio.com\/wp-content\/uploads\/2020\/06\/bg_titolo_neutro.jpg","contentUrl":"https:\/\/www.actisfurio.com\/wp-content\/uploads\/2020\/06\/bg_titolo_neutro.jpg","width":1600,"height":962},{"@type":"WebPage","@id":"https:\/\/www.actisfurio.com\/fr\/domaines-dapplication\/#webpage","url":"https:\/\/www.actisfurio.com\/fr\/domaines-dapplication\/","name":"Domaines d'Application - Actis Furio","isPartOf":{"@id":"https:\/\/www.actisfurio.com\/#website"},"primaryImageOfPage":{"@id":"https:\/\/www.actisfurio.com\/fr\/domaines-dapplication\/#primaryimage"},"datePublished":"2020-11-05T10:20:25+00:00","dateModified":"2020-11-05T14:29:35+00:00","breadcrumb":{"@id":"https:\/\/www.actisfurio.com\/fr\/domaines-dapplication\/#breadcrumb"},"inLanguage":"fr-FR","potentialAction":[{"@type":"ReadAction","target":["https:\/\/www.actisfurio.com\/fr\/domaines-dapplication\/"]}]},{"@type":"BreadcrumbList","@id":"https:\/\/www.actisfurio.com\/fr\/domaines-dapplication\/#breadcrumb","itemListElement":[{"@type":"ListItem","position":1,"name":"Home","item":"https:\/\/www.actisfurio.com\/fr\/"},{"@type":"ListItem","position":2,"name":"Domaines d&rsquo;Application"}]}]}},"_links":{"self":[{"href":"https:\/\/www.actisfurio.com\/fr\/wp-json\/wp\/v2\/pages\/5930"}],"collection":[{"href":"https:\/\/www.actisfurio.com\/fr\/wp-json\/wp\/v2\/pages"}],"about":[{"href":"https:\/\/www.actisfurio.com\/fr\/wp-json\/wp\/v2\/types\/page"}],"author":[{"embeddable":true,"href":"https:\/\/www.actisfurio.com\/fr\/wp-json\/wp\/v2\/users\/1"}],"replies":[{"embeddable":true,"href":"https:\/\/www.actisfurio.com\/fr\/wp-json\/wp\/v2\/comments?post=5930"}],"version-history":[{"count":4,"href":"https:\/\/www.actisfurio.com\/fr\/wp-json\/wp\/v2\/pages\/5930\/revisions"}],"predecessor-version":[{"id":6086,"href":"https:\/\/www.actisfurio.com\/fr\/wp-json\/wp\/v2\/pages\/5930\/revisions\/6086"}],"wp:featuredmedia":[{"embeddable":true,"href":"https:\/\/www.actisfurio.com\/fr\/wp-json\/wp\/v2\/media\/3682"}],"wp:attachment":[{"href":"https:\/\/www.actisfurio.com\/fr\/wp-json\/wp\/v2\/media?parent=5930"}],"curies":[{"name":"wp","href":"https:\/\/api.w.org\/{rel}","templated":true}]}}