{"id":5938,"date":"2020-11-05T11:38:57","date_gmt":"2020-11-05T10:38:57","guid":{"rendered":"https:\/\/actisfurio.com\/?page_id=5938"},"modified":"2025-06-10T09:12:00","modified_gmt":"2025-06-10T07:12:00","slug":"qualite","status":"publish","type":"page","link":"https:\/\/www.actisfurio.com\/fr\/lentreprise\/qualite\/","title":{"rendered":"Qualite"},"content":{"rendered":"\t\t<div data-elementor-type=\"wp-post\" data-elementor-id=\"5938\" class=\"elementor elementor-5938 elementor-2352\" data-elementor-settings=\"[]\">\n\t\t\t\t\t\t<div class=\"elementor-inner\">\n\t\t\t\t\t\t\t<div class=\"elementor-section-wrap\">\n\t\t\t\t\t\t\t<section class=\"elementor-section elementor-top-section elementor-element elementor-element-4eb1d62 elementor-section-boxed elementor-section-height-default elementor-section-height-default\" data-id=\"4eb1d62\" data-element_type=\"section\">\n\t\t\t\t\t\t<div class=\"elementor-container elementor-column-gap-extended\">\n\t\t\t\t\t\t\t<div class=\"elementor-row\">\n\t\t\t\t\t<div class=\"elementor-column elementor-col-50 elementor-top-column elementor-element elementor-element-c7cf5c7\" data-id=\"c7cf5c7\" data-element_type=\"column\">\n\t\t\t<div class=\"elementor-column-wrap elementor-element-populated\">\n\t\t\t\t\t\t\t<div class=\"elementor-widget-wrap\">\n\t\t\t\t\t\t<div class=\"elementor-element elementor-element-4b7b51f elementor-widget elementor-widget-heading\" data-id=\"4b7b51f\" data-element_type=\"widget\" data-widget_type=\"heading.default\">\n\t\t\t\t<div class=\"elementor-widget-container\">\n\t\t\t<h5 class=\"elementor-heading-title elementor-size-default\">Planifier, tracer, mesurer : tels sont nos gages de qualit\u00e9, de fiabilit\u00e9 et d'excellence<\/h5>\t\t<\/div>\n\t\t\t\t<\/div>\n\t\t\t\t<div class=\"elementor-element elementor-element-e65294f elementor-widget elementor-widget-heading\" data-id=\"e65294f\" data-element_type=\"widget\" data-widget_type=\"heading.default\">\n\t\t\t\t<div class=\"elementor-widget-container\">\n\t\t\t<h3 class=\"elementor-heading-title elementor-size-default\">Efficacit\u00e9 et am\u00e9lioration constante<\/h3>\t\t<\/div>\n\t\t\t\t<\/div>\n\t\t\t\t<div class=\"elementor-element elementor-element-4ea1332 elementor-widget elementor-widget-text-editor\" data-id=\"4ea1332\" data-element_type=\"widget\" data-widget_type=\"text-editor.default\">\n\t\t\t\t<div class=\"elementor-widget-container\">\n\t\t\t\t\t<div class=\"elementor-text-editor elementor-clearfix\"><p>La qualit\u00e9 est le point central des op\u00e9rations d&rsquo;ACTIS FURIO. Un <strong>syst\u00e8me de gestion de qualit\u00e9<\/strong> conforme aux normes internationales est en place depuis 2004. Cet engagement d&rsquo;am\u00e9lioration continue est partag\u00e9 par l&rsquo;ensemble de l&rsquo;organisation et r\u00e9alis\u00e9e gr\u00e2ce au souci du d\u00e9tail, aux contr\u00f4les constants et \u00e0 la volont\u00e9 de trouver l&rsquo;option la plus adapt\u00e9e. Chaque activit\u00e9 de l&rsquo;entreprise est mesur\u00e9e objectivement et \u00e0 travers des objectifs et des indicateurs sp\u00e9cifiques document\u00e9s. Tous les processus sont donc planifi\u00e9s et mis en \u0153uvre et la r\u00e9alisation du produit est garantie \u00e0 chaque \u00e9tape notamment gr\u00e2ce \u00e0 la gestion de contr\u00f4le des dispositifs de surveillance et de mesure.<\/p><p>Nous r\u00e9alisons donc notre activit\u00e9 de production et de vente dans un contexte orient\u00e9 \u00e0 la satisfaction du client ainsi qu&rsquo;\u00e0 l&rsquo;obtention d&rsquo;un \u00e9quilibre respectueux avec toutes les parties impliqu\u00e9es dans le processus. Une attention marqu\u00e9e \u00e0 la qualit\u00e9 et aux prix vise \u00e9galement \u00e0 obtenir le maximum d&rsquo;estime et de fid\u00e9lit\u00e9 de la part des clients.<\/p><\/div>\n\t\t\t\t<\/div>\n\t\t\t\t<\/div>\n\t\t\t\t<div class=\"elementor-element elementor-element-1c969bc elementor-widget elementor-widget-heading\" data-id=\"1c969bc\" data-element_type=\"widget\" data-widget_type=\"heading.default\">\n\t\t\t\t<div class=\"elementor-widget-container\">\n\t\t\t<h3 class=\"elementor-heading-title elementor-size-default\">Le chemin de la perfection<\/h3>\t\t<\/div>\n\t\t\t\t<\/div>\n\t\t\t\t<div class=\"elementor-element elementor-element-5207b03 elementor-widget elementor-widget-text-editor\" data-id=\"5207b03\" data-element_type=\"widget\" data-widget_type=\"text-editor.default\">\n\t\t\t\t<div class=\"elementor-widget-container\">\n\t\t\t\t\t<div class=\"elementor-text-editor elementor-clearfix\"><p>Depuis <strong>2004<\/strong>, ACTIS FURIO est en possession du <strong>certificat d\u00e9livr\u00e9 par Certiquality<\/strong>, organisme de certification au service des entreprises sp\u00e9cialis\u00e9 dans la Certification des Syst\u00e8mes de Gestion d&rsquo;Entreprise pour la Qualit\u00e9, l&rsquo;Environnement et la S\u00e9curit\u00e9.<\/p><p>En <strong>2010<\/strong>, ACTIS FURIO obtient le <strong>certificat relatif \u00e0 la nouvelle norme 9001:2008<\/strong> d\u00e9cidant de poursuivre sa d\u00e9marche d&rsquo;am\u00e9lioration de la qualit\u00e9.<\/p><p>Depuis <strong>2018<\/strong>, l&rsquo;entreprise applique et maintient un <strong>syst\u00e8me de gestion de la qualit\u00e9 conforme \u00e0 la norme UNI EN ISO 9001:2015<\/strong> qui met en \u0153uvre une approche qualitative de la gestion des risques.<\/p><p>La r\u00e9alisation de sa Vision et de sa Mission est possible gr\u00e2ce \u00e0 des principes de qualit\u00e9 auxquels la Direction G\u00e9n\u00e9rale croit fermement et sans lesquels des r\u00e9sultats efficaces ne peuvent \u00eatre obtenus.<\/p><p>L&rsquo;engagement, dans l&rsquo;application de ce syst\u00e8me \u00e0 travers un processus de d\u00e9finition et d&rsquo;inspection, est d&rsquo;\u00ab\u00a0\u00eatre les fournisseurs les plus opportuns, les plus polyvalents et les plus fiables de t\u00f4les et de treillis m\u00e9talliques dans le contexte international\u00a0\u00bb.<\/p><\/div>\n\t\t\t\t<\/div>\n\t\t\t\t<\/div>\n\t\t\t\t<section class=\"elementor-section elementor-inner-section elementor-element elementor-element-0ecce79 elementor-section-boxed elementor-section-height-default elementor-section-height-default\" data-id=\"0ecce79\" data-element_type=\"section\">\n\t\t\t\t\t\t<div class=\"elementor-container elementor-column-gap-default\">\n\t\t\t\t\t\t\t<div class=\"elementor-row\">\n\t\t\t\t\t<div class=\"elementor-column elementor-col-50 elementor-inner-column elementor-element elementor-element-d649092\" data-id=\"d649092\" data-element_type=\"column\">\n\t\t\t<div class=\"elementor-column-wrap elementor-element-populated\">\n\t\t\t\t\t\t\t<div class=\"elementor-widget-wrap\">\n\t\t\t\t\t\t<div class=\"elementor-element elementor-element-caed102 elementor-widget elementor-widget-image\" data-id=\"caed102\" data-element_type=\"widget\" data-widget_type=\"image.default\">\n\t\t\t\t<div class=\"elementor-widget-container\">\n\t\t\t\t\t<div class=\"elementor-image\">\n\t\t\t\t\t\t\t\t\t\t<img width=\"254\" height=\"300\" src=\"https:\/\/www.actisfurio.com\/wp-content\/uploads\/2025\/06\/IQNET_EN_RGB-254x300.png\" class=\"attachment-medium size-medium\" alt=\"\" loading=\"lazy\" srcset=\"https:\/\/www.actisfurio.com\/wp-content\/uploads\/2025\/06\/IQNET_EN_RGB-254x300.png 254w, https:\/\/www.actisfurio.com\/wp-content\/uploads\/2025\/06\/IQNET_EN_RGB.png 614w\" sizes=\"(max-width: 254px) 100vw, 254px\" \/>\t\t\t\t\t\t\t\t\t\t\t<\/div>\n\t\t\t\t<\/div>\n\t\t\t\t<\/div>\n\t\t\t\t\t\t<\/div>\n\t\t\t\t\t<\/div>\n\t\t<\/div>\n\t\t\t\t<div class=\"elementor-column elementor-col-50 elementor-inner-column elementor-element elementor-element-68b76ce\" data-id=\"68b76ce\" data-element_type=\"column\">\n\t\t\t<div class=\"elementor-column-wrap elementor-element-populated\">\n\t\t\t\t\t\t\t<div class=\"elementor-widget-wrap\">\n\t\t\t\t\t\t<div class=\"elementor-element elementor-element-5b9157f elementor-widget elementor-widget-image\" data-id=\"5b9157f\" data-element_type=\"widget\" data-widget_type=\"image.default\">\n\t\t\t\t<div class=\"elementor-widget-container\">\n\t\t\t\t\t<div class=\"elementor-image\">\n\t\t\t\t\t\t\t\t\t\t<img width=\"300\" height=\"300\" src=\"https:\/\/www.actisfurio.com\/wp-content\/uploads\/2025\/06\/CQY_9.15_IT_RGB-300x300.png\" class=\"attachment-medium size-medium\" alt=\"\" loading=\"lazy\" srcset=\"https:\/\/www.actisfurio.com\/wp-content\/uploads\/2025\/06\/CQY_9.15_IT_RGB-300x300.png 300w, https:\/\/www.actisfurio.com\/wp-content\/uploads\/2025\/06\/CQY_9.15_IT_RGB-150x150.png 150w, https:\/\/www.actisfurio.com\/wp-content\/uploads\/2025\/06\/CQY_9.15_IT_RGB-66x66.png 66w, https:\/\/www.actisfurio.com\/wp-content\/uploads\/2025\/06\/CQY_9.15_IT_RGB.png 591w\" sizes=\"(max-width: 300px) 100vw, 300px\" \/>\t\t\t\t\t\t\t\t\t\t\t<\/div>\n\t\t\t\t<\/div>\n\t\t\t\t<\/div>\n\t\t\t\t\t\t<\/div>\n\t\t\t\t\t<\/div>\n\t\t<\/div>\n\t\t\t\t\t\t\t\t<\/div>\n\t\t\t\t\t<\/div>\n\t\t<\/section>\n\t\t\t\t\t\t<\/div>\n\t\t\t\t\t<\/div>\n\t\t<\/div>\n\t\t\t\t<div class=\"elementor-column elementor-col-50 elementor-top-column elementor-element elementor-element-2223052\" data-id=\"2223052\" data-element_type=\"column\">\n\t\t\t<div class=\"elementor-column-wrap elementor-element-populated\">\n\t\t\t\t\t\t\t<div class=\"elementor-widget-wrap\">\n\t\t\t\t\t\t<section class=\"elementor-section elementor-inner-section elementor-element elementor-element-c7417ad elementor-section-boxed elementor-section-height-default elementor-section-height-default\" data-id=\"c7417ad\" data-element_type=\"section\" data-settings=\"{&quot;background_background&quot;:&quot;classic&quot;}\">\n\t\t\t\t\t\t<div class=\"elementor-container elementor-column-gap-default\">\n\t\t\t\t\t\t\t<div class=\"elementor-row\">\n\t\t\t\t\t<div class=\"elementor-column elementor-col-100 elementor-inner-column elementor-element elementor-element-c96b679\" data-id=\"c96b679\" data-element_type=\"column\">\n\t\t\t<div class=\"elementor-column-wrap elementor-element-populated\">\n\t\t\t\t\t\t\t<div class=\"elementor-widget-wrap\">\n\t\t\t\t\t\t<div class=\"elementor-element elementor-element-c8435e4 elementor-widget elementor-widget-heading\" data-id=\"c8435e4\" data-element_type=\"widget\" data-widget_type=\"heading.default\">\n\t\t\t\t<div class=\"elementor-widget-container\">\n\t\t\t<h4 class=\"elementor-heading-title elementor-size-default\">T\u00e9l\u00e9charger<\/h4>\t\t<\/div>\n\t\t\t\t<\/div>\n\t\t\t\t<div class=\"elementor-element elementor-element-72d2983 elementor-align-center elementor-widget elementor-widget-ibutton\" data-id=\"72d2983\" data-element_type=\"widget\" data-widget_type=\"ibutton.default\">\n\t\t\t\t<div class=\"elementor-widget-container\">\n\t\t\t\t\t<div class=\"ot-button\">\n\t\t\t<a href=\"https:\/\/www.actisfurio.com\/wp-content\/uploads\/2025\/06\/8173_250527_UN.pdf\" target=\"_blank\" class=\"btn btn-main has-icon\"><span>CERTIFICATS<\/span> <i class=\"far fa-file-pdf\"><\/i><\/a>\n\t    <\/div>\n\t    \t\t<\/div>\n\t\t\t\t<\/div>\n\t\t\t\t<div class=\"elementor-element elementor-element-cb9a147 elementor-align-center elementor-widget elementor-widget-ibutton\" data-id=\"cb9a147\" data-element_type=\"widget\" data-widget_type=\"ibutton.default\">\n\t\t\t\t<div class=\"elementor-widget-container\">\n\t\t\t\t\t<div class=\"ot-button\">\n\t\t\t<a href=\"https:\/\/www.actisfurio.com\/wp-content\/uploads\/2025\/04\/Politica-della-qualita.pdf\" target=\"_blank\" class=\"btn btn-main has-icon\"><span>POLITIQUE DE LA QUALIT\u00c9<\/span> <i class=\"far fa-file-pdf\"><\/i><\/a>\n\t    <\/div>\n\t    \t\t<\/div>\n\t\t\t\t<\/div>\n\t\t\t\t\t\t<\/div>\n\t\t\t\t\t<\/div>\n\t\t<\/div>\n\t\t\t\t\t\t\t\t<\/div>\n\t\t\t\t\t<\/div>\n\t\t<\/section>\n\t\t\t\t\t\t<\/div>\n\t\t\t\t\t<\/div>\n\t\t<\/div>\n\t\t\t\t\t\t\t\t<\/div>\n\t\t\t\t\t<\/div>\n\t\t<\/section>\n\t\t\t\t\t\t<\/div>\n\t\t\t\t\t\t<\/div>\n\t\t\t\t\t<\/div>\n\t\t","protected":false},"excerpt":{"rendered":"<p>Planifier, tracer, mesurer : tels sont nos gages de qualit\u00e9, de fiabilit\u00e9 et d&rsquo;excellence Efficacit\u00e9 et am\u00e9lioration constante La qualit\u00e9 est le point central des op\u00e9rations d&rsquo;ACTIS FURIO. Un syst\u00e8me de gestion de qualit\u00e9 conforme aux normes internationales est en place depuis 2004. Cet engagement d&rsquo;am\u00e9lioration continue est partag\u00e9 par l&rsquo;ensemble de l&rsquo;organisation et r\u00e9alis\u00e9e [&hellip;]<\/p>\n","protected":false},"author":1,"featured_media":2301,"parent":5936,"menu_order":0,"comment_status":"closed","ping_status":"closed","template":"","meta":[],"yoast_head":"<!-- This site is optimized with the Yoast SEO plugin v17.6 - https:\/\/yoast.com\/wordpress\/plugins\/seo\/ -->\n<title>Qualite - Actis Furio<\/title>\n<meta name=\"robots\" content=\"index, follow, max-snippet:-1, max-image-preview:large, max-video-preview:-1\" \/>\n<link rel=\"canonical\" href=\"https:\/\/www.actisfurio.com\/fr\/lentreprise\/qualite\/\" \/>\n<meta property=\"og:locale\" content=\"fr_FR\" \/>\n<meta property=\"og:type\" content=\"article\" \/>\n<meta property=\"og:title\" content=\"Qualite - Actis Furio\" \/>\n<meta property=\"og:description\" content=\"Planifier, tracer, mesurer : tels sont nos gages de qualit\u00e9, de fiabilit\u00e9 et d&rsquo;excellence Efficacit\u00e9 et am\u00e9lioration constante La qualit\u00e9 est le point central des op\u00e9rations d&rsquo;ACTIS FURIO. Un syst\u00e8me de gestion de qualit\u00e9 conforme aux normes internationales est en place depuis 2004. Cet engagement d&rsquo;am\u00e9lioration continue est partag\u00e9 par l&rsquo;ensemble de l&rsquo;organisation et r\u00e9alis\u00e9e [&hellip;]\" \/>\n<meta property=\"og:url\" content=\"https:\/\/www.actisfurio.com\/fr\/lentreprise\/qualite\/\" \/>\n<meta property=\"og:site_name\" content=\"Actis Furio\" \/>\n<meta property=\"article:publisher\" content=\"https:\/\/www.facebook.com\/actisfurio\/\" \/>\n<meta property=\"article:modified_time\" content=\"2025-06-10T07:12:00+00:00\" \/>\n<meta property=\"og:image\" content=\"https:\/\/www.actisfurio.com\/wp-content\/uploads\/2020\/05\/about4.jpg\" \/>\n\t<meta property=\"og:image:width\" content=\"1200\" \/>\n\t<meta property=\"og:image:height\" content=\"400\" \/>\n<meta name=\"twitter:card\" content=\"summary_large_image\" \/>\n<meta name=\"twitter:label1\" content=\"Dur\u00e9e de lecture estim\u00e9e\" \/>\n\t<meta name=\"twitter:data1\" content=\"2 minutes\" \/>\n<script type=\"application\/ld+json\" class=\"yoast-schema-graph\">{\"@context\":\"https:\/\/schema.org\",\"@graph\":[{\"@type\":\"Organization\",\"@id\":\"https:\/\/www.actisfurio.com\/#organization\",\"name\":\"Actis Furio S.r.l.\",\"url\":\"https:\/\/www.actisfurio.com\/\",\"sameAs\":[\"https:\/\/www.facebook.com\/actisfurio\/\",\"https:\/\/www.youtube.com\/channel\/UCRnAgFJIsFSmzi1HJ9jwQZA\"],\"logo\":{\"@type\":\"ImageObject\",\"@id\":\"https:\/\/www.actisfurio.com\/#logo\",\"inLanguage\":\"fr-FR\",\"url\":\"https:\/\/www.actisfurio.com\/wp-content\/uploads\/2020\/04\/logo-Actis-Blu-400x160-1.png\",\"contentUrl\":\"https:\/\/www.actisfurio.com\/wp-content\/uploads\/2020\/04\/logo-Actis-Blu-400x160-1.png\",\"width\":400,\"height\":157,\"caption\":\"Actis Furio S.r.l.\"},\"image\":{\"@id\":\"https:\/\/www.actisfurio.com\/#logo\"}},{\"@type\":\"WebSite\",\"@id\":\"https:\/\/www.actisfurio.com\/#website\",\"url\":\"https:\/\/www.actisfurio.com\/\",\"name\":\"Actis Furio\",\"description\":\"Lamiere forate e reti metalliche\",\"publisher\":{\"@id\":\"https:\/\/www.actisfurio.com\/#organization\"},\"potentialAction\":[{\"@type\":\"SearchAction\",\"target\":{\"@type\":\"EntryPoint\",\"urlTemplate\":\"https:\/\/www.actisfurio.com\/?s={search_term_string}\"},\"query-input\":\"required name=search_term_string\"}],\"inLanguage\":\"fr-FR\"},{\"@type\":\"ImageObject\",\"@id\":\"https:\/\/www.actisfurio.com\/fr\/lentreprise\/qualite\/#primaryimage\",\"inLanguage\":\"fr-FR\",\"url\":\"https:\/\/www.actisfurio.com\/wp-content\/uploads\/2020\/05\/about4.jpg\",\"contentUrl\":\"https:\/\/www.actisfurio.com\/wp-content\/uploads\/2020\/05\/about4.jpg\",\"width\":1200,\"height\":400},{\"@type\":\"WebPage\",\"@id\":\"https:\/\/www.actisfurio.com\/fr\/lentreprise\/qualite\/#webpage\",\"url\":\"https:\/\/www.actisfurio.com\/fr\/lentreprise\/qualite\/\",\"name\":\"Qualite - Actis Furio\",\"isPartOf\":{\"@id\":\"https:\/\/www.actisfurio.com\/#website\"},\"primaryImageOfPage\":{\"@id\":\"https:\/\/www.actisfurio.com\/fr\/lentreprise\/qualite\/#primaryimage\"},\"datePublished\":\"2020-11-05T10:38:57+00:00\",\"dateModified\":\"2025-06-10T07:12:00+00:00\",\"breadcrumb\":{\"@id\":\"https:\/\/www.actisfurio.com\/fr\/lentreprise\/qualite\/#breadcrumb\"},\"inLanguage\":\"fr-FR\",\"potentialAction\":[{\"@type\":\"ReadAction\",\"target\":[\"https:\/\/www.actisfurio.com\/fr\/lentreprise\/qualite\/\"]}]},{\"@type\":\"BreadcrumbList\",\"@id\":\"https:\/\/www.actisfurio.com\/fr\/lentreprise\/qualite\/#breadcrumb\",\"itemListElement\":[{\"@type\":\"ListItem\",\"position\":1,\"name\":\"Home\",\"item\":\"https:\/\/www.actisfurio.com\/fr\/\"},{\"@type\":\"ListItem\",\"position\":2,\"name\":\"L&#8217;Entreprise\",\"item\":\"https:\/\/www.actisfurio.com\/fr\/lentreprise\/\"},{\"@type\":\"ListItem\",\"position\":3,\"name\":\"Qualite\"}]}]}<\/script>\n<!-- \/ Yoast SEO plugin. -->","yoast_head_json":{"title":"Qualite - Actis Furio","robots":{"index":"index","follow":"follow","max-snippet":"max-snippet:-1","max-image-preview":"max-image-preview:large","max-video-preview":"max-video-preview:-1"},"canonical":"https:\/\/www.actisfurio.com\/fr\/lentreprise\/qualite\/","og_locale":"fr_FR","og_type":"article","og_title":"Qualite - Actis Furio","og_description":"Planifier, tracer, mesurer : tels sont nos gages de qualit\u00e9, de fiabilit\u00e9 et d&rsquo;excellence Efficacit\u00e9 et am\u00e9lioration constante La qualit\u00e9 est le point central des op\u00e9rations d&rsquo;ACTIS FURIO. Un syst\u00e8me de gestion de qualit\u00e9 conforme aux normes internationales est en place depuis 2004. Cet engagement d&rsquo;am\u00e9lioration continue est partag\u00e9 par l&rsquo;ensemble de l&rsquo;organisation et r\u00e9alis\u00e9e [&hellip;]","og_url":"https:\/\/www.actisfurio.com\/fr\/lentreprise\/qualite\/","og_site_name":"Actis Furio","article_publisher":"https:\/\/www.facebook.com\/actisfurio\/","article_modified_time":"2025-06-10T07:12:00+00:00","og_image":[{"width":1200,"height":400,"url":"https:\/\/www.actisfurio.com\/wp-content\/uploads\/2020\/05\/about4.jpg","type":"image\/jpeg"}],"twitter_card":"summary_large_image","twitter_misc":{"Dur\u00e9e de lecture estim\u00e9e":"2 minutes"},"schema":{"@context":"https:\/\/schema.org","@graph":[{"@type":"Organization","@id":"https:\/\/www.actisfurio.com\/#organization","name":"Actis Furio S.r.l.","url":"https:\/\/www.actisfurio.com\/","sameAs":["https:\/\/www.facebook.com\/actisfurio\/","https:\/\/www.youtube.com\/channel\/UCRnAgFJIsFSmzi1HJ9jwQZA"],"logo":{"@type":"ImageObject","@id":"https:\/\/www.actisfurio.com\/#logo","inLanguage":"fr-FR","url":"https:\/\/www.actisfurio.com\/wp-content\/uploads\/2020\/04\/logo-Actis-Blu-400x160-1.png","contentUrl":"https:\/\/www.actisfurio.com\/wp-content\/uploads\/2020\/04\/logo-Actis-Blu-400x160-1.png","width":400,"height":157,"caption":"Actis Furio S.r.l."},"image":{"@id":"https:\/\/www.actisfurio.com\/#logo"}},{"@type":"WebSite","@id":"https:\/\/www.actisfurio.com\/#website","url":"https:\/\/www.actisfurio.com\/","name":"Actis Furio","description":"Lamiere forate e reti metalliche","publisher":{"@id":"https:\/\/www.actisfurio.com\/#organization"},"potentialAction":[{"@type":"SearchAction","target":{"@type":"EntryPoint","urlTemplate":"https:\/\/www.actisfurio.com\/?s={search_term_string}"},"query-input":"required name=search_term_string"}],"inLanguage":"fr-FR"},{"@type":"ImageObject","@id":"https:\/\/www.actisfurio.com\/fr\/lentreprise\/qualite\/#primaryimage","inLanguage":"fr-FR","url":"https:\/\/www.actisfurio.com\/wp-content\/uploads\/2020\/05\/about4.jpg","contentUrl":"https:\/\/www.actisfurio.com\/wp-content\/uploads\/2020\/05\/about4.jpg","width":1200,"height":400},{"@type":"WebPage","@id":"https:\/\/www.actisfurio.com\/fr\/lentreprise\/qualite\/#webpage","url":"https:\/\/www.actisfurio.com\/fr\/lentreprise\/qualite\/","name":"Qualite - Actis Furio","isPartOf":{"@id":"https:\/\/www.actisfurio.com\/#website"},"primaryImageOfPage":{"@id":"https:\/\/www.actisfurio.com\/fr\/lentreprise\/qualite\/#primaryimage"},"datePublished":"2020-11-05T10:38:57+00:00","dateModified":"2025-06-10T07:12:00+00:00","breadcrumb":{"@id":"https:\/\/www.actisfurio.com\/fr\/lentreprise\/qualite\/#breadcrumb"},"inLanguage":"fr-FR","potentialAction":[{"@type":"ReadAction","target":["https:\/\/www.actisfurio.com\/fr\/lentreprise\/qualite\/"]}]},{"@type":"BreadcrumbList","@id":"https:\/\/www.actisfurio.com\/fr\/lentreprise\/qualite\/#breadcrumb","itemListElement":[{"@type":"ListItem","position":1,"name":"Home","item":"https:\/\/www.actisfurio.com\/fr\/"},{"@type":"ListItem","position":2,"name":"L&#8217;Entreprise","item":"https:\/\/www.actisfurio.com\/fr\/lentreprise\/"},{"@type":"ListItem","position":3,"name":"Qualite"}]}]}},"_links":{"self":[{"href":"https:\/\/www.actisfurio.com\/fr\/wp-json\/wp\/v2\/pages\/5938"}],"collection":[{"href":"https:\/\/www.actisfurio.com\/fr\/wp-json\/wp\/v2\/pages"}],"about":[{"href":"https:\/\/www.actisfurio.com\/fr\/wp-json\/wp\/v2\/types\/page"}],"author":[{"embeddable":true,"href":"https:\/\/www.actisfurio.com\/fr\/wp-json\/wp\/v2\/users\/1"}],"replies":[{"embeddable":true,"href":"https:\/\/www.actisfurio.com\/fr\/wp-json\/wp\/v2\/comments?post=5938"}],"version-history":[{"count":25,"href":"https:\/\/www.actisfurio.com\/fr\/wp-json\/wp\/v2\/pages\/5938\/revisions"}],"predecessor-version":[{"id":8849,"href":"https:\/\/www.actisfurio.com\/fr\/wp-json\/wp\/v2\/pages\/5938\/revisions\/8849"}],"up":[{"embeddable":true,"href":"https:\/\/www.actisfurio.com\/fr\/wp-json\/wp\/v2\/pages\/5936"}],"wp:featuredmedia":[{"embeddable":true,"href":"https:\/\/www.actisfurio.com\/fr\/wp-json\/wp\/v2\/media\/2301"}],"wp:attachment":[{"href":"https:\/\/www.actisfurio.com\/fr\/wp-json\/wp\/v2\/media?parent=5938"}],"curies":[{"name":"wp","href":"https:\/\/api.w.org\/{rel}","templated":true}]}}