{"id":5949,"date":"2020-11-05T11:44:41","date_gmt":"2020-11-05T10:44:41","guid":{"rendered":"https:\/\/actisfurio.com\/?page_id=5949"},"modified":"2022-03-22T08:57:50","modified_gmt":"2022-03-22T07:57:50","slug":"carte-vide-sur-plein","status":"publish","type":"page","link":"https:\/\/www.actisfurio.com\/fr\/la-perforation-calcul-vide-sur-plein\/carte-vide-sur-plein\/","title":{"rendered":"Carte Vide Sur Plein"},"content":{"rendered":"\t\t<div data-elementor-type=\"wp-page\" data-elementor-id=\"5949\" class=\"elementor elementor-5949 elementor-1875\" data-elementor-settings=\"[]\">\n\t\t\t\t\t\t<div class=\"elementor-inner\">\n\t\t\t\t\t\t\t<div class=\"elementor-section-wrap\">\n\t\t\t\t\t\t\t<section class=\"elementor-section elementor-top-section elementor-element elementor-element-650197a7 elementor-section-boxed elementor-section-height-default elementor-section-height-default\" data-id=\"650197a7\" data-element_type=\"section\" data-settings=\"{&quot;background_background&quot;:&quot;classic&quot;}\">\n\t\t\t\t\t\t<div class=\"elementor-container elementor-column-gap-default\">\n\t\t\t\t\t\t\t<div class=\"elementor-row\">\n\t\t\t\t\t<div class=\"elementor-column elementor-col-100 elementor-top-column elementor-element elementor-element-7db3e703\" data-id=\"7db3e703\" data-element_type=\"column\">\n\t\t\t<div class=\"elementor-column-wrap elementor-element-populated\">\n\t\t\t\t\t\t\t<div class=\"elementor-widget-wrap\">\n\t\t\t\t\t\t<div class=\"elementor-element elementor-element-6a8904f2 elementor-widget elementor-widget-iheading\" data-id=\"6a8904f2\" data-element_type=\"widget\" data-widget_type=\"iheading.default\">\n\t\t\t\t<div class=\"elementor-widget-container\">\n\t\t\t\t\t<div class=\"section-head\">\n\t        \t            <h6 class=\"text-primary\">VOUS \u00caTES INT\u00c9RESS\u00c9 \u00c0 ACHETER CETTE TOLE PERFOR\u00c9E?<\/h6>\n\t        \t        <h2 class=\"section-title\">Demander un Devis <span class=\"text-primary\"><\/span><\/h2>\n\t        \t    <\/div>\n\t    \t\t<\/div>\n\t\t\t\t<\/div>\n\t\t\t\t<div class=\"elementor-element elementor-element-f7c35c0 elementor-widget elementor-widget-text-editor\" data-id=\"f7c35c0\" data-element_type=\"widget\" data-widget_type=\"text-editor.default\">\n\t\t\t\t<div class=\"elementor-widget-container\">\n\t\t\t\t\t<div class=\"elementor-text-editor elementor-clearfix\"><p>Pas de ventes aux particuliers<\/p><\/div>\n\t\t\t\t<\/div>\n\t\t\t\t<\/div>\n\t\t\t\t<div class=\"elementor-element elementor-element-7f1694a6 elementor-button-align-stretch elementor-widget elementor-widget-form\" data-id=\"7f1694a6\" data-element_type=\"widget\" data-settings=\"{&quot;step_next_label&quot;:&quot;Successivo&quot;,&quot;step_previous_label&quot;:&quot;Precedente&quot;,&quot;button_width&quot;:&quot;100&quot;,&quot;step_type&quot;:&quot;number_text&quot;,&quot;step_icon_shape&quot;:&quot;circle&quot;}\" data-widget_type=\"form.default\">\n\t\t\t\t<div class=\"elementor-widget-container\">\n\t\t\t\t\t<form class=\"elementor-form\" method=\"post\" id=\"form-vsp\" name=\"Preventivo da VSP\">\n\t\t\t<input type=\"hidden\" name=\"post_id\" value=\"5949\"\/>\n\t\t\t<input type=\"hidden\" name=\"form_id\" value=\"7f1694a6\"\/>\n\n\t\t\t\n\t\t\t<div class=\"elementor-form-fields-wrapper elementor-labels-above\">\n\t\t\t\t\t\t\t\t<div class=\"elementor-field-type-text elementor-field-group elementor-column elementor-field-group-name elementor-col-33 elementor-field-required elementor-mark-required\">\n\t\t\t\t\t<label for=\"form-field-name\" class=\"elementor-field-label\">Pr\u00e9nom et Nom<\/label><input size=\"1\" type=\"text\" name=\"form_fields[name]\" id=\"form-field-name\" class=\"elementor-field elementor-size-sm  elementor-field-textual\" required=\"required\" aria-required=\"true\">\t\t\t\t<\/div>\n\t\t\t\t\t\t\t\t<div class=\"elementor-field-type-email elementor-field-group elementor-column elementor-field-group-email elementor-col-33 elementor-field-required elementor-mark-required\">\n\t\t\t\t\t<label for=\"form-field-email\" class=\"elementor-field-label\">Courrier \u00e9lectronique<\/label><input size=\"1\" type=\"email\" name=\"form_fields[email]\" id=\"form-field-email\" class=\"elementor-field elementor-size-sm  elementor-field-textual\" required=\"required\" aria-required=\"true\">\t\t\t\t<\/div>\n\t\t\t\t\t\t\t\t<div class=\"elementor-field-type-text elementor-field-group elementor-column elementor-field-group-telefono elementor-col-33\">\n\t\t\t\t\t<label for=\"form-field-telefono\" class=\"elementor-field-label\">N\u00ba de t\u00e9l\u00e9phone<\/label><input size=\"1\" type=\"text\" name=\"form_fields[telefono]\" id=\"form-field-telefono\" class=\"elementor-field elementor-size-sm  elementor-field-textual\">\t\t\t\t<\/div>\n\t\t\t\t\t\t\t\t<div class=\"elementor-field-type-text elementor-field-group elementor-column elementor-field-group-aziendaprivato elementor-col-33 elementor-field-required elementor-mark-required\">\n\t\t\t\t\t<label for=\"form-field-aziendaprivato\" class=\"elementor-field-label\">Soci\u00e9t\u00e9<\/label><input size=\"1\" type=\"text\" name=\"form_fields[aziendaprivato]\" id=\"form-field-aziendaprivato\" class=\"elementor-field elementor-size-sm  elementor-field-textual\" required=\"required\" aria-required=\"true\">\t\t\t\t<\/div>\n\t\t\t\t\t\t\t\t<div class=\"elementor-field-type-number elementor-field-group elementor-column elementor-field-group-field_a154573 elementor-col-33\">\n\t\t\t\t\t<label for=\"form-field-field_a154573\" class=\"elementor-field-label\">Nombre de T\u00f4les<\/label><input type=\"number\" name=\"form_fields[field_a154573]\" id=\"form-field-field_a154573\" class=\"elementor-field elementor-size-sm  elementor-field-textual\" min=\"\" max=\"\">\t\t\t\t<\/div>\n\t\t\t\t\t\t\t\t<div class=\"elementor-field-type-acceptance elementor-field-group elementor-column elementor-field-group-privacy elementor-col-100 elementor-field-required elementor-mark-required\">\n\t\t\t\t\t<div class=\"elementor-field-subgroup\"><span class=\"elementor-field-option\"><input type=\"checkbox\" name=\"form_fields[privacy]\" id=\"form-field-privacy\" class=\"elementor-field elementor-size-sm  elementor-acceptance-field\" required=\"required\" aria-required=\"true\"> <label for=\"form-field-privacy\">* <small>J'autorise le traitement de mes donn\u00e9es personnelles conform\u00e9ment \u00e0 votre <a href=\"https:\/\/www.actisfurio.com\/fr\/politiques-de-confidentialite-et-cookies\/\" target=\"_blank\">politique de confidentialit\u00e9<\/a><\/small><\/label><\/span><\/div>\t\t\t\t<\/div>\n\t\t\t\t\t\t\t\t<div class=\"elementor-field-type-hidden elementor-field-group elementor-column elementor-field-group-tipologiaforo elementor-col-100\">\n\t\t\t\t\t<input size=\"1\" type=\"hidden\" name=\"form_fields[tipologiaforo]\" id=\"form-field-tipologiaforo\" class=\"elementor-field elementor-size-sm  elementor-field-textual\">\t\t\t\t<\/div>\n\t\t\t\t\t\t\t\t<div class=\"elementor-field-type-hidden elementor-field-group elementor-column elementor-field-group-diametro elementor-col-100\">\n\t\t\t\t\t<input size=\"1\" type=\"hidden\" name=\"form_fields[diametro]\" id=\"form-field-diametro\" class=\"elementor-field elementor-size-sm  elementor-field-textual\">\t\t\t\t<\/div>\n\t\t\t\t\t\t\t\t<div class=\"elementor-field-type-hidden elementor-field-group elementor-column elementor-field-group-lato elementor-col-100\">\n\t\t\t\t\t<input size=\"1\" type=\"hidden\" name=\"form_fields[lato]\" id=\"form-field-lato\" class=\"elementor-field elementor-size-sm  elementor-field-textual\">\t\t\t\t<\/div>\n\t\t\t\t\t\t\t\t<div class=\"elementor-field-type-hidden elementor-field-group elementor-column elementor-field-group-passo elementor-col-100\">\n\t\t\t\t\t<input size=\"1\" type=\"hidden\" name=\"form_fields[passo]\" id=\"form-field-passo\" class=\"elementor-field elementor-size-sm  elementor-field-textual\">\t\t\t\t<\/div>\n\t\t\t\t\t\t\t\t<div class=\"elementor-field-type-hidden elementor-field-group elementor-column elementor-field-group-larghezza elementor-col-100\">\n\t\t\t\t\t<input size=\"1\" type=\"hidden\" name=\"form_fields[larghezza]\" id=\"form-field-larghezza\" class=\"elementor-field elementor-size-sm  elementor-field-textual\">\t\t\t\t<\/div>\n\t\t\t\t\t\t\t\t<div class=\"elementor-field-type-hidden elementor-field-group elementor-column elementor-field-group-altezza elementor-col-100\">\n\t\t\t\t\t<input size=\"1\" type=\"hidden\" name=\"form_fields[altezza]\" id=\"form-field-altezza\" class=\"elementor-field elementor-size-sm  elementor-field-textual\">\t\t\t\t<\/div>\n\t\t\t\t\t\t\t\t<div class=\"elementor-field-type-hidden elementor-field-group elementor-column elementor-field-group-passooriz elementor-col-100\">\n\t\t\t\t\t<input size=\"1\" type=\"hidden\" name=\"form_fields[passooriz]\" id=\"form-field-passooriz\" class=\"elementor-field elementor-size-sm  elementor-field-textual\">\t\t\t\t<\/div>\n\t\t\t\t\t\t\t\t<div class=\"elementor-field-type-hidden elementor-field-group elementor-column elementor-field-group-passovert elementor-col-100\">\n\t\t\t\t\t<input size=\"1\" type=\"hidden\" name=\"form_fields[passovert]\" id=\"form-field-passovert\" class=\"elementor-field elementor-size-sm  elementor-field-textual\">\t\t\t\t<\/div>\n\t\t\t\t\t\t\t\t<div class=\"elementor-field-type-hidden elementor-field-group elementor-column elementor-field-group-spessore elementor-col-100\">\n\t\t\t\t\t<input size=\"1\" type=\"hidden\" name=\"form_fields[spessore]\" id=\"form-field-spessore\" class=\"elementor-field elementor-size-sm  elementor-field-textual\">\t\t\t\t<\/div>\n\t\t\t\t\t\t\t\t<div class=\"elementor-field-type-hidden elementor-field-group elementor-column elementor-field-group-materiale elementor-col-100\">\n\t\t\t\t\t<input size=\"1\" type=\"hidden\" name=\"form_fields[materiale]\" id=\"form-field-materiale\" class=\"elementor-field elementor-size-sm  elementor-field-textual\">\t\t\t\t<\/div>\n\t\t\t\t\t\t\t\t<div class=\"elementor-field-type-hidden elementor-field-group elementor-column elementor-field-group-larghezzalamiera elementor-col-100\">\n\t\t\t\t\t<input size=\"1\" type=\"hidden\" name=\"form_fields[larghezzalamiera]\" id=\"form-field-larghezzalamiera\" class=\"elementor-field elementor-size-sm  elementor-field-textual\">\t\t\t\t<\/div>\n\t\t\t\t\t\t\t\t<div class=\"elementor-field-type-hidden elementor-field-group elementor-column elementor-field-group-altezzalamiera elementor-col-100\">\n\t\t\t\t\t<input size=\"1\" type=\"hidden\" name=\"form_fields[altezzalamiera]\" id=\"form-field-altezzalamiera\" class=\"elementor-field elementor-size-sm  elementor-field-textual\">\t\t\t\t<\/div>\n\t\t\t\t\t\t\t\t<div class=\"elementor-field-type-text\">\n\t\t\t\t\t<input size=\"1\" type=\"text\" name=\"form_fields[hp]\" id=\"form-field-hp\" class=\"elementor-field elementor-size-sm \" style=\"display:none !important;\">\t\t\t\t<\/div>\n\t\t\t\t\t\t\t\t<div class=\"elementor-field-type-hidden elementor-field-group elementor-column elementor-field-group-idcontatto elementor-col-100\">\n\t\t\t\t\t<input size=\"1\" type=\"hidden\" name=\"form_fields[idcontatto]\" id=\"form-field-idcontatto\" class=\"elementor-field elementor-size-sm  elementor-field-textual\">\t\t\t\t<\/div>\n\t\t\t\t\t\t\t\t<div class=\"elementor-field-group elementor-column elementor-field-type-submit elementor-col-100 e-form__buttons\">\n\t\t\t\t\t<button type=\"submit\" class=\"elementor-button elementor-size-md\">\n\t\t\t\t\t\t<span >\n\t\t\t\t\t\t\t\t\t\t\t\t\t\t\t<span class=\" elementor-button-icon\">\n\t\t\t\t\t\t\t\t\t\t\t\t\t\t\t\t\t\t\t\t\t\t\t\t\t\t<\/span>\n\t\t\t\t\t\t\t\t\t\t\t\t\t\t\t\t\t\t\t\t\t\t<span class=\"elementor-button-text\">ENVOYER<\/span>\n\t\t\t\t\t\t\t\t\t\t\t\t\t<\/span>\n\t\t\t\t\t<\/button>\n\t\t\t\t<\/div>\n\t\t\t<\/div>\n\t\t<\/form>\n\t\t\t\t<\/div>\n\t\t\t\t<\/div>\n\t\t\t\t\t\t<\/div>\n\t\t\t\t\t<\/div>\n\t\t<\/div>\n\t\t\t\t\t\t\t\t<\/div>\n\t\t\t\t\t<\/div>\n\t\t<\/section>\n\t\t\t\t\t\t<\/div>\n\t\t\t\t\t\t<\/div>\n\t\t\t\t\t<\/div>\n\t\t","protected":false},"excerpt":{"rendered":"<p>VOUS \u00caTES INT\u00c9RESS\u00c9 \u00c0 ACHETER CETTE TOLE PERFOR\u00c9E? Demander un Devis Pas de ventes aux particuliers<\/p>\n","protected":false},"author":1,"featured_media":5239,"parent":5942,"menu_order":0,"comment_status":"closed","ping_status":"closed","template":"page-vspresult.php","meta":[],"yoast_head":"<!-- This site is optimized with the Yoast SEO plugin v17.6 - https:\/\/yoast.com\/wordpress\/plugins\/seo\/ -->\n<title>Carte Vide Sur Plein - Actis Furio<\/title>\n<meta name=\"robots\" content=\"index, follow, max-snippet:-1, max-image-preview:large, max-video-preview:-1\" \/>\n<link rel=\"canonical\" href=\"https:\/\/www.actisfurio.com\/fr\/la-perforation-calcul-vide-sur-plein\/carte-vide-sur-plein\/\" \/>\n<meta property=\"og:locale\" content=\"fr_FR\" \/>\n<meta property=\"og:type\" content=\"article\" \/>\n<meta property=\"og:title\" content=\"Carte Vide Sur Plein - Actis Furio\" \/>\n<meta property=\"og:description\" content=\"VOUS \u00caTES INT\u00c9RESS\u00c9 \u00c0 ACHETER CETTE TOLE PERFOR\u00c9E? Demander un Devis Pas de ventes aux particuliers\" \/>\n<meta property=\"og:url\" content=\"https:\/\/www.actisfurio.com\/fr\/la-perforation-calcul-vide-sur-plein\/carte-vide-sur-plein\/\" \/>\n<meta property=\"og:site_name\" content=\"Actis Furio\" \/>\n<meta property=\"article:publisher\" content=\"https:\/\/www.facebook.com\/actisfurio\/\" \/>\n<meta property=\"article:modified_time\" content=\"2022-03-22T07:57:50+00:00\" \/>\n<meta property=\"og:image\" content=\"https:\/\/www.actisfurio.com\/wp-content\/uploads\/2020\/10\/IMG_3050-LAMIERE-FORO-TONDO_mod.jpg\" \/>\n\t<meta property=\"og:image:width\" content=\"1200\" \/>\n\t<meta property=\"og:image:height\" content=\"799\" \/>\n<meta name=\"twitter:card\" content=\"summary_large_image\" \/>\n<meta name=\"twitter:label1\" content=\"Dur\u00e9e de lecture estim\u00e9e\" \/>\n\t<meta name=\"twitter:data1\" content=\"1 minute\" \/>\n<script type=\"application\/ld+json\" class=\"yoast-schema-graph\">{\"@context\":\"https:\/\/schema.org\",\"@graph\":[{\"@type\":\"Organization\",\"@id\":\"https:\/\/www.actisfurio.com\/#organization\",\"name\":\"Actis Furio S.r.l.\",\"url\":\"https:\/\/www.actisfurio.com\/\",\"sameAs\":[\"https:\/\/www.facebook.com\/actisfurio\/\",\"https:\/\/www.youtube.com\/channel\/UCRnAgFJIsFSmzi1HJ9jwQZA\"],\"logo\":{\"@type\":\"ImageObject\",\"@id\":\"https:\/\/www.actisfurio.com\/#logo\",\"inLanguage\":\"fr-FR\",\"url\":\"https:\/\/www.actisfurio.com\/wp-content\/uploads\/2020\/04\/logo-Actis-Blu-400x160-1.png\",\"contentUrl\":\"https:\/\/www.actisfurio.com\/wp-content\/uploads\/2020\/04\/logo-Actis-Blu-400x160-1.png\",\"width\":400,\"height\":157,\"caption\":\"Actis Furio S.r.l.\"},\"image\":{\"@id\":\"https:\/\/www.actisfurio.com\/#logo\"}},{\"@type\":\"WebSite\",\"@id\":\"https:\/\/www.actisfurio.com\/#website\",\"url\":\"https:\/\/www.actisfurio.com\/\",\"name\":\"Actis Furio\",\"description\":\"Lamiere forate e reti metalliche\",\"publisher\":{\"@id\":\"https:\/\/www.actisfurio.com\/#organization\"},\"potentialAction\":[{\"@type\":\"SearchAction\",\"target\":{\"@type\":\"EntryPoint\",\"urlTemplate\":\"https:\/\/www.actisfurio.com\/?s={search_term_string}\"},\"query-input\":\"required name=search_term_string\"}],\"inLanguage\":\"fr-FR\"},{\"@type\":\"ImageObject\",\"@id\":\"https:\/\/www.actisfurio.com\/fr\/la-perforation-calcul-vide-sur-plein\/carte-vide-sur-plein\/#primaryimage\",\"inLanguage\":\"fr-FR\",\"url\":\"https:\/\/www.actisfurio.com\/wp-content\/uploads\/2020\/10\/IMG_3050-LAMIERE-FORO-TONDO_mod.jpg\",\"contentUrl\":\"https:\/\/www.actisfurio.com\/wp-content\/uploads\/2020\/10\/IMG_3050-LAMIERE-FORO-TONDO_mod.jpg\",\"width\":1200,\"height\":799,\"caption\":\"Lamiere Forate\"},{\"@type\":\"WebPage\",\"@id\":\"https:\/\/www.actisfurio.com\/fr\/la-perforation-calcul-vide-sur-plein\/carte-vide-sur-plein\/#webpage\",\"url\":\"https:\/\/www.actisfurio.com\/fr\/la-perforation-calcul-vide-sur-plein\/carte-vide-sur-plein\/\",\"name\":\"Carte Vide Sur Plein - Actis Furio\",\"isPartOf\":{\"@id\":\"https:\/\/www.actisfurio.com\/#website\"},\"primaryImageOfPage\":{\"@id\":\"https:\/\/www.actisfurio.com\/fr\/la-perforation-calcul-vide-sur-plein\/carte-vide-sur-plein\/#primaryimage\"},\"datePublished\":\"2020-11-05T10:44:41+00:00\",\"dateModified\":\"2022-03-22T07:57:50+00:00\",\"breadcrumb\":{\"@id\":\"https:\/\/www.actisfurio.com\/fr\/la-perforation-calcul-vide-sur-plein\/carte-vide-sur-plein\/#breadcrumb\"},\"inLanguage\":\"fr-FR\",\"potentialAction\":[{\"@type\":\"ReadAction\",\"target\":[\"https:\/\/www.actisfurio.com\/fr\/la-perforation-calcul-vide-sur-plein\/carte-vide-sur-plein\/\"]}]},{\"@type\":\"BreadcrumbList\",\"@id\":\"https:\/\/www.actisfurio.com\/fr\/la-perforation-calcul-vide-sur-plein\/carte-vide-sur-plein\/#breadcrumb\",\"itemListElement\":[{\"@type\":\"ListItem\",\"position\":1,\"name\":\"Home\",\"item\":\"https:\/\/www.actisfurio.com\/fr\/\"},{\"@type\":\"ListItem\",\"position\":2,\"name\":\"La Perforation : Calcul Vide Sur Plein\",\"item\":\"https:\/\/www.actisfurio.com\/fr\/la-perforation-calcul-vide-sur-plein\/\"},{\"@type\":\"ListItem\",\"position\":3,\"name\":\"Carte Vide Sur Plein\"}]}]}<\/script>\n<!-- \/ Yoast SEO plugin. -->","yoast_head_json":{"title":"Carte Vide Sur Plein - Actis Furio","robots":{"index":"index","follow":"follow","max-snippet":"max-snippet:-1","max-image-preview":"max-image-preview:large","max-video-preview":"max-video-preview:-1"},"canonical":"https:\/\/www.actisfurio.com\/fr\/la-perforation-calcul-vide-sur-plein\/carte-vide-sur-plein\/","og_locale":"fr_FR","og_type":"article","og_title":"Carte Vide Sur Plein - Actis Furio","og_description":"VOUS \u00caTES INT\u00c9RESS\u00c9 \u00c0 ACHETER CETTE TOLE PERFOR\u00c9E? Demander un Devis Pas de ventes aux particuliers","og_url":"https:\/\/www.actisfurio.com\/fr\/la-perforation-calcul-vide-sur-plein\/carte-vide-sur-plein\/","og_site_name":"Actis Furio","article_publisher":"https:\/\/www.facebook.com\/actisfurio\/","article_modified_time":"2022-03-22T07:57:50+00:00","og_image":[{"width":1200,"height":799,"url":"https:\/\/www.actisfurio.com\/wp-content\/uploads\/2020\/10\/IMG_3050-LAMIERE-FORO-TONDO_mod.jpg","type":"image\/jpeg"}],"twitter_card":"summary_large_image","twitter_misc":{"Dur\u00e9e de lecture estim\u00e9e":"1 minute"},"schema":{"@context":"https:\/\/schema.org","@graph":[{"@type":"Organization","@id":"https:\/\/www.actisfurio.com\/#organization","name":"Actis Furio S.r.l.","url":"https:\/\/www.actisfurio.com\/","sameAs":["https:\/\/www.facebook.com\/actisfurio\/","https:\/\/www.youtube.com\/channel\/UCRnAgFJIsFSmzi1HJ9jwQZA"],"logo":{"@type":"ImageObject","@id":"https:\/\/www.actisfurio.com\/#logo","inLanguage":"fr-FR","url":"https:\/\/www.actisfurio.com\/wp-content\/uploads\/2020\/04\/logo-Actis-Blu-400x160-1.png","contentUrl":"https:\/\/www.actisfurio.com\/wp-content\/uploads\/2020\/04\/logo-Actis-Blu-400x160-1.png","width":400,"height":157,"caption":"Actis Furio S.r.l."},"image":{"@id":"https:\/\/www.actisfurio.com\/#logo"}},{"@type":"WebSite","@id":"https:\/\/www.actisfurio.com\/#website","url":"https:\/\/www.actisfurio.com\/","name":"Actis Furio","description":"Lamiere forate e reti metalliche","publisher":{"@id":"https:\/\/www.actisfurio.com\/#organization"},"potentialAction":[{"@type":"SearchAction","target":{"@type":"EntryPoint","urlTemplate":"https:\/\/www.actisfurio.com\/?s={search_term_string}"},"query-input":"required name=search_term_string"}],"inLanguage":"fr-FR"},{"@type":"ImageObject","@id":"https:\/\/www.actisfurio.com\/fr\/la-perforation-calcul-vide-sur-plein\/carte-vide-sur-plein\/#primaryimage","inLanguage":"fr-FR","url":"https:\/\/www.actisfurio.com\/wp-content\/uploads\/2020\/10\/IMG_3050-LAMIERE-FORO-TONDO_mod.jpg","contentUrl":"https:\/\/www.actisfurio.com\/wp-content\/uploads\/2020\/10\/IMG_3050-LAMIERE-FORO-TONDO_mod.jpg","width":1200,"height":799,"caption":"Lamiere Forate"},{"@type":"WebPage","@id":"https:\/\/www.actisfurio.com\/fr\/la-perforation-calcul-vide-sur-plein\/carte-vide-sur-plein\/#webpage","url":"https:\/\/www.actisfurio.com\/fr\/la-perforation-calcul-vide-sur-plein\/carte-vide-sur-plein\/","name":"Carte Vide Sur Plein - Actis Furio","isPartOf":{"@id":"https:\/\/www.actisfurio.com\/#website"},"primaryImageOfPage":{"@id":"https:\/\/www.actisfurio.com\/fr\/la-perforation-calcul-vide-sur-plein\/carte-vide-sur-plein\/#primaryimage"},"datePublished":"2020-11-05T10:44:41+00:00","dateModified":"2022-03-22T07:57:50+00:00","breadcrumb":{"@id":"https:\/\/www.actisfurio.com\/fr\/la-perforation-calcul-vide-sur-plein\/carte-vide-sur-plein\/#breadcrumb"},"inLanguage":"fr-FR","potentialAction":[{"@type":"ReadAction","target":["https:\/\/www.actisfurio.com\/fr\/la-perforation-calcul-vide-sur-plein\/carte-vide-sur-plein\/"]}]},{"@type":"BreadcrumbList","@id":"https:\/\/www.actisfurio.com\/fr\/la-perforation-calcul-vide-sur-plein\/carte-vide-sur-plein\/#breadcrumb","itemListElement":[{"@type":"ListItem","position":1,"name":"Home","item":"https:\/\/www.actisfurio.com\/fr\/"},{"@type":"ListItem","position":2,"name":"La Perforation : Calcul Vide Sur Plein","item":"https:\/\/www.actisfurio.com\/fr\/la-perforation-calcul-vide-sur-plein\/"},{"@type":"ListItem","position":3,"name":"Carte Vide Sur Plein"}]}]}},"_links":{"self":[{"href":"https:\/\/www.actisfurio.com\/fr\/wp-json\/wp\/v2\/pages\/5949"}],"collection":[{"href":"https:\/\/www.actisfurio.com\/fr\/wp-json\/wp\/v2\/pages"}],"about":[{"href":"https:\/\/www.actisfurio.com\/fr\/wp-json\/wp\/v2\/types\/page"}],"author":[{"embeddable":true,"href":"https:\/\/www.actisfurio.com\/fr\/wp-json\/wp\/v2\/users\/1"}],"replies":[{"embeddable":true,"href":"https:\/\/www.actisfurio.com\/fr\/wp-json\/wp\/v2\/comments?post=5949"}],"version-history":[{"count":58,"href":"https:\/\/www.actisfurio.com\/fr\/wp-json\/wp\/v2\/pages\/5949\/revisions"}],"predecessor-version":[{"id":7824,"href":"https:\/\/www.actisfurio.com\/fr\/wp-json\/wp\/v2\/pages\/5949\/revisions\/7824"}],"up":[{"embeddable":true,"href":"https:\/\/www.actisfurio.com\/fr\/wp-json\/wp\/v2\/pages\/5942"}],"wp:featuredmedia":[{"embeddable":true,"href":"https:\/\/www.actisfurio.com\/fr\/wp-json\/wp\/v2\/media\/5239"}],"wp:attachment":[{"href":"https:\/\/www.actisfurio.com\/fr\/wp-json\/wp\/v2\/media?parent=5949"}],"curies":[{"name":"wp","href":"https:\/\/api.w.org\/{rel}","templated":true}]}}