{"id":5985,"date":"2020-11-05T12:04:28","date_gmt":"2020-11-05T11:04:28","guid":{"rendered":"https:\/\/actisfurio.com\/?page_id=5985"},"modified":"2020-11-06T12:39:08","modified_gmt":"2020-11-06T11:39:08","slug":"tissu-croise","status":"publish","type":"page","link":"https:\/\/www.actisfurio.com\/fr\/produits\/toiles-metalliques\/tissu-croise\/","title":{"rendered":"Tissu Crois\u00e9"},"content":{"rendered":"\t\t<div data-elementor-type=\"wp-post\" data-elementor-id=\"5985\" class=\"elementor elementor-5985 elementor-3191\" data-elementor-settings=\"[]\">\n\t\t\t\t\t\t<div class=\"elementor-inner\">\n\t\t\t\t\t\t\t<div class=\"elementor-section-wrap\">\n\t\t\t\t\t\t\t<section class=\"elementor-section elementor-top-section elementor-element elementor-element-4eb1d62 elementor-section-boxed elementor-section-height-default elementor-section-height-default\" data-id=\"4eb1d62\" data-element_type=\"section\">\n\t\t\t\t\t\t<div class=\"elementor-container elementor-column-gap-extended\">\n\t\t\t\t\t\t\t<div class=\"elementor-row\">\n\t\t\t\t\t<div class=\"elementor-column elementor-col-66 elementor-top-column elementor-element elementor-element-c7cf5c7\" data-id=\"c7cf5c7\" data-element_type=\"column\">\n\t\t\t<div class=\"elementor-column-wrap elementor-element-populated\">\n\t\t\t\t\t\t\t<div class=\"elementor-widget-wrap\">\n\t\t\t\t\t\t<div class=\"elementor-element elementor-element-bf2f458 elementor-widget elementor-widget-heading\" data-id=\"bf2f458\" data-element_type=\"widget\" data-widget_type=\"heading.default\">\n\t\t\t\t<div class=\"elementor-widget-container\">\n\t\t\t<h5 class=\"elementor-heading-title elementor-size-default\">Toiles m\u00e9talliques pour filtres, passoires, tamis, sc\u00e9nographies, secteur chimique... <\/h5>\t\t<\/div>\n\t\t\t\t<\/div>\n\t\t\t\t<div class=\"elementor-element elementor-element-4ea1332 elementor-widget elementor-widget-text-editor\" data-id=\"4ea1332\" data-element_type=\"widget\" data-widget_type=\"text-editor.default\">\n\t\t\t\t<div class=\"elementor-widget-container\">\n\t\t\t\t\t<div class=\"elementor-text-editor elementor-clearfix\"><p>Les fils de cha\u00eene et de trame des<strong> toiles m\u00e9talliques \u00e0 tissu crois\u00e9<\/strong> se croisent de mani\u00e8re altern\u00e9e, deux dessous et deux dessus. Dans ce mode de tissage, les fils forment des angles diff\u00e9rents de 90\u00b0 par l&rsquo;effet de tensions non compens\u00e9es.<\/p><p>Il est g\u00e9n\u00e9ralement adopt\u00e9 pour les tissus extr\u00eamement fins, au-del\u00e0 du n\u00b0 220, ou quand on doit utiliser des fils de diam\u00e8tre \u00e9lev\u00e9 par rapport au vide de la maille.<\/p><\/div>\n\t\t\t\t<\/div>\n\t\t\t\t<\/div>\n\t\t\t\t\t\t<\/div>\n\t\t\t\t\t<\/div>\n\t\t<\/div>\n\t\t\t\t<div class=\"elementor-column elementor-col-33 elementor-top-column elementor-element elementor-element-6c0e406\" data-id=\"6c0e406\" data-element_type=\"column\">\n\t\t\t<div class=\"elementor-column-wrap elementor-element-populated\">\n\t\t\t\t\t\t\t<div class=\"elementor-widget-wrap\">\n\t\t\t\t\t\t<div class=\"elementor-element elementor-element-df2760d elementor-widget elementor-widget-image\" data-id=\"df2760d\" data-element_type=\"widget\" data-widget_type=\"image.default\">\n\t\t\t\t<div class=\"elementor-widget-container\">\n\t\t\t\t\t<div class=\"elementor-image\">\n\t\t\t\t\t\t\t\t\t\t<img width=\"517\" height=\"211\" src=\"https:\/\/www.actisfurio.com\/wp-content\/uploads\/2020\/07\/tessuto-crociato.png\" class=\"attachment-large size-large\" alt=\"\" loading=\"lazy\" srcset=\"https:\/\/www.actisfurio.com\/wp-content\/uploads\/2020\/07\/tessuto-crociato.png 517w, https:\/\/www.actisfurio.com\/wp-content\/uploads\/2020\/07\/tessuto-crociato-300x122.png 300w\" sizes=\"(max-width: 517px) 100vw, 517px\" \/>\t\t\t\t\t\t\t\t\t\t\t<\/div>\n\t\t\t\t<\/div>\n\t\t\t\t<\/div>\n\t\t\t\t\t\t<\/div>\n\t\t\t\t\t<\/div>\n\t\t<\/div>\n\t\t\t\t\t\t\t\t<\/div>\n\t\t\t\t\t<\/div>\n\t\t<\/section>\n\t\t\t\t<section class=\"elementor-section elementor-top-section elementor-element elementor-element-5e7e907 elementor-section-boxed elementor-section-height-default elementor-section-height-default\" data-id=\"5e7e907\" data-element_type=\"section\" data-settings=\"{&quot;background_background&quot;:&quot;classic&quot;}\">\n\t\t\t\t\t\t<div class=\"elementor-container elementor-column-gap-default\">\n\t\t\t\t\t\t\t<div class=\"elementor-row\">\n\t\t\t\t\t<div class=\"elementor-column elementor-col-100 elementor-top-column elementor-element elementor-element-de2163d\" data-id=\"de2163d\" data-element_type=\"column\">\n\t\t\t<div class=\"elementor-column-wrap elementor-element-populated\">\n\t\t\t\t\t\t\t<div class=\"elementor-widget-wrap\">\n\t\t\t\t\t\t<div class=\"elementor-element elementor-element-896034d elementor-widget elementor-widget-template\" data-id=\"896034d\" data-element_type=\"widget\" data-widget_type=\"template.default\">\n\t\t\t\t<div class=\"elementor-widget-container\">\n\t\t\t\t\t<div class=\"elementor-template\">\n\t\t\t\t\t<div data-elementor-type=\"section\" data-elementor-id=\"6040\" class=\"elementor elementor-6040 elementor-2634\" data-elementor-settings=\"[]\">\n\t\t<div class=\"elementor-section-wrap\">\n\t\t\t\t\t<section class=\"elementor-section elementor-top-section elementor-element elementor-element-6da12d90 elementor-section-boxed elementor-section-height-default elementor-section-height-default\" data-id=\"6da12d90\" data-element_type=\"section\" data-settings=\"{&quot;background_background&quot;:&quot;classic&quot;}\">\n\t\t\t\t\t\t<div class=\"elementor-container elementor-column-gap-default\">\n\t\t\t\t\t\t\t<div class=\"elementor-row\">\n\t\t\t\t\t<div class=\"elementor-column elementor-col-100 elementor-top-column elementor-element elementor-element-6b03f212\" data-id=\"6b03f212\" data-element_type=\"column\">\n\t\t\t<div class=\"elementor-column-wrap elementor-element-populated\">\n\t\t\t\t\t\t\t<div class=\"elementor-widget-wrap\">\n\t\t\t\t\t\t<div class=\"elementor-element elementor-element-5f62d164 elementor-widget elementor-widget-iheading\" data-id=\"5f62d164\" data-element_type=\"widget\" data-widget_type=\"iheading.default\">\n\t\t\t\t<div class=\"elementor-widget-container\">\n\t\t\t\t\t<div class=\"section-head\">\n\t        \t            <h6 class=\"text-primary\">DEMANDE DE RENSEIGNEMENTS ET DE PRIX<\/h6>\n\t        \t        <h2 class=\"section-title\">Contactez-nous d\u00e8s aujourd'hui <span class=\"text-primary\"><\/span><\/h2>\n\t        \t    <\/div>\n\t    \t\t<\/div>\n\t\t\t\t<\/div>\n\t\t\t\t<div class=\"elementor-element elementor-element-0662f57 elementor-widget elementor-widget-text-editor\" data-id=\"0662f57\" data-element_type=\"widget\" data-widget_type=\"text-editor.default\">\n\t\t\t\t<div class=\"elementor-widget-container\">\n\t\t\t\t\t<div class=\"elementor-text-editor elementor-clearfix\"><p>Pas de ventes aux particuliers<\/p><\/div>\n\t\t\t\t<\/div>\n\t\t\t\t<\/div>\n\t\t\t\t<div class=\"elementor-element elementor-element-23aa2e6b elementor-button-align-stretch elementor-widget elementor-widget-form\" data-id=\"23aa2e6b\" data-element_type=\"widget\" data-settings=\"{&quot;step_next_label&quot;:&quot;Successivo&quot;,&quot;step_previous_label&quot;:&quot;Precedente&quot;,&quot;button_width&quot;:&quot;100&quot;,&quot;step_type&quot;:&quot;number_text&quot;,&quot;step_icon_shape&quot;:&quot;circle&quot;}\" data-widget_type=\"form.default\">\n\t\t\t\t<div class=\"elementor-widget-container\">\n\t\t\t\t\t<form class=\"elementor-form\" method=\"post\" id=\"form-cat-prod\" name=\"Modulo pagine-FR\">\n\t\t\t<input type=\"hidden\" name=\"post_id\" value=\"6040\"\/>\n\t\t\t<input type=\"hidden\" name=\"form_id\" value=\"23aa2e6b\"\/>\n\n\t\t\t\n\t\t\t<div class=\"elementor-form-fields-wrapper elementor-labels-above\">\n\t\t\t\t\t\t\t\t<div class=\"elementor-field-type-text elementor-field-group elementor-column elementor-field-group-name elementor-col-25 elementor-field-required elementor-mark-required\">\n\t\t\t\t\t<label for=\"form-field-name\" class=\"elementor-field-label\">Pr\u00e9nom et Nom<\/label><input size=\"1\" type=\"text\" name=\"form_fields[name]\" id=\"form-field-name\" class=\"elementor-field elementor-size-sm  elementor-field-textual\" required=\"required\" aria-required=\"true\">\t\t\t\t<\/div>\n\t\t\t\t\t\t\t\t<div class=\"elementor-field-type-email elementor-field-group elementor-column elementor-field-group-email elementor-col-25 elementor-field-required elementor-mark-required\">\n\t\t\t\t\t<label for=\"form-field-email\" class=\"elementor-field-label\">Courrier \u00e9lectronique<\/label><input size=\"1\" type=\"email\" name=\"form_fields[email]\" id=\"form-field-email\" class=\"elementor-field elementor-size-sm  elementor-field-textual\" required=\"required\" aria-required=\"true\">\t\t\t\t<\/div>\n\t\t\t\t\t\t\t\t<div class=\"elementor-field-type-text elementor-field-group elementor-column elementor-field-group-telefono elementor-col-25\">\n\t\t\t\t\t<label for=\"form-field-telefono\" class=\"elementor-field-label\">N\u00ba de t\u00e9l\u00e9phone<\/label><input size=\"1\" type=\"text\" name=\"form_fields[telefono]\" id=\"form-field-telefono\" class=\"elementor-field elementor-size-sm  elementor-field-textual\">\t\t\t\t<\/div>\n\t\t\t\t\t\t\t\t<div class=\"elementor-field-type-text elementor-field-group elementor-column elementor-field-group-aziendaprivato elementor-col-25 elementor-field-required elementor-mark-required\">\n\t\t\t\t\t<label for=\"form-field-aziendaprivato\" class=\"elementor-field-label\">Soci\u00e9t\u00e9<\/label><input size=\"1\" type=\"text\" name=\"form_fields[aziendaprivato]\" id=\"form-field-aziendaprivato\" class=\"elementor-field elementor-size-sm  elementor-field-textual\" required=\"required\" aria-required=\"true\">\t\t\t\t<\/div>\n\t\t\t\t\t\t\t\t<div class=\"elementor-field-type-textarea elementor-field-group elementor-column elementor-field-group-message elementor-col-100\">\n\t\t\t\t\t<label for=\"form-field-message\" class=\"elementor-field-label\">Message<\/label><textarea class=\"elementor-field-textual elementor-field  elementor-size-sm\" name=\"form_fields[message]\" id=\"form-field-message\" rows=\"2\"><\/textarea>\t\t\t\t<\/div>\n\t\t\t\t\t\t\t\t<div class=\"elementor-field-type-acceptance elementor-field-group elementor-column elementor-field-group-privacy elementor-col-100 elementor-field-required elementor-mark-required\">\n\t\t\t\t\t<div class=\"elementor-field-subgroup\"><span class=\"elementor-field-option\"><input type=\"checkbox\" name=\"form_fields[privacy]\" id=\"form-field-privacy\" class=\"elementor-field elementor-size-sm  elementor-acceptance-field\" required=\"required\" aria-required=\"true\"> <label for=\"form-field-privacy\">* <small>J'autorise le traitement de mes donn\u00e9es personnelles conform\u00e9ment \u00e0 votre <a href=\"https:\/\/www.actisfurio.com\/fr\/politiques-de-confidentialite-et-cookies\/\">politique de confidentialit\u00e9<\/a><\/small><\/label><\/span><\/div>\t\t\t\t<\/div>\n\t\t\t\t\t\t\t\t<div class=\"elementor-field-type-text\">\n\t\t\t\t\t<input size=\"1\" type=\"text\" name=\"form_fields[field_9f60486]\" id=\"form-field-field_9f60486\" class=\"elementor-field elementor-size-sm \" style=\"display:none !important;\">\t\t\t\t<\/div>\n\t\t\t\t\t\t\t\t<div class=\"elementor-field-type-hidden elementor-field-group elementor-column elementor-field-group-idcontatto elementor-col-100\">\n\t\t\t\t\t<input size=\"1\" type=\"hidden\" name=\"form_fields[idcontatto]\" id=\"form-field-idcontatto\" class=\"elementor-field elementor-size-sm  elementor-field-textual\">\t\t\t\t<\/div>\n\t\t\t\t\t\t\t\t<div class=\"elementor-field-group elementor-column elementor-field-type-submit elementor-col-100 e-form__buttons\">\n\t\t\t\t\t<button type=\"submit\" class=\"elementor-button elementor-size-md\">\n\t\t\t\t\t\t<span >\n\t\t\t\t\t\t\t\t\t\t\t\t\t\t\t<span class=\" elementor-button-icon\">\n\t\t\t\t\t\t\t\t\t\t\t\t\t\t\t\t\t\t\t\t\t\t\t\t\t\t<\/span>\n\t\t\t\t\t\t\t\t\t\t\t\t\t\t\t\t\t\t\t\t\t\t<span class=\"elementor-button-text\">Envoyer<\/span>\n\t\t\t\t\t\t\t\t\t\t\t\t\t<\/span>\n\t\t\t\t\t<\/button>\n\t\t\t\t<\/div>\n\t\t\t<\/div>\n\t\t<\/form>\n\t\t\t\t<\/div>\n\t\t\t\t<\/div>\n\t\t\t\t\t\t<\/div>\n\t\t\t\t\t<\/div>\n\t\t<\/div>\n\t\t\t\t\t\t\t\t<\/div>\n\t\t\t\t\t<\/div>\n\t\t<\/section>\n\t\t\t\t<\/div>\n\t\t<\/div>\n\t\t\t\t<\/div>\n\t\t\t\t<\/div>\n\t\t\t\t<\/div>\n\t\t\t\t\t\t<\/div>\n\t\t\t\t\t<\/div>\n\t\t<\/div>\n\t\t\t\t\t\t\t\t<\/div>\n\t\t\t\t\t<\/div>\n\t\t<\/section>\n\t\t\t\t\t\t<\/div>\n\t\t\t\t\t\t<\/div>\n\t\t\t\t\t<\/div>\n\t\t","protected":false},"excerpt":{"rendered":"<p>Toiles m\u00e9talliques pour filtres, passoires, tamis, sc\u00e9nographies, secteur chimique&#8230; Les fils de cha\u00eene et de trame des toiles m\u00e9talliques \u00e0 tissu crois\u00e9 se croisent de mani\u00e8re altern\u00e9e, deux dessous et deux dessus. Dans ce mode de tissage, les fils forment des angles diff\u00e9rents de 90\u00b0 par l&rsquo;effet de tensions non compens\u00e9es. Il est g\u00e9n\u00e9ralement adopt\u00e9 [&hellip;]<\/p>\n","protected":false},"author":1,"featured_media":3178,"parent":5983,"menu_order":0,"comment_status":"closed","ping_status":"closed","template":"","meta":[],"yoast_head":"<!-- This site is optimized with the Yoast SEO plugin v17.6 - https:\/\/yoast.com\/wordpress\/plugins\/seo\/ -->\n<title>Tissu Crois\u00e9 - Actis Furio<\/title>\n<meta name=\"robots\" content=\"index, follow, max-snippet:-1, max-image-preview:large, max-video-preview:-1\" \/>\n<link rel=\"canonical\" href=\"https:\/\/www.actisfurio.com\/fr\/produits\/toiles-metalliques\/tissu-croise\/\" \/>\n<meta property=\"og:locale\" content=\"fr_FR\" \/>\n<meta property=\"og:type\" content=\"article\" \/>\n<meta property=\"og:title\" content=\"Tissu Crois\u00e9 - Actis Furio\" \/>\n<meta property=\"og:description\" content=\"Toiles m\u00e9talliques pour filtres, passoires, tamis, sc\u00e9nographies, secteur chimique&#8230; Les fils de cha\u00eene et de trame des toiles m\u00e9talliques \u00e0 tissu crois\u00e9 se croisent de mani\u00e8re altern\u00e9e, deux dessous et deux dessus. Dans ce mode de tissage, les fils forment des angles diff\u00e9rents de 90\u00b0 par l&rsquo;effet de tensions non compens\u00e9es. Il est g\u00e9n\u00e9ralement adopt\u00e9 [&hellip;]\" \/>\n<meta property=\"og:url\" content=\"https:\/\/www.actisfurio.com\/fr\/produits\/toiles-metalliques\/tissu-croise\/\" \/>\n<meta property=\"og:site_name\" content=\"Actis Furio\" \/>\n<meta property=\"article:publisher\" content=\"https:\/\/www.facebook.com\/actisfurio\/\" \/>\n<meta property=\"article:modified_time\" content=\"2020-11-06T11:39:08+00:00\" \/>\n<meta property=\"og:image\" content=\"https:\/\/www.actisfurio.com\/wp-content\/uploads\/2020\/06\/tele-metalliche.jpg\" \/>\n\t<meta property=\"og:image:width\" content=\"1200\" \/>\n\t<meta property=\"og:image:height\" content=\"800\" \/>\n<meta name=\"twitter:card\" content=\"summary_large_image\" \/>\n<script type=\"application\/ld+json\" class=\"yoast-schema-graph\">{\"@context\":\"https:\/\/schema.org\",\"@graph\":[{\"@type\":\"Organization\",\"@id\":\"https:\/\/www.actisfurio.com\/#organization\",\"name\":\"Actis Furio S.r.l.\",\"url\":\"https:\/\/www.actisfurio.com\/\",\"sameAs\":[\"https:\/\/www.facebook.com\/actisfurio\/\",\"https:\/\/www.youtube.com\/channel\/UCRnAgFJIsFSmzi1HJ9jwQZA\"],\"logo\":{\"@type\":\"ImageObject\",\"@id\":\"https:\/\/www.actisfurio.com\/#logo\",\"inLanguage\":\"fr-FR\",\"url\":\"https:\/\/www.actisfurio.com\/wp-content\/uploads\/2020\/04\/logo-Actis-Blu-400x160-1.png\",\"contentUrl\":\"https:\/\/www.actisfurio.com\/wp-content\/uploads\/2020\/04\/logo-Actis-Blu-400x160-1.png\",\"width\":400,\"height\":157,\"caption\":\"Actis Furio S.r.l.\"},\"image\":{\"@id\":\"https:\/\/www.actisfurio.com\/#logo\"}},{\"@type\":\"WebSite\",\"@id\":\"https:\/\/www.actisfurio.com\/#website\",\"url\":\"https:\/\/www.actisfurio.com\/\",\"name\":\"Actis Furio\",\"description\":\"Lamiere forate e reti metalliche\",\"publisher\":{\"@id\":\"https:\/\/www.actisfurio.com\/#organization\"},\"potentialAction\":[{\"@type\":\"SearchAction\",\"target\":{\"@type\":\"EntryPoint\",\"urlTemplate\":\"https:\/\/www.actisfurio.com\/?s={search_term_string}\"},\"query-input\":\"required name=search_term_string\"}],\"inLanguage\":\"fr-FR\"},{\"@type\":\"ImageObject\",\"@id\":\"https:\/\/www.actisfurio.com\/fr\/produits\/toiles-metalliques\/tissu-croise\/#primaryimage\",\"inLanguage\":\"fr-FR\",\"url\":\"https:\/\/www.actisfurio.com\/wp-content\/uploads\/2020\/06\/tele-metalliche.jpg\",\"contentUrl\":\"https:\/\/www.actisfurio.com\/wp-content\/uploads\/2020\/06\/tele-metalliche.jpg\",\"width\":1200,\"height\":800},{\"@type\":\"WebPage\",\"@id\":\"https:\/\/www.actisfurio.com\/fr\/produits\/toiles-metalliques\/tissu-croise\/#webpage\",\"url\":\"https:\/\/www.actisfurio.com\/fr\/produits\/toiles-metalliques\/tissu-croise\/\",\"name\":\"Tissu Crois\\u00e9 - Actis Furio\",\"isPartOf\":{\"@id\":\"https:\/\/www.actisfurio.com\/#website\"},\"primaryImageOfPage\":{\"@id\":\"https:\/\/www.actisfurio.com\/fr\/produits\/toiles-metalliques\/tissu-croise\/#primaryimage\"},\"datePublished\":\"2020-11-05T11:04:28+00:00\",\"dateModified\":\"2020-11-06T11:39:08+00:00\",\"breadcrumb\":{\"@id\":\"https:\/\/www.actisfurio.com\/fr\/produits\/toiles-metalliques\/tissu-croise\/#breadcrumb\"},\"inLanguage\":\"fr-FR\",\"potentialAction\":[{\"@type\":\"ReadAction\",\"target\":[\"https:\/\/www.actisfurio.com\/fr\/produits\/toiles-metalliques\/tissu-croise\/\"]}]},{\"@type\":\"BreadcrumbList\",\"@id\":\"https:\/\/www.actisfurio.com\/fr\/produits\/toiles-metalliques\/tissu-croise\/#breadcrumb\",\"itemListElement\":[{\"@type\":\"ListItem\",\"position\":1,\"name\":\"Home\",\"item\":\"https:\/\/www.actisfurio.com\/fr\/\"},{\"@type\":\"ListItem\",\"position\":2,\"name\":\"Produits\",\"item\":\"https:\/\/www.actisfurio.com\/fr\/produits\/\"},{\"@type\":\"ListItem\",\"position\":3,\"name\":\"Toiles M\\u00e9talliques\",\"item\":\"https:\/\/www.actisfurio.com\/fr\/produits\/toiles-metalliques\/\"},{\"@type\":\"ListItem\",\"position\":4,\"name\":\"Tissu Crois\\u00e9\"}]}]}<\/script>\n<!-- \/ Yoast SEO plugin. -->","yoast_head_json":{"title":"Tissu Crois\u00e9 - Actis Furio","robots":{"index":"index","follow":"follow","max-snippet":"max-snippet:-1","max-image-preview":"max-image-preview:large","max-video-preview":"max-video-preview:-1"},"canonical":"https:\/\/www.actisfurio.com\/fr\/produits\/toiles-metalliques\/tissu-croise\/","og_locale":"fr_FR","og_type":"article","og_title":"Tissu Crois\u00e9 - Actis Furio","og_description":"Toiles m\u00e9talliques pour filtres, passoires, tamis, sc\u00e9nographies, secteur chimique&#8230; Les fils de cha\u00eene et de trame des toiles m\u00e9talliques \u00e0 tissu crois\u00e9 se croisent de mani\u00e8re altern\u00e9e, deux dessous et deux dessus. Dans ce mode de tissage, les fils forment des angles diff\u00e9rents de 90\u00b0 par l&rsquo;effet de tensions non compens\u00e9es. Il est g\u00e9n\u00e9ralement adopt\u00e9 [&hellip;]","og_url":"https:\/\/www.actisfurio.com\/fr\/produits\/toiles-metalliques\/tissu-croise\/","og_site_name":"Actis Furio","article_publisher":"https:\/\/www.facebook.com\/actisfurio\/","article_modified_time":"2020-11-06T11:39:08+00:00","og_image":[{"width":1200,"height":800,"url":"https:\/\/www.actisfurio.com\/wp-content\/uploads\/2020\/06\/tele-metalliche.jpg","type":"image\/jpeg"}],"twitter_card":"summary_large_image","schema":{"@context":"https:\/\/schema.org","@graph":[{"@type":"Organization","@id":"https:\/\/www.actisfurio.com\/#organization","name":"Actis Furio S.r.l.","url":"https:\/\/www.actisfurio.com\/","sameAs":["https:\/\/www.facebook.com\/actisfurio\/","https:\/\/www.youtube.com\/channel\/UCRnAgFJIsFSmzi1HJ9jwQZA"],"logo":{"@type":"ImageObject","@id":"https:\/\/www.actisfurio.com\/#logo","inLanguage":"fr-FR","url":"https:\/\/www.actisfurio.com\/wp-content\/uploads\/2020\/04\/logo-Actis-Blu-400x160-1.png","contentUrl":"https:\/\/www.actisfurio.com\/wp-content\/uploads\/2020\/04\/logo-Actis-Blu-400x160-1.png","width":400,"height":157,"caption":"Actis Furio S.r.l."},"image":{"@id":"https:\/\/www.actisfurio.com\/#logo"}},{"@type":"WebSite","@id":"https:\/\/www.actisfurio.com\/#website","url":"https:\/\/www.actisfurio.com\/","name":"Actis Furio","description":"Lamiere forate e reti metalliche","publisher":{"@id":"https:\/\/www.actisfurio.com\/#organization"},"potentialAction":[{"@type":"SearchAction","target":{"@type":"EntryPoint","urlTemplate":"https:\/\/www.actisfurio.com\/?s={search_term_string}"},"query-input":"required name=search_term_string"}],"inLanguage":"fr-FR"},{"@type":"ImageObject","@id":"https:\/\/www.actisfurio.com\/fr\/produits\/toiles-metalliques\/tissu-croise\/#primaryimage","inLanguage":"fr-FR","url":"https:\/\/www.actisfurio.com\/wp-content\/uploads\/2020\/06\/tele-metalliche.jpg","contentUrl":"https:\/\/www.actisfurio.com\/wp-content\/uploads\/2020\/06\/tele-metalliche.jpg","width":1200,"height":800},{"@type":"WebPage","@id":"https:\/\/www.actisfurio.com\/fr\/produits\/toiles-metalliques\/tissu-croise\/#webpage","url":"https:\/\/www.actisfurio.com\/fr\/produits\/toiles-metalliques\/tissu-croise\/","name":"Tissu Crois\u00e9 - Actis Furio","isPartOf":{"@id":"https:\/\/www.actisfurio.com\/#website"},"primaryImageOfPage":{"@id":"https:\/\/www.actisfurio.com\/fr\/produits\/toiles-metalliques\/tissu-croise\/#primaryimage"},"datePublished":"2020-11-05T11:04:28+00:00","dateModified":"2020-11-06T11:39:08+00:00","breadcrumb":{"@id":"https:\/\/www.actisfurio.com\/fr\/produits\/toiles-metalliques\/tissu-croise\/#breadcrumb"},"inLanguage":"fr-FR","potentialAction":[{"@type":"ReadAction","target":["https:\/\/www.actisfurio.com\/fr\/produits\/toiles-metalliques\/tissu-croise\/"]}]},{"@type":"BreadcrumbList","@id":"https:\/\/www.actisfurio.com\/fr\/produits\/toiles-metalliques\/tissu-croise\/#breadcrumb","itemListElement":[{"@type":"ListItem","position":1,"name":"Home","item":"https:\/\/www.actisfurio.com\/fr\/"},{"@type":"ListItem","position":2,"name":"Produits","item":"https:\/\/www.actisfurio.com\/fr\/produits\/"},{"@type":"ListItem","position":3,"name":"Toiles M\u00e9talliques","item":"https:\/\/www.actisfurio.com\/fr\/produits\/toiles-metalliques\/"},{"@type":"ListItem","position":4,"name":"Tissu Crois\u00e9"}]}]}},"_links":{"self":[{"href":"https:\/\/www.actisfurio.com\/fr\/wp-json\/wp\/v2\/pages\/5985"}],"collection":[{"href":"https:\/\/www.actisfurio.com\/fr\/wp-json\/wp\/v2\/pages"}],"about":[{"href":"https:\/\/www.actisfurio.com\/fr\/wp-json\/wp\/v2\/types\/page"}],"author":[{"embeddable":true,"href":"https:\/\/www.actisfurio.com\/fr\/wp-json\/wp\/v2\/users\/1"}],"replies":[{"embeddable":true,"href":"https:\/\/www.actisfurio.com\/fr\/wp-json\/wp\/v2\/comments?post=5985"}],"version-history":[{"count":4,"href":"https:\/\/www.actisfurio.com\/fr\/wp-json\/wp\/v2\/pages\/5985\/revisions"}],"predecessor-version":[{"id":6137,"href":"https:\/\/www.actisfurio.com\/fr\/wp-json\/wp\/v2\/pages\/5985\/revisions\/6137"}],"up":[{"embeddable":true,"href":"https:\/\/www.actisfurio.com\/fr\/wp-json\/wp\/v2\/pages\/5983"}],"wp:featuredmedia":[{"embeddable":true,"href":"https:\/\/www.actisfurio.com\/fr\/wp-json\/wp\/v2\/media\/3178"}],"wp:attachment":[{"href":"https:\/\/www.actisfurio.com\/fr\/wp-json\/wp\/v2\/media?parent=5985"}],"curies":[{"name":"wp","href":"https:\/\/api.w.org\/{rel}","templated":true}]}}